{"id":783,"date":"2024-05-23T20:01:36","date_gmt":"2024-05-23T20:01:36","guid":{"rendered":"https:\/\/staging.responsivedeployment.com\/?page_id=783"},"modified":"2024-07-19T21:57:59","modified_gmt":"2024-07-19T21:57:59","slug":"mobile-assets","status":"publish","type":"page","link":"https:\/\/responsivedeployment.com\/es\/what-we-do\/mobile-assets\/","title":{"rendered":"Activos m\u00f3viles"},"content":{"rendered":"<div data-elementor-type=\"wp-page\" data-elementor-id=\"783\" class=\"elementor elementor-783\" data-elementor-post-type=\"page\">\n\t\t\t\t<div class=\"elementor-element elementor-element-1086302 e-con-full e-flex e-con e-parent\" data-id=\"1086302\" data-element_type=\"container\" data-settings=\"{&quot;background_background&quot;:&quot;classic&quot;}\">\n\t\t<div class=\"elementor-element elementor-element-2f160556 e-con-full e-flex e-con e-child\" data-id=\"2f160556\" data-element_type=\"container\" data-settings=\"{&quot;background_background&quot;:&quot;classic&quot;}\">\n\t\t\t\t<\/div>\n\t\t<div class=\"elementor-element elementor-element-1f589b67 e-con-full e-flex e-con e-child\" data-id=\"1f589b67\" data-element_type=\"container\">\n\t\t<div class=\"elementor-element elementor-element-2fada431 e-con-full e-flex e-con e-child\" data-id=\"2fada431\" data-element_type=\"container\" data-settings=\"{&quot;background_background&quot;:&quot;classic&quot;}\">\n\t\t\t\t<\/div>\n\t\t\t\t<\/div>\n\t\t\t\t<\/div>\n\t\t<div class=\"elementor-element elementor-element-4d115152 e-flex e-con-boxed e-con e-parent\" data-id=\"4d115152\" data-element_type=\"container\" data-settings=\"{&quot;background_background&quot;:&quot;classic&quot;}\">\n\t\t\t\t\t<div class=\"e-con-inner\">\n\t\t\t\t<div class=\"elementor-element elementor-element-4b671a3d elementor-widget-mobile__width-inherit elementor-widget elementor-widget-heading\" data-id=\"4b671a3d\" data-element_type=\"widget\" data-widget_type=\"heading.default\">\n\t\t\t\t<div class=\"elementor-widget-container\">\n\t\t\t<style>\/*! elementor - v3.23.0 - 05-08-2024 *\/\n.elementor-heading-title{padding:0;margin:0;line-height:1}.elementor-widget-heading .elementor-heading-title[class*=elementor-size-]>a{color:inherit;font-size:inherit;line-height:inherit}.elementor-widget-heading .elementor-heading-title.elementor-size-small{font-size:15px}.elementor-widget-heading .elementor-heading-title.elementor-size-medium{font-size:19px}.elementor-widget-heading .elementor-heading-title.elementor-size-large{font-size:29px}.elementor-widget-heading .elementor-heading-title.elementor-size-xl{font-size:39px}.elementor-widget-heading .elementor-heading-title.elementor-size-xxl{font-size:59px}<\/style><h2 class=\"elementor-heading-title elementor-size-default\">QU\u00c9 HACEMOS<\/h2>\t\t<\/div>\n\t\t\t\t<\/div>\n\t\t\t\t\t<\/div>\n\t\t\t\t<\/div>\n\t\t<div class=\"elementor-element elementor-element-2f120f94 e-flex e-con-boxed e-con e-parent\" data-id=\"2f120f94\" data-element_type=\"container\">\n\t\t\t\t\t<div class=\"e-con-inner\">\n\t\t<div class=\"elementor-element elementor-element-980ef4f e-con-full e-flex e-con e-child\" data-id=\"980ef4f\" data-element_type=\"container\">\n\t\t<div class=\"elementor-element elementor-element-9c02a42 e-con-full e-flex e-con e-child\" data-id=\"9c02a42\" data-element_type=\"container\" data-settings=\"{&quot;background_background&quot;:&quot;classic&quot;}\">\n\t\t<div class=\"elementor-element elementor-element-ae34d55 e-flex e-con-boxed e-con e-child\" data-id=\"ae34d55\" data-element_type=\"container\">\n\t\t\t\t\t<div class=\"e-con-inner\">\n\t\t\t\t<div class=\"elementor-element elementor-element-8aa0357 elementor-view-stacked elementor-hidden-mobile elementor-shape-circle elementor-widget elementor-widget-icon\" data-id=\"8aa0357\" data-element_type=\"widget\" data-widget_type=\"icon.default\">\n\t\t\t\t<div class=\"elementor-widget-container\">\n\t\t\t\t\t<div class=\"elementor-icon-wrapper\">\n\t\t\t<div class=\"elementor-icon\">\n\t\t\t<svg xmlns=\"http:\/\/www.w3.org\/2000\/svg\" id=\"Layer_1\" viewbox=\"0 0 465.35 465.31\"><defs><style>.cls-1{fill:#fff;stroke-width:0px;}<\/style><\/defs><g id=\"xU7IFE\"><path class=\"cls-1\" d=\"M150.59,341.79c-16.06-20.99-17.9-42.5-4.21-65.19-13.69-7.16-27.29-14.1-40.68-21.39-4.19-2.28-7.12-2.69-11.62.21-24.6,15.84-58.28,12.69-79.1-6.8-19.22-18-20.03-45.28-1.9-64.43,24.38-25.75,70.85-24.75,93.85,2.16,10.73,12.56,13.86,26.92,8.95,43.16,1.14.71,2.21,1.48,3.37,2.09,14.74,7.72,29.52,15.36,44.2,23.19,2.57,1.37,4.34,1.22,6.96-.16,7.99-4.23,16.25-7.92,24.63-11.93-.72-1.19-1.7-2.86-2.72-4.51-16.73-27.02-34.01-53.7-50.07-81.11-36.06-61.54-.76-140.24,68.98-154.82,59.49-12.44,116.8,28.08,125.16,88.55,3.2,23.13-.75,45.1-12.69,65.12-16.2,27.15-33.15,53.86-49.78,80.75-1.27,2.05-2.52,4.12-3.9,6.36,6.17,2.62,12.8,4.31,18.07,7.96,7.66,5.3,13.82,4.52,21.51-.07,12.82-7.64,26.37-14.08,39.81-21.13-2.44-8.52-3.25-16.85-.84-25.26,4.49-15.63,14.82-26.31,29.28-32.74,22.31-9.92,44.33-8.74,64.95,4.62,29.69,19.23,29.93,57.61.81,77.7-21.96,15.15-52.8,15.11-74.86,0-1.19-.81-3.28-1.7-4.27-1.2-15.21,7.74-30.31,15.71-45.58,23.7,13.69,22.71,11.83,44.22-4.17,65.14,18.31,11.51,36.46,22.93,54.74,34.43,12.42-7.92,25.99-11.62,40.61-10.65,18.5,1.24,34.43,8.09,45.94,23.14,12.62,16.51,12.34,37.34-.28,53.85-23.71,31.01-77.61,30.2-100.19-1.59-8.85-12.45-10.92-26.07-5.58-40.48,1.12-3.01.33-4.19-2.1-5.7-17.61-10.94-35.16-21.97-52.66-33.08-2.16-1.37-3.76-1.42-6.12-.31-37.62,17.71-75.29,17.77-112.99.09-1.46-.68-3.93-.85-5.19-.07-18.54,11.44-36.96,23.09-55.4,34.69-.37.23-.66.59-1.12,1.01.93,3.14,2.11,6.25,2.77,9.47,3.05,14.91-1.22,27.81-11.14,39.02-24.25,27.4-73.64,25.98-96.24-2.74-15.8-20.09-12.15-47.02,8.63-63.64,20.38-16.31,50.72-18.46,73.84-5.02,2.78,1.62,4.59,1.46,7.22-.22,16.82-10.74,33.76-21.29,51.12-32.18ZM232.74,251.47c23.13-37.48,46.05-73.98,68.24-110.92,8.76-14.57,11.12-31.04,8.01-47.82-5.55-29.92-22.3-51.27-51.33-61-29.01-9.73-55.84-4.06-78.29,17.04-27.45,25.81-31.88,65.15-11.7,97.92,18.95,30.78,38.11,61.44,57.17,92.14,2.45,3.95,4.93,7.89,7.89,12.63ZM233.71,347.33c3.27-.26,7.97-.4,12.61-1.04,16.15-2.21,31.32-7,43.62-18.29,14.43-13.24,14.47-29.57.28-43-9.27-8.77-20.61-13.6-32.82-16.5-1.24-.3-3.48.76-4.27,1.89-3.04,4.32-5.6,8.97-8.49,13.4-6.32,9.67-17.8,9.58-24.1-.18-2.78-4.32-5.31-8.81-8.21-13.04-.76-1.11-2.71-2.43-3.75-2.18-14.98,3.6-28.77,9.52-38.43,22.23-4.87,6.41-6.98,13.68-4.8,21.77,2.47,9.17,8.67,15.46,16.2,20.55,15.31,10.35,32.62,13.83,52.17,14.39ZM59.21,192.74c-9.46.28-18.39,2.6-25.57,9.45-8.51,8.11-8.44,18.5.02,26.67,12.91,12.46,38.24,12.37,51.05-.19,8.2-8.04,8.25-18.4-.05-26.37-7.03-6.75-15.77-9.17-25.45-9.55ZM406.38,192.74c-9.47.28-18.4,2.58-25.59,9.42-8.53,8.1-8.48,18.49-.03,26.67,12.89,12.48,38.22,12.41,51.05-.14,8.22-8.04,8.29-18.39,0-26.37-7.02-6.76-15.76-9.19-25.43-9.58ZM58.72,438.15c10.07-.33,19.24-2.81,26.48-10.14,7.5-7.6,7.52-17.32.22-25.07-12.82-13.6-39.77-13.62-52.65-.04-7.33,7.73-7.35,17.43.13,25.07,7.09,7.24,16.12,9.71,25.82,10.18ZM408.13,392.7c-11.67-.06-21.35,3.47-27.42,9.38-8.42,8.19-8.38,18.53.1,26.69,12.93,12.45,38.26,12.33,51.05-.25,8.18-8.05,8.2-18.41-.1-26.37-7.04-6.74-15.79-9.15-23.62-9.45Z\"><\/path><path class=\"cls-1\" d=\"M232.43,154.62c-27.46-.1-49.87-22.7-49.77-50.19.1-27.46,22.69-49.86,50.19-49.76,27.49.1,49.86,22.66,49.76,50.18-.1,27.48-22.68,49.87-50.19,49.76ZM232.48,127.33c12.38.07,22.66-9.97,22.85-22.3.18-12.59-9.98-22.99-22.53-23.07-12.4-.08-22.67,9.95-22.84,22.3-.18,12.58,9.99,23,22.53,23.07Z\"><\/path><\/g><\/svg>\t\t\t<\/div>\n\t\t<\/div>\n\t\t\t\t<\/div>\n\t\t\t\t<\/div>\n\t\t\t\t\t<\/div>\n\t\t\t\t<\/div>\n\t\t\t\t<\/div>\n\t\t\t\t<\/div>\n\t\t<div class=\"elementor-element elementor-element-7b1a5cf2 e-con-full e-flex e-con e-child\" data-id=\"7b1a5cf2\" data-element_type=\"container\">\n\t\t\t\t<div class=\"elementor-element elementor-element-3d958bff elementor-widget elementor-widget-text-editor\" data-id=\"3d958bff\" data-element_type=\"widget\" data-widget_type=\"text-editor.default\">\n\t\t\t\t<div class=\"elementor-widget-container\">\n\t\t\t<style>\/*! elementor - v3.23.0 - 05-08-2024 *\/\n.elementor-widget-text-editor.elementor-drop-cap-view-stacked .elementor-drop-cap{background-color:#69727d;color:#fff}.elementor-widget-text-editor.elementor-drop-cap-view-framed .elementor-drop-cap{color:#69727d;border:3px solid;background-color:transparent}.elementor-widget-text-editor:not(.elementor-drop-cap-view-default) .elementor-drop-cap{margin-top:8px}.elementor-widget-text-editor:not(.elementor-drop-cap-view-default) .elementor-drop-cap-letter{width:1em;height:1em}.elementor-widget-text-editor .elementor-drop-cap{float:left;text-align:center;line-height:1;font-size:50px}.elementor-widget-text-editor .elementor-drop-cap-letter{display:inline-block}<\/style>\t\t\t\tEn RD, nos especializamos en ofrecer una amplia gama de Unidades M\u00f3viles personalizadas para satisfacer diversas necesidades operativas. Nuestras soluciones proporcionan movilidad, flexibilidad y eficiencia en diversas aplicaciones, desde veh\u00edculos hasta recursos port\u00e1tiles. Gracias a nuestra amplia experiencia, comprendemos los requisitos espec\u00edficos de sectores como la ayuda en caso de cat\u00e1strofe, la gesti\u00f3n de emergencias y la construcci\u00f3n. \t\t\t\t\t\t<\/div>\n\t\t\t\t<\/div>\n\t\t\t\t<\/div>\n\t\t\t\t\t<\/div>\n\t\t\t\t<\/div>\n\t\t<div class=\"elementor-element elementor-element-699e4a35 e-con-full e-flex e-con e-parent\" data-id=\"699e4a35\" data-element_type=\"container\" data-settings=\"{&quot;background_background&quot;:&quot;classic&quot;}\">\n\t\t<div class=\"elementor-element elementor-element-c13fce e-con-full e-flex e-con e-child\" data-id=\"c13fce\" data-element_type=\"container\">\n\t\t<div class=\"elementor-element elementor-element-1f7ac765 e-con-full e-flex e-con e-child\" data-id=\"1f7ac765\" data-element_type=\"container\">\n\t\t<div class=\"elementor-element elementor-element-673d8cbd e-con-full e-flex e-con e-child\" data-id=\"673d8cbd\" data-element_type=\"container\" data-settings=\"{&quot;background_background&quot;:&quot;classic&quot;}\">\n\t\t\t\t<div class=\"elementor-element elementor-element-554631fa elementor-widget elementor-widget-spacer\" data-id=\"554631fa\" data-element_type=\"widget\" data-widget_type=\"spacer.default\">\n\t\t\t\t<div class=\"elementor-widget-container\">\n\t\t\t<style>\/*! elementor - v3.23.0 - 05-08-2024 *\/\n.elementor-column .elementor-spacer-inner{height:var(--spacer-size)}.e-con{--container-widget-width:100%}.e-con-inner>.elementor-widget-spacer,.e-con>.elementor-widget-spacer{width:var(--container-widget-width,var(--spacer-size));--align-self:var(--container-widget-align-self,initial);--flex-shrink:0}.e-con-inner>.elementor-widget-spacer>.elementor-widget-container,.e-con>.elementor-widget-spacer>.elementor-widget-container{height:100%;width:100%}.e-con-inner>.elementor-widget-spacer>.elementor-widget-container>.elementor-spacer,.e-con>.elementor-widget-spacer>.elementor-widget-container>.elementor-spacer{height:100%}.e-con-inner>.elementor-widget-spacer>.elementor-widget-container>.elementor-spacer>.elementor-spacer-inner,.e-con>.elementor-widget-spacer>.elementor-widget-container>.elementor-spacer>.elementor-spacer-inner{height:var(--container-widget-height,var(--spacer-size))}.e-con-inner>.elementor-widget-spacer.elementor-widget-empty,.e-con>.elementor-widget-spacer.elementor-widget-empty{position:relative;min-height:22px;min-width:22px}.e-con-inner>.elementor-widget-spacer.elementor-widget-empty .elementor-widget-empty-icon,.e-con>.elementor-widget-spacer.elementor-widget-empty .elementor-widget-empty-icon{position:absolute;top:0;bottom:0;left:0;right:0;margin:auto;padding:0;width:22px;height:22px}<\/style>\t\t<div class=\"elementor-spacer\">\n\t\t\t<div class=\"elementor-spacer-inner\"><\/div>\n\t\t<\/div>\n\t\t\t\t<\/div>\n\t\t\t\t<\/div>\n\t\t\t\t<\/div>\n\t\t\t\t<\/div>\n\t\t\t\t<\/div>\n\t\t<div class=\"elementor-element elementor-element-5fcbcd47 e-flex e-con-boxed e-con e-child\" data-id=\"5fcbcd47\" data-element_type=\"container\">\n\t\t\t\t\t<div class=\"e-con-inner\">\n\t\t\t\t<div class=\"elementor-element elementor-element-dd81d2e elementor-widget elementor-widget-spacer\" data-id=\"dd81d2e\" data-element_type=\"widget\" data-widget_type=\"spacer.default\">\n\t\t\t\t<div class=\"elementor-widget-container\">\n\t\t\t\t\t<div class=\"elementor-spacer\">\n\t\t\t<div class=\"elementor-spacer-inner\"><\/div>\n\t\t<\/div>\n\t\t\t\t<\/div>\n\t\t\t\t<\/div>\n\t\t\t\t\t<\/div>\n\t\t\t\t<\/div>\n\t\t\t\t<\/div>\n\t\t<div class=\"elementor-element elementor-element-246419b7 e-flex e-con-boxed e-con e-parent\" data-id=\"246419b7\" data-element_type=\"container\" data-settings=\"{&quot;background_background&quot;:&quot;classic&quot;}\">\n\t\t\t\t\t<div class=\"e-con-inner\">\n\t\t<div class=\"elementor-element elementor-element-50347e18 e-con-full e-flex e-con e-child\" data-id=\"50347e18\" data-element_type=\"container\">\n\t\t\t\t<div class=\"elementor-element elementor-element-184e110f elementor-widget elementor-widget-heading\" data-id=\"184e110f\" data-element_type=\"widget\" data-widget_type=\"heading.default\">\n\t\t\t\t<div class=\"elementor-widget-container\">\n\t\t\t<h2 class=\"elementor-heading-title elementor-size-default\">Despliegue r\u00e1pido de medios m\u00f3viles de respuesta a emergencias\n<\/h2>\t\t<\/div>\n\t\t\t\t<\/div>\n\t\t\t\t<div class=\"elementor-element elementor-element-3d7a4153 elementor-widget elementor-widget-text-editor\" data-id=\"3d7a4153\" data-element_type=\"widget\" data-widget_type=\"text-editor.default\">\n\t\t\t\t<div class=\"elementor-widget-container\">\n\t\t\t\t\t\t\t<p>Nuestras unidades m\u00f3viles, que abarcan centros m\u00e9dicos y de mando e instalaciones de apoyo esenciales, garantizan la prestaci\u00f3n de servicios cr\u00edticos precisamente cuando se necesitan. Permiten a las organizaciones adaptarse r\u00e1pidamente y optimizar los recursos, mejorando la eficiencia y la eficacia operativa.\u00a0<\/p>\t\t\t\t\t\t<\/div>\n\t\t\t\t<\/div>\n\t\t\t\t<div class=\"elementor-element elementor-element-50b4af87 elementor-widget elementor-widget-heading\" data-id=\"50b4af87\" data-element_type=\"widget\" data-widget_type=\"heading.default\">\n\t\t\t\t<div class=\"elementor-widget-container\">\n\t\t\t<h2 class=\"elementor-heading-title elementor-size-default\">Soluciones m\u00f3viles integrales para una gesti\u00f3n eficaz de las crisis\n<\/h2>\t\t<\/div>\n\t\t\t\t<\/div>\n\t\t\t\t<div class=\"elementor-element elementor-element-5311525f elementor-widget elementor-widget-text-editor\" data-id=\"5311525f\" data-element_type=\"widget\" data-widget_type=\"text-editor.default\">\n\t\t\t\t<div class=\"elementor-widget-container\">\n\t\t\t\t\t\t\tNuestras soluciones personalizables cumplen las normas m\u00e1s estrictas de calidad, fiabilidad y rendimiento, lo que permite a las organizaciones alcanzar sus objetivos con la m\u00e1xima confianza.\t\t\t\t\t\t<\/div>\n\t\t\t\t<\/div>\n\t\t\t\t<\/div>\n\t\t<div class=\"elementor-element elementor-element-5163a437 e-con-full e-flex e-con e-child\" data-id=\"5163a437\" data-element_type=\"container\">\n\t\t<div class=\"elementor-element elementor-element-725e522f e-con-full e-flex elementor-invisible e-con e-child\" data-id=\"725e522f\" data-element_type=\"container\" data-settings=\"{&quot;background_background&quot;:&quot;classic&quot;,&quot;animation&quot;:&quot;fadeInRight&quot;}\">\n\t\t\t\t<div class=\"elementor-element elementor-element-5a53d817 elementor-widget elementor-widget-heading\" data-id=\"5a53d817\" data-element_type=\"widget\" data-widget_type=\"heading.default\">\n\t\t\t\t<div class=\"elementor-widget-container\">\n\t\t\t<h3 class=\"elementor-heading-title elementor-size-default\">Los medios m\u00f3viles son cruciales para una respuesta de emergencia eficaz, garantizando un despliegue r\u00e1pido y una gesti\u00f3n eficaz de las crisis.<\/h3>\t\t<\/div>\n\t\t\t\t<\/div>\n\t\t\t\t<\/div>\n\t\t\t\t<\/div>\n\t\t\t\t\t<\/div>\n\t\t\t\t<\/div>\n\t\t<div class=\"elementor-element elementor-element-20f9640e e-con-full e-flex e-con e-parent\" data-id=\"20f9640e\" data-element_type=\"container\" data-settings=\"{&quot;background_background&quot;:&quot;classic&quot;}\">\n\t\t<div class=\"elementor-element elementor-element-4b740459 e-con-full e-flex e-con e-child\" data-id=\"4b740459\" data-element_type=\"container\" data-settings=\"{&quot;background_background&quot;:&quot;classic&quot;}\">\n\t\t\t\t<div class=\"elementor-element elementor-element-3a04a917 elementor-widget elementor-widget-spacer\" data-id=\"3a04a917\" data-element_type=\"widget\" data-widget_type=\"spacer.default\">\n\t\t\t\t<div class=\"elementor-widget-container\">\n\t\t\t\t\t<div class=\"elementor-spacer\">\n\t\t\t<div class=\"elementor-spacer-inner\"><\/div>\n\t\t<\/div>\n\t\t\t\t<\/div>\n\t\t\t\t<\/div>\n\t\t\t\t<\/div>\n\t\t<div class=\"elementor-element elementor-element-584bf104 e-con-full e-flex e-con e-child\" data-id=\"584bf104\" data-element_type=\"container\">\n\t\t\t\t<div class=\"elementor-element elementor-element-552fc41d elementor-widget elementor-widget-spacer\" data-id=\"552fc41d\" data-element_type=\"widget\" data-widget_type=\"spacer.default\">\n\t\t\t\t<div class=\"elementor-widget-container\">\n\t\t\t\t\t<div class=\"elementor-spacer\">\n\t\t\t<div class=\"elementor-spacer-inner\"><\/div>\n\t\t<\/div>\n\t\t\t\t<\/div>\n\t\t\t\t<\/div>\n\t\t\t\t<\/div>\n\t\t\t\t<\/div>\n\t\t\t\t<\/div>","protected":false},"excerpt":{"rendered":"<p>QU\u00c9 HACEMOS En RD, nos especializamos en ofrecer una amplia gama de Unidades M\u00f3viles personalizadas para satisfacer diversas necesidades operativas. Nuestras soluciones proporcionan movilidad, flexibilidad y eficiencia en diversas aplicaciones, desde veh\u00edculos hasta recursos port\u00e1tiles. Gracias a nuestra amplia experiencia, comprendemos los requisitos exclusivos de sectores como la ayuda en caso de cat\u00e1strofe, la gesti\u00f3n de emergencias y la construcci\u00f3n. R\u00e1pida [...]<\/p>","protected":false},"author":2,"featured_media":3042,"parent":109,"menu_order":0,"comment_status":"closed","ping_status":"closed","template":"elementor_header_footer","meta":{"inline_featured_image":false,"footnotes":""},"class_list":["post-783","page","type-page","status-publish","has-post-thumbnail","hentry"],"_links":{"self":[{"href":"https:\/\/responsivedeployment.com\/es\/wp-json\/wp\/v2\/pages\/783","targetHints":{"allow":["GET"]}}],"collection":[{"href":"https:\/\/responsivedeployment.com\/es\/wp-json\/wp\/v2\/pages"}],"about":[{"href":"https:\/\/responsivedeployment.com\/es\/wp-json\/wp\/v2\/types\/page"}],"author":[{"embeddable":true,"href":"https:\/\/responsivedeployment.com\/es\/wp-json\/wp\/v2\/users\/2"}],"replies":[{"embeddable":true,"href":"https:\/\/responsivedeployment.com\/es\/wp-json\/wp\/v2\/comments?post=783"}],"version-history":[{"count":8,"href":"https:\/\/responsivedeployment.com\/es\/wp-json\/wp\/v2\/pages\/783\/revisions"}],"predecessor-version":[{"id":3153,"href":"https:\/\/responsivedeployment.com\/es\/wp-json\/wp\/v2\/pages\/783\/revisions\/3153"}],"up":[{"embeddable":true,"href":"https:\/\/responsivedeployment.com\/es\/wp-json\/wp\/v2\/pages\/109"}],"wp:featuredmedia":[{"embeddable":true,"href":"https:\/\/responsivedeployment.com\/es\/wp-json\/wp\/v2\/media\/3042"}],"wp:attachment":[{"href":"https:\/\/responsivedeployment.com\/es\/wp-json\/wp\/v2\/media?parent=783"}],"curies":[{"name":"wp","href":"https:\/\/api.w.org\/{rel}","templated":true}]}}