{"id":781,"date":"2024-05-23T20:00:56","date_gmt":"2024-05-23T20:00:56","guid":{"rendered":"https:\/\/staging.responsivedeployment.com\/?page_id=781"},"modified":"2024-07-19T21:57:31","modified_gmt":"2024-07-19T21:57:31","slug":"education-training","status":"publish","type":"page","link":"https:\/\/responsivedeployment.com\/es\/what-we-do\/education-training\/","title":{"rendered":"Educaci\u00f3n y formaci\u00f3n"},"content":{"rendered":"<div data-elementor-type=\"wp-page\" data-elementor-id=\"781\" class=\"elementor elementor-781\" data-elementor-post-type=\"page\">\n\t\t\t\t<div class=\"elementor-element elementor-element-690b18a0 e-con-full e-flex e-con e-parent\" data-id=\"690b18a0\" data-element_type=\"container\" data-settings=\"{&quot;background_background&quot;:&quot;classic&quot;}\">\n\t\t<div class=\"elementor-element elementor-element-50c5c37d e-con-full e-flex e-con e-child\" data-id=\"50c5c37d\" data-element_type=\"container\" data-settings=\"{&quot;background_background&quot;:&quot;classic&quot;}\">\n\t\t\t\t<\/div>\n\t\t<div class=\"elementor-element elementor-element-21704549 e-con-full e-flex e-con e-child\" data-id=\"21704549\" data-element_type=\"container\">\n\t\t<div class=\"elementor-element elementor-element-7d1b8436 e-con-full e-flex e-con e-child\" data-id=\"7d1b8436\" data-element_type=\"container\" data-settings=\"{&quot;background_background&quot;:&quot;classic&quot;}\">\n\t\t\t\t<\/div>\n\t\t\t\t<\/div>\n\t\t\t\t<\/div>\n\t\t<div class=\"elementor-element elementor-element-77657614 e-flex e-con-boxed e-con e-parent\" data-id=\"77657614\" data-element_type=\"container\" data-settings=\"{&quot;background_background&quot;:&quot;classic&quot;}\">\n\t\t\t\t\t<div class=\"e-con-inner\">\n\t\t\t\t<div class=\"elementor-element elementor-element-5dbefc62 elementor-widget-mobile__width-inherit elementor-widget elementor-widget-heading\" data-id=\"5dbefc62\" data-element_type=\"widget\" data-widget_type=\"heading.default\">\n\t\t\t\t<div class=\"elementor-widget-container\">\n\t\t\t<style>\/*! elementor - v3.23.0 - 05-08-2024 *\/\n.elementor-heading-title{padding:0;margin:0;line-height:1}.elementor-widget-heading .elementor-heading-title[class*=elementor-size-]>a{color:inherit;font-size:inherit;line-height:inherit}.elementor-widget-heading .elementor-heading-title.elementor-size-small{font-size:15px}.elementor-widget-heading .elementor-heading-title.elementor-size-medium{font-size:19px}.elementor-widget-heading .elementor-heading-title.elementor-size-large{font-size:29px}.elementor-widget-heading .elementor-heading-title.elementor-size-xl{font-size:39px}.elementor-widget-heading .elementor-heading-title.elementor-size-xxl{font-size:59px}<\/style><h2 class=\"elementor-heading-title elementor-size-default\">QU\u00c9 HACEMOS<\/h2>\t\t<\/div>\n\t\t\t\t<\/div>\n\t\t\t\t\t<\/div>\n\t\t\t\t<\/div>\n\t\t<div class=\"elementor-element elementor-element-7e8c3138 e-flex e-con-boxed e-con e-parent\" data-id=\"7e8c3138\" data-element_type=\"container\">\n\t\t\t\t\t<div class=\"e-con-inner\">\n\t\t<div class=\"elementor-element elementor-element-9d4efd3 e-con-full e-flex e-con e-child\" data-id=\"9d4efd3\" data-element_type=\"container\">\n\t\t<div class=\"elementor-element elementor-element-875e570 e-con-full e-flex e-con e-child\" data-id=\"875e570\" data-element_type=\"container\" data-settings=\"{&quot;background_background&quot;:&quot;classic&quot;}\">\n\t\t<div class=\"elementor-element elementor-element-6aaa08e e-flex e-con-boxed e-con e-child\" data-id=\"6aaa08e\" data-element_type=\"container\">\n\t\t\t\t\t<div class=\"e-con-inner\">\n\t\t\t\t<div class=\"elementor-element elementor-element-6f24af0 elementor-view-stacked elementor-hidden-mobile elementor-shape-circle elementor-widget elementor-widget-icon\" data-id=\"6f24af0\" data-element_type=\"widget\" data-widget_type=\"icon.default\">\n\t\t\t\t<div class=\"elementor-widget-container\">\n\t\t\t\t\t<div class=\"elementor-icon-wrapper\">\n\t\t\t<div class=\"elementor-icon\">\n\t\t\t<svg xmlns=\"http:\/\/www.w3.org\/2000\/svg\" id=\"Layer_1\" viewbox=\"0 0 487.23 426.06\"><defs><style>.cls-1{fill:#fff;stroke-width:0px;}<\/style><\/defs><g id=\"b5jI2w\"><path class=\"cls-1\" d=\"M487.23,218.84c-2.95,6.91-4.88,14.52-9.06,20.59-8.88,12.91-22.17,18.36-37.68,18.4-21.24.05-42.48.01-63.73.01h-5.95c.6,1.97.99,3.56,1.55,5.08,17.18,46.79,34.43,93.55,51.46,140.4,1.34,3.7,2.01,8.06,1.52,11.92-.74,5.8-5.87,9.92-11.92,10.59-5.67.62-10.36-1.54-13.28-6.5-1.75-2.97-3-6.27-4.19-9.52-18.1-49.15-36.22-98.29-54.07-147.53-1.52-4.2-3.76-4.36-7.32-4.57-3.88-.23-5.06,1.6-6.21,4.77-18.07,50-36.25,99.96-54.43,149.92-.81,2.22-1.73,4.44-2.92,6.47-3.81,6.48-10.83,8.75-17.61,5.85-6.56-2.81-10.32-9.92-7.95-16.81,6.02-17.5,12.44-34.87,18.75-52.27,11.22-30.94,22.49-61.86,33.73-92.8.53-1.46.96-2.96,1.61-5h-18.8c-5.87,0-11.75.29-17.59-.07-8.54-.52-15.03.69-21.42,8.41-11.28,13.63-29.66,15.49-46.5,7.27-12.94-6.33-25.77-12.87-38.66-19.31-1.52-.76-3.1-1.41-5.54-2.51v6.58c0,49.62,0,99.24,0,148.85,0,14.28-4.77,18.99-19.2,18.99-27.74,0-55.48,0-83.22,0-12.67,0-17.9-5.25-17.9-17.92,0-23.94-.05-47.87.06-71.81.01-3.05-.68-4.74-3.69-6.11-16.86-7.67-26.14-21.1-26.64-39.43-.53-19.62-.89-39.4.94-58.9,2.46-26.28,16.07-46.93,37.43-62.39,2.27-1.64,4.68-3.09,7.1-4.68-34.14-32.67-25.39-77.67-2.34-99.61,25.48-24.26,64.27-25.7,90.95-3.34,26.69,22.37,34.63,66.51,5.65,98.71,14.31,7.1,28.56,14.17,43.5,21.58v-5.9c0-42.96.01-85.92,0-128.88,0-19.33,7.94-34.2,25.58-42.54,6.22-2.94,13.68-4.56,20.58-4.59C300.2-.08,370.58-.02,440.97.08c22.82.03,39.86,13.73,45.34,35.85.26,1.05.61,2.07.92,3.11v179.79ZM231.19,205.8c1.07-2.02,1.99-3.65,2.83-5.33,8.93-17.84,17.87-35.66,26.75-53.53,2.4-4.83,5.8-8.3,11.35-9.05,5.66-.76,10.37,1.08,13.7,5.76,3.59,5.03,3.37,10.34.67,15.72-10.84,21.66-21.67,43.32-32.49,64.99-.73,1.46-1.38,2.96-2.29,4.93h5.52c60.56,0,121.13,0,181.69,0,13.75,0,19.78-5.98,19.78-19.62,0-53.75,0-107.49,0-161.24,0-13.97-5.93-19.86-20.01-19.86-68.81,0-137.61,0-206.42,0-1.43,0-2.86-.03-4.28.04-8.9.49-15.38,7.01-15.71,15.91-.14,3.8-.05,7.61-.06,11.41,0,45.34.04,90.69-.08,136.03,0,3.34.98,5.11,4.03,6.43,4.93,2.13,9.66,4.72,15.03,7.39ZM122.47,397.27c0-2.24,0-4.26,0-6.28,0-52.62,0-105.25.01-157.87,0-2.37.04-4.77.36-7.11.92-6.68,6.67-12.03,13.37-11.79,3.18.11,6.53,1.23,9.43,2.66,20.6,10.12,41.03,20.58,61.7,30.55,3.13,1.51,7.4,1.98,10.79,1.26,3.81-.81,6.21-4.4,6.42-8.56.23-4.58-2.72-7.1-6.53-8.99-25.1-12.44-50.53-24.29-75.15-37.62-17.99-9.74-36.55-13.19-56.68-11.93-27.43,1.71-53.65,24.43-56.26,51.83-1.81,19.01-1.1,38.29-1,57.44.04,7.84,6.43,13.65,14.35,14.63,11.99,1.48,15.93,5.92,15.94,18.01,0,22.82,0,45.65,0,68.47,0,1.69,0,3.38,0,5.31h63.25ZM129.8,115.76c1.38-19.49-13.22-40.1-37.54-41.17-19.93-.88-39.16,13.74-40.45,37.42-1.08,19.84,13.78,39.57,37.64,40.68,20.58.96,39.38-15.13,40.35-36.93Z\"><\/path><path class=\"cls-1\" d=\"M335.43,89.6c-25.36,0-50.71.1-76.07-.05-10.82-.06-17.62-10.25-13.4-19.74,2.58-5.79,7.38-8.52,13.6-8.7,4.43-.13,8.87-.04,13.31-.04,45.01,0,90.01,0,135.02.01,2.05,0,4.14,0,6.15.36,7.42,1.32,12.56,7.73,12.04,14.8-.56,7.56-6.31,13.26-14.11,13.3-25.51.12-51.03.05-76.54.05v.02Z\"><\/path><path class=\"cls-1\" d=\"M374.07,114.69c12.34,0,24.69-.21,37.03.07,10.75.24,17.37,9.08,14.22,18.57-1.73,5.2-5.39,8.47-10.85,9.49-1.39.26-2.83.37-4.25.38-24.37.02-48.74.07-73.11-.02-8.32-.03-13.84-4.02-15.42-10.68-2.28-9.61,4.23-17.59,14.88-17.77,12.5-.21,25-.05,37.51-.05Z\"><\/path><path class=\"cls-1\" d=\"M373.63,168.26c12.35,0,24.69-.06,37.04.02,9.03.06,15.28,5.77,15.46,13.92.18,8.14-6.35,14.51-15.46,14.55-24.69.12-49.39.1-74.08,0-8.37-.03-14.04-4.82-15.14-12.2-1.04-6.99,2.84-13.49,9.55-15.54,2.07-.63,4.36-.72,6.55-.73,12.03-.07,24.06-.03,36.09-.03Z\"><\/path><\/g><\/svg>\t\t\t<\/div>\n\t\t<\/div>\n\t\t\t\t<\/div>\n\t\t\t\t<\/div>\n\t\t\t\t\t<\/div>\n\t\t\t\t<\/div>\n\t\t\t\t<\/div>\n\t\t\t\t<\/div>\n\t\t<div class=\"elementor-element elementor-element-6091bc3a e-con-full e-flex e-con e-child\" data-id=\"6091bc3a\" data-element_type=\"container\">\n\t\t\t\t<div class=\"elementor-element elementor-element-1c1b2062 elementor-widget elementor-widget-text-editor\" data-id=\"1c1b2062\" data-element_type=\"widget\" data-widget_type=\"text-editor.default\">\n\t\t\t\t<div class=\"elementor-widget-container\">\n\t\t\t<style>\/*! elementor - v3.23.0 - 05-08-2024 *\/\n.elementor-widget-text-editor.elementor-drop-cap-view-stacked .elementor-drop-cap{background-color:#69727d;color:#fff}.elementor-widget-text-editor.elementor-drop-cap-view-framed .elementor-drop-cap{color:#69727d;border:3px solid;background-color:transparent}.elementor-widget-text-editor:not(.elementor-drop-cap-view-default) .elementor-drop-cap{margin-top:8px}.elementor-widget-text-editor:not(.elementor-drop-cap-view-default) .elementor-drop-cap-letter{width:1em;height:1em}.elementor-widget-text-editor .elementor-drop-cap{float:left;text-align:center;line-height:1;font-size:50px}.elementor-widget-text-editor .elementor-drop-cap-letter{display:inline-block}<\/style>\t\t\t\tEn RD, nuestros servicios de educaci\u00f3n y formaci\u00f3n se adaptan a las diversas necesidades de funcionamiento de instalaciones complejas, como campamentos tipo FEMA o refugios para poblaciones vulnerables, como personas sin hogar o inmigrantes. Gracias a nuestra amplia experiencia en la formaci\u00f3n de personal de apoyo en campamentos y en la prestaci\u00f3n de servicios integrales, ofrecemos programas integrales de educaci\u00f3n y formaci\u00f3n dise\u00f1ados para dotar al personal de las habilidades y los conocimientos necesarios para sus responsabilidades laborales.\t\t\t\t\t\t<\/div>\n\t\t\t\t<\/div>\n\t\t\t\t<\/div>\n\t\t\t\t\t<\/div>\n\t\t\t\t<\/div>\n\t\t<div class=\"elementor-element elementor-element-55c7541e e-con-full e-flex e-con e-parent\" data-id=\"55c7541e\" data-element_type=\"container\" data-settings=\"{&quot;background_background&quot;:&quot;classic&quot;}\">\n\t\t<div class=\"elementor-element elementor-element-74824b08 e-con-full e-flex e-con e-child\" data-id=\"74824b08\" data-element_type=\"container\">\n\t\t<div class=\"elementor-element elementor-element-13bdc409 e-con-full e-flex e-con e-child\" data-id=\"13bdc409\" data-element_type=\"container\">\n\t\t<div class=\"elementor-element elementor-element-568d6e81 e-con-full e-flex e-con e-child\" data-id=\"568d6e81\" data-element_type=\"container\" data-settings=\"{&quot;background_background&quot;:&quot;classic&quot;}\">\n\t\t\t\t<div class=\"elementor-element elementor-element-34947397 elementor-widget elementor-widget-spacer\" data-id=\"34947397\" data-element_type=\"widget\" data-widget_type=\"spacer.default\">\n\t\t\t\t<div class=\"elementor-widget-container\">\n\t\t\t<style>\/*! elementor - v3.23.0 - 05-08-2024 *\/\n.elementor-column .elementor-spacer-inner{height:var(--spacer-size)}.e-con{--container-widget-width:100%}.e-con-inner>.elementor-widget-spacer,.e-con>.elementor-widget-spacer{width:var(--container-widget-width,var(--spacer-size));--align-self:var(--container-widget-align-self,initial);--flex-shrink:0}.e-con-inner>.elementor-widget-spacer>.elementor-widget-container,.e-con>.elementor-widget-spacer>.elementor-widget-container{height:100%;width:100%}.e-con-inner>.elementor-widget-spacer>.elementor-widget-container>.elementor-spacer,.e-con>.elementor-widget-spacer>.elementor-widget-container>.elementor-spacer{height:100%}.e-con-inner>.elementor-widget-spacer>.elementor-widget-container>.elementor-spacer>.elementor-spacer-inner,.e-con>.elementor-widget-spacer>.elementor-widget-container>.elementor-spacer>.elementor-spacer-inner{height:var(--container-widget-height,var(--spacer-size))}.e-con-inner>.elementor-widget-spacer.elementor-widget-empty,.e-con>.elementor-widget-spacer.elementor-widget-empty{position:relative;min-height:22px;min-width:22px}.e-con-inner>.elementor-widget-spacer.elementor-widget-empty .elementor-widget-empty-icon,.e-con>.elementor-widget-spacer.elementor-widget-empty .elementor-widget-empty-icon{position:absolute;top:0;bottom:0;left:0;right:0;margin:auto;padding:0;width:22px;height:22px}<\/style>\t\t<div class=\"elementor-spacer\">\n\t\t\t<div class=\"elementor-spacer-inner\"><\/div>\n\t\t<\/div>\n\t\t\t\t<\/div>\n\t\t\t\t<\/div>\n\t\t\t\t<\/div>\n\t\t\t\t<\/div>\n\t\t\t\t<\/div>\n\t\t<div class=\"elementor-element elementor-element-560577f8 e-flex e-con-boxed e-con e-child\" data-id=\"560577f8\" data-element_type=\"container\">\n\t\t\t\t\t<div class=\"e-con-inner\">\n\t\t\t\t<div class=\"elementor-element elementor-element-2ec25a89 elementor-widget elementor-widget-spacer\" data-id=\"2ec25a89\" data-element_type=\"widget\" data-widget_type=\"spacer.default\">\n\t\t\t\t<div class=\"elementor-widget-container\">\n\t\t\t\t\t<div class=\"elementor-spacer\">\n\t\t\t<div class=\"elementor-spacer-inner\"><\/div>\n\t\t<\/div>\n\t\t\t\t<\/div>\n\t\t\t\t<\/div>\n\t\t\t\t\t<\/div>\n\t\t\t\t<\/div>\n\t\t\t\t<\/div>\n\t\t<div class=\"elementor-element elementor-element-695a5adf e-flex e-con-boxed e-con e-parent\" data-id=\"695a5adf\" data-element_type=\"container\" data-settings=\"{&quot;background_background&quot;:&quot;classic&quot;}\">\n\t\t\t\t\t<div class=\"e-con-inner\">\n\t\t<div class=\"elementor-element elementor-element-6d8160f5 e-con-full e-flex e-con e-child\" data-id=\"6d8160f5\" data-element_type=\"container\">\n\t\t\t\t<div class=\"elementor-element elementor-element-4e02d91d elementor-widget elementor-widget-heading\" data-id=\"4e02d91d\" data-element_type=\"widget\" data-widget_type=\"heading.default\">\n\t\t\t\t<div class=\"elementor-widget-container\">\n\t\t\t<h2 class=\"elementor-heading-title elementor-size-default\">Educaci\u00f3n y formaci\u00f3n integrales para la respuesta a emergencias<\/h2>\t\t<\/div>\n\t\t\t\t<\/div>\n\t\t\t\t<div class=\"elementor-element elementor-element-706aebc4 elementor-widget elementor-widget-text-editor\" data-id=\"706aebc4\" data-element_type=\"widget\" data-widget_type=\"text-editor.default\">\n\t\t\t\t<div class=\"elementor-widget-container\">\n\t\t\t\t\t\t\t\n\nNuestra formaci\u00f3n abarca una amplia gama de \u00e1reas, como gesti\u00f3n de campamentos, log\u00edstica, protocolos de seguridad, respuesta a emergencias y prestaci\u00f3n de servicios sociales. Nos aseguramos de que los miembros del personal sean competentes en sus funciones, desde la gesti\u00f3n de las instalaciones y la coordinaci\u00f3n de los recursos hasta la prestaci\u00f3n de servicios esenciales y apoyo a los residentes.\t\t\t\t\t\t<\/div>\n\t\t\t\t<\/div>\n\t\t\t\t<div class=\"elementor-element elementor-element-4bfac1c4 elementor-widget elementor-widget-heading\" data-id=\"4bfac1c4\" data-element_type=\"widget\" data-widget_type=\"heading.default\">\n\t\t\t\t<div class=\"elementor-widget-container\">\n\t\t\t<h2 class=\"elementor-heading-title elementor-size-default\">Dotar a los gobiernos de las competencias esenciales<\/h2>\t\t<\/div>\n\t\t\t\t<\/div>\n\t\t\t\t<div class=\"elementor-element elementor-element-63922e84 elementor-widget elementor-widget-text-editor\" data-id=\"63922e84\" data-element_type=\"widget\" data-widget_type=\"text-editor.default\">\n\t\t\t\t<div class=\"elementor-widget-container\">\n\t\t\t\t\t\t\t\n\nPara las agencias gubernamentales y el personal de respuesta a emergencias, ofrecemos programas de formaci\u00f3n especializados centrados en las directrices de la FEMA, los protocolos de respuesta a cat\u00e1strofes y la gesti\u00f3n de crisis. Estos programas est\u00e1n dise\u00f1ados para preparar al personal para una respuesta eficaz y esfuerzos de recuperaci\u00f3n durante emergencias y desastres.\t\t\t\t\t\t<\/div>\n\t\t\t\t<\/div>\n\t\t\t\t<div class=\"elementor-element elementor-element-7cad4b6a elementor-widget elementor-widget-heading\" data-id=\"7cad4b6a\" data-element_type=\"widget\" data-widget_type=\"heading.default\">\n\t\t\t\t<div class=\"elementor-widget-container\">\n\t\t\t<h2 class=\"elementor-heading-title elementor-size-default\">Formaci\u00f3n para los retos modernos\n<\/h2>\t\t<\/div>\n\t\t\t\t<\/div>\n\t\t\t\t<div class=\"elementor-element elementor-element-4693776b elementor-widget elementor-widget-text-editor\" data-id=\"4693776b\" data-element_type=\"widget\" data-widget_type=\"text-editor.default\">\n\t\t\t\t<div class=\"elementor-widget-container\">\n\t\t\t\t\t\t\t<p>Adem\u00e1s, nuestros servicios de educaci\u00f3n y formaci\u00f3n incluyen componentes de servicios sociales, que abordan las necesidades espec\u00edficas de las poblaciones vulnerables alojadas en campamentos. Esto incluye formaci\u00f3n en atenci\u00f3n a traumas, apoyo a la salud mental, asesoramiento sobre abuso de sustancias y sensibilidad cultural, garantizando que los miembros del personal est\u00e9n equipados para proporcionar una asistencia compasiva y eficaz a los residentes.<\/p>\t\t\t\t\t\t<\/div>\n\t\t\t\t<\/div>\n\t\t\t\t<div class=\"elementor-element elementor-element-7b1187d elementor-widget elementor-widget-heading\" data-id=\"7b1187d\" data-element_type=\"widget\" data-widget_type=\"heading.default\">\n\t\t\t\t<div class=\"elementor-widget-container\">\n\t\t\t<h2 class=\"elementor-heading-title elementor-size-default\">Garantizar la calidad mediante programas de formaci\u00f3n especializados\n<\/h2>\t\t<\/div>\n\t\t\t\t<\/div>\n\t\t\t\t<div class=\"elementor-element elementor-element-478c4ffa elementor-widget elementor-widget-text-editor\" data-id=\"478c4ffa\" data-element_type=\"widget\" data-widget_type=\"text-editor.default\">\n\t\t\t\t<div class=\"elementor-widget-container\">\n\t\t\t\t\t\t\t<p>En RD nos comprometemos a ofrecer programas integrales de educaci\u00f3n y formaci\u00f3n que capaciten al personal para gestionar con profesionalidad, compasi\u00f3n y eficacia campamentos y refugios de tipo FEMA para poblaciones vulnerables. Nuestro objetivo es garantizar que los miembros del personal est\u00e9n bien preparados para satisfacer las complejas necesidades de los residentes y contribuir al \u00e9xito general y la seguridad del entorno del campamento.<\/p>\t\t\t\t\t\t<\/div>\n\t\t\t\t<\/div>\n\t\t\t\t<\/div>\n\t\t<div class=\"elementor-element elementor-element-1b08aae0 e-con-full e-flex e-con e-child\" data-id=\"1b08aae0\" data-element_type=\"container\">\n\t\t<div class=\"elementor-element elementor-element-1a3fa1ae e-con-full e-flex elementor-invisible e-con e-child\" data-id=\"1a3fa1ae\" data-element_type=\"container\" data-settings=\"{&quot;background_background&quot;:&quot;classic&quot;,&quot;animation&quot;:&quot;fadeInRight&quot;}\">\n\t\t\t\t<div class=\"elementor-element elementor-element-58916fc0 elementor-widget elementor-widget-heading\" data-id=\"58916fc0\" data-element_type=\"widget\" data-widget_type=\"heading.default\">\n\t\t\t\t<div class=\"elementor-widget-container\">\n\t\t\t<h3 class=\"elementor-heading-title elementor-size-default\">Ofrecemos formaci\u00f3n en respuesta a emergencias, servicios sociales, tecnolog\u00eda y seguridad. Nuestros programas dotan a las personas de habilidades esenciales, preparaci\u00f3n moderna y garantizan la seguridad en el lugar de trabajo.<\/h3>\t\t<\/div>\n\t\t\t\t<\/div>\n\t\t\t\t<\/div>\n\t\t\t\t<\/div>\n\t\t\t\t\t<\/div>\n\t\t\t\t<\/div>\n\t\t<div class=\"elementor-element elementor-element-17b831bd e-con-full e-flex e-con e-parent\" data-id=\"17b831bd\" data-element_type=\"container\" data-settings=\"{&quot;background_background&quot;:&quot;classic&quot;}\">\n\t\t<div class=\"elementor-element elementor-element-25668ee9 e-con-full e-flex e-con e-child\" data-id=\"25668ee9\" data-element_type=\"container\" data-settings=\"{&quot;background_background&quot;:&quot;classic&quot;}\">\n\t\t\t\t<div class=\"elementor-element elementor-element-241007e9 elementor-widget elementor-widget-spacer\" data-id=\"241007e9\" data-element_type=\"widget\" data-widget_type=\"spacer.default\">\n\t\t\t\t<div class=\"elementor-widget-container\">\n\t\t\t\t\t<div class=\"elementor-spacer\">\n\t\t\t<div class=\"elementor-spacer-inner\"><\/div>\n\t\t<\/div>\n\t\t\t\t<\/div>\n\t\t\t\t<\/div>\n\t\t\t\t<\/div>\n\t\t<div class=\"elementor-element elementor-element-6cd3e54a e-con-full e-flex e-con e-child\" data-id=\"6cd3e54a\" data-element_type=\"container\">\n\t\t\t\t<div class=\"elementor-element elementor-element-72d8dc55 elementor-widget elementor-widget-spacer\" data-id=\"72d8dc55\" data-element_type=\"widget\" data-widget_type=\"spacer.default\">\n\t\t\t\t<div class=\"elementor-widget-container\">\n\t\t\t\t\t<div class=\"elementor-spacer\">\n\t\t\t<div class=\"elementor-spacer-inner\"><\/div>\n\t\t<\/div>\n\t\t\t\t<\/div>\n\t\t\t\t<\/div>\n\t\t\t\t<\/div>\n\t\t\t\t<\/div>\n\t\t\t\t<\/div>","protected":false},"excerpt":{"rendered":"<p>QU\u00c9 HACEMOS En RD, nuestros servicios de educaci\u00f3n y formaci\u00f3n se adaptan a las diversas necesidades de instalaciones complejas, como campamentos tipo FEMA o refugios para poblaciones vulnerables, como personas sin hogar o inmigrantes. Gracias a nuestra amplia experiencia en la formaci\u00f3n de apoyo a campamentos y en la prestaci\u00f3n de servicios integrales, ofrecemos programas completos de educaci\u00f3n y formaci\u00f3n dise\u00f1ados [...]<\/p>","protected":false},"author":2,"featured_media":2180,"parent":109,"menu_order":0,"comment_status":"closed","ping_status":"closed","template":"elementor_header_footer","meta":{"inline_featured_image":false,"footnotes":""},"class_list":["post-781","page","type-page","status-publish","has-post-thumbnail","hentry"],"_links":{"self":[{"href":"https:\/\/responsivedeployment.com\/es\/wp-json\/wp\/v2\/pages\/781","targetHints":{"allow":["GET"]}}],"collection":[{"href":"https:\/\/responsivedeployment.com\/es\/wp-json\/wp\/v2\/pages"}],"about":[{"href":"https:\/\/responsivedeployment.com\/es\/wp-json\/wp\/v2\/types\/page"}],"author":[{"embeddable":true,"href":"https:\/\/responsivedeployment.com\/es\/wp-json\/wp\/v2\/users\/2"}],"replies":[{"embeddable":true,"href":"https:\/\/responsivedeployment.com\/es\/wp-json\/wp\/v2\/comments?post=781"}],"version-history":[{"count":8,"href":"https:\/\/responsivedeployment.com\/es\/wp-json\/wp\/v2\/pages\/781\/revisions"}],"predecessor-version":[{"id":3150,"href":"https:\/\/responsivedeployment.com\/es\/wp-json\/wp\/v2\/pages\/781\/revisions\/3150"}],"up":[{"embeddable":true,"href":"https:\/\/responsivedeployment.com\/es\/wp-json\/wp\/v2\/pages\/109"}],"wp:featuredmedia":[{"embeddable":true,"href":"https:\/\/responsivedeployment.com\/es\/wp-json\/wp\/v2\/media\/2180"}],"wp:attachment":[{"href":"https:\/\/responsivedeployment.com\/es\/wp-json\/wp\/v2\/media?parent=781"}],"curies":[{"name":"wp","href":"https:\/\/api.w.org\/{rel}","templated":true}]}}