{"id":779,"date":"2024-05-23T19:57:38","date_gmt":"2024-05-23T19:57:38","guid":{"rendered":"https:\/\/staging.responsivedeployment.com\/?page_id=779"},"modified":"2024-07-03T12:55:44","modified_gmt":"2024-07-03T12:55:44","slug":"austere-medical-care","status":"publish","type":"page","link":"https:\/\/responsivedeployment.com\/es\/what-we-do\/austere-medical-care\/","title":{"rendered":"Atenci\u00f3n m\u00e9dica austera"},"content":{"rendered":"<div data-elementor-type=\"wp-page\" data-elementor-id=\"779\" class=\"elementor elementor-779\" data-elementor-post-type=\"page\">\n\t\t\t\t<div class=\"elementor-element elementor-element-7d38a23 e-con-full e-flex e-con e-parent\" data-id=\"7d38a23\" data-element_type=\"container\" data-settings=\"{&quot;background_background&quot;:&quot;classic&quot;}\">\n\t\t<div class=\"elementor-element elementor-element-37a5bd9a e-con-full e-flex e-con e-child\" data-id=\"37a5bd9a\" data-element_type=\"container\" data-settings=\"{&quot;background_background&quot;:&quot;classic&quot;}\">\n\t\t\t\t<\/div>\n\t\t<div class=\"elementor-element elementor-element-49173fc4 e-con-full e-flex e-con e-child\" data-id=\"49173fc4\" data-element_type=\"container\">\n\t\t<div class=\"elementor-element elementor-element-20ac1aa7 e-con-full e-flex e-con e-child\" data-id=\"20ac1aa7\" data-element_type=\"container\" data-settings=\"{&quot;background_background&quot;:&quot;classic&quot;}\">\n\t\t\t\t<\/div>\n\t\t\t\t<\/div>\n\t\t\t\t<\/div>\n\t\t<div class=\"elementor-element elementor-element-43839b58 e-flex e-con-boxed e-con e-parent\" data-id=\"43839b58\" data-element_type=\"container\" data-settings=\"{&quot;background_background&quot;:&quot;classic&quot;}\">\n\t\t\t\t\t<div class=\"e-con-inner\">\n\t\t\t\t<div class=\"elementor-element elementor-element-602e4f52 elementor-widget-mobile__width-inherit elementor-widget elementor-widget-heading\" data-id=\"602e4f52\" data-element_type=\"widget\" data-widget_type=\"heading.default\">\n\t\t\t\t<div class=\"elementor-widget-container\">\n\t\t\t<style>\/*! elementor - v3.23.0 - 05-08-2024 *\/\n.elementor-heading-title{padding:0;margin:0;line-height:1}.elementor-widget-heading .elementor-heading-title[class*=elementor-size-]>a{color:inherit;font-size:inherit;line-height:inherit}.elementor-widget-heading .elementor-heading-title.elementor-size-small{font-size:15px}.elementor-widget-heading .elementor-heading-title.elementor-size-medium{font-size:19px}.elementor-widget-heading .elementor-heading-title.elementor-size-large{font-size:29px}.elementor-widget-heading .elementor-heading-title.elementor-size-xl{font-size:39px}.elementor-widget-heading .elementor-heading-title.elementor-size-xxl{font-size:59px}<\/style><h2 class=\"elementor-heading-title elementor-size-default\">QU\u00c9 HACEMOS<\/h2>\t\t<\/div>\n\t\t\t\t<\/div>\n\t\t\t\t\t<\/div>\n\t\t\t\t<\/div>\n\t\t<div class=\"elementor-element elementor-element-d0fdda9 e-flex e-con-boxed e-con e-parent\" data-id=\"d0fdda9\" data-element_type=\"container\">\n\t\t\t\t\t<div class=\"e-con-inner\">\n\t\t<div class=\"elementor-element elementor-element-cfec063 e-con-full e-flex e-con e-child\" data-id=\"cfec063\" data-element_type=\"container\">\n\t\t<div class=\"elementor-element elementor-element-3c66e4c e-con-full e-flex e-con e-child\" data-id=\"3c66e4c\" data-element_type=\"container\" data-settings=\"{&quot;background_background&quot;:&quot;classic&quot;}\">\n\t\t<div class=\"elementor-element elementor-element-341cd58 e-flex e-con-boxed e-con e-child\" data-id=\"341cd58\" data-element_type=\"container\">\n\t\t\t\t\t<div class=\"e-con-inner\">\n\t\t\t\t<div class=\"elementor-element elementor-element-896e050 elementor-view-stacked elementor-hidden-mobile elementor-shape-circle elementor-widget elementor-widget-icon\" data-id=\"896e050\" data-element_type=\"widget\" data-widget_type=\"icon.default\">\n\t\t\t\t<div class=\"elementor-widget-container\">\n\t\t\t\t\t<div class=\"elementor-icon-wrapper\">\n\t\t\t<div class=\"elementor-icon\">\n\t\t\t<svg xmlns=\"http:\/\/www.w3.org\/2000\/svg\" id=\"Layer_1\" viewbox=\"0 0 473.07 427.06\"><defs><style>.cls-1{fill:#fff;stroke-width:0px;}<\/style><\/defs><g id=\"_9Ej5zm\"><path class=\"cls-1\" d=\"M0,127.56c1.48-7.67,2.53-15.46,4.5-23C21.04,41.29,80.28-2.68,145.57.22c32.34,1.44,60.43,14.24,85.4,34.38,1.68,1.35,3.35,2.7,5.04,4.04.11.08.28.08.52.14,5.98-4.44,11.84-9.17,18.06-13.36C279.34,8.76,306.47-.32,336.54,0c63.29.7,121.67,49.33,133.76,111.51,8.61,44.26-3.18,83.45-31.31,117.58-13.95,16.93-30.12,32.06-45.68,47.61-47.91,47.88-96.01,95.57-144.04,143.34-9.42,9.37-16.05,9.34-25.51-.07-58.06-57.76-116.13-115.51-174.19-173.27-21.31-21.2-37.67-45.44-45.17-74.92C2.47,164.25,1.44,156.48,0,148.81c0-7.08,0-14.17,0-21.25ZM205.15,243.76c1.15-2.27,1.93-3.74,2.65-5.25,17.31-36.54,34.6-73.1,51.97-109.61,1.23-2.59,2.74-5.31,4.82-7.19,6.99-6.33,16.92-3.85,21.89,5.32,15.07,27.87,30.08,55.76,45.09,83.66,1.1,2.05,1.91,3.82,4.96,3.8,25.41-.14,50.81-.05,76.22-.16,1.45,0,3.41-.75,4.27-1.83,23.05-28.94,33.73-61.22,25.44-98.22-12.96-57.87-72.19-95.97-130.17-83.88-25.21,5.25-46.03,18.39-64.3,36.07-7.84,7.59-14.95,7.36-22.99,0-6.12-5.6-12.34-11.2-19.1-15.98-26.69-18.86-56.08-27.19-88.61-20.45C44.37,45.15-6.73,135.03,55.68,212.06c.98,1.21,3,2.24,4.54,2.25,20.63.15,41.27.16,61.9-.02,1.56-.01,3.71-1.31,4.56-2.66,5.35-8.45,10.38-17.09,15.56-25.64,6.88-11.34,18.61-11.54,25.74-.39,11.36,17.75,22.64,35.56,33.96,53.34.89,1.4,1.84,2.77,3.2,4.82ZM386.43,241.75c.37.13.74.26,1.1.39h-4.44c-18.32,0-36.64-.2-54.96.09-7.91.12-12.94-3.1-16.58-9.99-11.33-21.49-22.95-42.83-34.47-64.22-.77-1.44-1.66-2.81-2.79-4.7-1.04,2-1.83,3.43-2.53,4.91-16.98,35.84-34,71.66-50.88,107.55-2.74,5.83-6.32,10.26-13.18,10.65-6.66.38-10.71-3.44-14.04-8.76-9.62-15.39-19.44-30.66-29.2-45.97-2.86-4.5-5.76-8.97-8.95-13.95-3.44,5.74-6.66,10.96-9.74,16.26-3.23,5.57-7.88,8.25-14.4,8.17-13.24-.16-26.48-.05-39.72-.05h-6.21c.43-.21.86-.43,1.29-.64,49.8,50.64,99.6,101.28,149.95,152.48,50.25-51.09,100-101.66,149.74-152.23Z\"><\/path><\/g><\/svg>\t\t\t<\/div>\n\t\t<\/div>\n\t\t\t\t<\/div>\n\t\t\t\t<\/div>\n\t\t\t\t\t<\/div>\n\t\t\t\t<\/div>\n\t\t\t\t<\/div>\n\t\t\t\t<\/div>\n\t\t<div class=\"elementor-element elementor-element-5d78c481 e-con-full e-flex e-con e-child\" data-id=\"5d78c481\" data-element_type=\"container\">\n\t\t\t\t<div class=\"elementor-element elementor-element-32077e7 elementor-widget elementor-widget-text-editor\" data-id=\"32077e7\" data-element_type=\"widget\" data-widget_type=\"text-editor.default\">\n\t\t\t\t<div class=\"elementor-widget-container\">\n\t\t\t<style>\/*! elementor - v3.23.0 - 05-08-2024 *\/\n.elementor-widget-text-editor.elementor-drop-cap-view-stacked .elementor-drop-cap{background-color:#69727d;color:#fff}.elementor-widget-text-editor.elementor-drop-cap-view-framed .elementor-drop-cap{color:#69727d;border:3px solid;background-color:transparent}.elementor-widget-text-editor:not(.elementor-drop-cap-view-default) .elementor-drop-cap{margin-top:8px}.elementor-widget-text-editor:not(.elementor-drop-cap-view-default) .elementor-drop-cap-letter{width:1em;height:1em}.elementor-widget-text-editor .elementor-drop-cap{float:left;text-align:center;line-height:1;font-size:50px}.elementor-widget-text-editor .elementor-drop-cap-letter{display:inline-block}<\/style>\t\t\t\tEn RD somos l\u00edderes en la prestaci\u00f3n de asistencia m\u00e9dica en situaciones de austeridad, ofreciendo servicios especializados dise\u00f1ados para atender las necesidades sanitarias en los entornos m\u00e1s dif\u00edciles. Con nuestros conocimientos y experiencia, destacamos en la prestaci\u00f3n de asistencia y apoyo m\u00e9dicos en entornos austeros o remotos, donde las instalaciones sanitarias tradicionales son escasas o inaccesibles.\t\t\t\t\t\t<\/div>\n\t\t\t\t<\/div>\n\t\t\t\t<\/div>\n\t\t\t\t\t<\/div>\n\t\t\t\t<\/div>\n\t\t<div class=\"elementor-element elementor-element-79255e8a e-con-full e-flex e-con e-parent\" data-id=\"79255e8a\" data-element_type=\"container\" data-settings=\"{&quot;background_background&quot;:&quot;classic&quot;}\">\n\t\t<div class=\"elementor-element elementor-element-d7eb296 e-con-full e-flex e-con e-child\" data-id=\"d7eb296\" data-element_type=\"container\">\n\t\t<div class=\"elementor-element elementor-element-720d8f8f e-con-full e-flex e-con e-child\" data-id=\"720d8f8f\" data-element_type=\"container\">\n\t\t<div class=\"elementor-element elementor-element-51640ffa e-con-full e-flex e-con e-child\" data-id=\"51640ffa\" data-element_type=\"container\" data-settings=\"{&quot;background_background&quot;:&quot;classic&quot;}\">\n\t\t\t\t<div class=\"elementor-element elementor-element-c61148e elementor-widget elementor-widget-spacer\" data-id=\"c61148e\" data-element_type=\"widget\" data-widget_type=\"spacer.default\">\n\t\t\t\t<div class=\"elementor-widget-container\">\n\t\t\t<style>\/*! elementor - v3.23.0 - 05-08-2024 *\/\n.elementor-column .elementor-spacer-inner{height:var(--spacer-size)}.e-con{--container-widget-width:100%}.e-con-inner>.elementor-widget-spacer,.e-con>.elementor-widget-spacer{width:var(--container-widget-width,var(--spacer-size));--align-self:var(--container-widget-align-self,initial);--flex-shrink:0}.e-con-inner>.elementor-widget-spacer>.elementor-widget-container,.e-con>.elementor-widget-spacer>.elementor-widget-container{height:100%;width:100%}.e-con-inner>.elementor-widget-spacer>.elementor-widget-container>.elementor-spacer,.e-con>.elementor-widget-spacer>.elementor-widget-container>.elementor-spacer{height:100%}.e-con-inner>.elementor-widget-spacer>.elementor-widget-container>.elementor-spacer>.elementor-spacer-inner,.e-con>.elementor-widget-spacer>.elementor-widget-container>.elementor-spacer>.elementor-spacer-inner{height:var(--container-widget-height,var(--spacer-size))}.e-con-inner>.elementor-widget-spacer.elementor-widget-empty,.e-con>.elementor-widget-spacer.elementor-widget-empty{position:relative;min-height:22px;min-width:22px}.e-con-inner>.elementor-widget-spacer.elementor-widget-empty .elementor-widget-empty-icon,.e-con>.elementor-widget-spacer.elementor-widget-empty .elementor-widget-empty-icon{position:absolute;top:0;bottom:0;left:0;right:0;margin:auto;padding:0;width:22px;height:22px}<\/style>\t\t<div class=\"elementor-spacer\">\n\t\t\t<div class=\"elementor-spacer-inner\"><\/div>\n\t\t<\/div>\n\t\t\t\t<\/div>\n\t\t\t\t<\/div>\n\t\t\t\t<\/div>\n\t\t\t\t<\/div>\n\t\t\t\t<\/div>\n\t\t<div class=\"elementor-element elementor-element-5c12e374 e-flex e-con-boxed e-con e-child\" data-id=\"5c12e374\" data-element_type=\"container\">\n\t\t\t\t\t<div class=\"e-con-inner\">\n\t\t\t\t<div class=\"elementor-element elementor-element-3376a67a elementor-widget elementor-widget-spacer\" data-id=\"3376a67a\" data-element_type=\"widget\" data-widget_type=\"spacer.default\">\n\t\t\t\t<div class=\"elementor-widget-container\">\n\t\t\t\t\t<div class=\"elementor-spacer\">\n\t\t\t<div class=\"elementor-spacer-inner\"><\/div>\n\t\t<\/div>\n\t\t\t\t<\/div>\n\t\t\t\t<\/div>\n\t\t\t\t\t<\/div>\n\t\t\t\t<\/div>\n\t\t\t\t<\/div>\n\t\t<div class=\"elementor-element elementor-element-280d0267 e-flex e-con-boxed e-con e-parent\" data-id=\"280d0267\" data-element_type=\"container\" data-settings=\"{&quot;background_background&quot;:&quot;classic&quot;}\">\n\t\t\t\t\t<div class=\"e-con-inner\">\n\t\t<div class=\"elementor-element elementor-element-3d47d3e7 e-con-full e-flex e-con e-child\" data-id=\"3d47d3e7\" data-element_type=\"container\">\n\t\t\t\t<div class=\"elementor-element elementor-element-39c81f3b elementor-widget elementor-widget-heading\" data-id=\"39c81f3b\" data-element_type=\"widget\" data-widget_type=\"heading.default\">\n\t\t\t\t<div class=\"elementor-widget-container\">\n\t\t\t<h2 class=\"elementor-heading-title elementor-size-default\">Atenci\u00f3n m\u00e9dica de calidad en entornos dif\u00edciles\n<\/h2>\t\t<\/div>\n\t\t\t\t<\/div>\n\t\t\t\t<div class=\"elementor-element elementor-element-2666a9fe elementor-widget elementor-widget-text-editor\" data-id=\"2666a9fe\" data-element_type=\"widget\" data-widget_type=\"text-editor.default\">\n\t\t\t\t<div class=\"elementor-widget-container\">\n\t\t\t\t\t\t\t\n\nNuestros servicios de atenci\u00f3n m\u00e9dica de urgencia ofrecen numerosas ventajas a las personas y comunidades necesitadas. Garantizamos el acceso a la atenci\u00f3n y el tratamiento m\u00e9dicos esenciales, mejorando los resultados sanitarios y salvando vidas, incluso en las circunstancias m\u00e1s dif\u00edciles. Adem\u00e1s, nuestros servicios aumentan la resiliencia de las comunidades al proporcionar atenci\u00f3n preventiva, respuesta de emergencia y ayuda en caso de cat\u00e1strofe en zonas con infraestructuras sanitarias limitadas.\t\t\t\t\t\t<\/div>\n\t\t\t\t<\/div>\n\t\t\t\t<div class=\"elementor-element elementor-element-68772e86 elementor-widget elementor-widget-heading\" data-id=\"68772e86\" data-element_type=\"widget\" data-widget_type=\"heading.default\">\n\t\t\t\t<div class=\"elementor-widget-container\">\n\t\t\t<h2 class=\"elementor-heading-title elementor-size-default\">Experiencia en ofrecer soluciones m\u00e9dicas en lugares remotos\n<\/h2>\t\t<\/div>\n\t\t\t\t<\/div>\n\t\t\t\t<div class=\"elementor-element elementor-element-11ebf0f7 elementor-widget elementor-widget-text-editor\" data-id=\"11ebf0f7\" data-element_type=\"widget\" data-widget_type=\"text-editor.default\">\n\t\t\t\t<div class=\"elementor-widget-container\">\n\t\t\t\t\t\t\t\n\nRD cuenta con un historial demostrado en la prestaci\u00f3n de asistencia m\u00e9dica de emergencia en diversos contextos, como la respuesta ante cat\u00e1strofes, las misiones humanitarias, las operaciones militares y las iniciativas de asistencia sanitaria a distancia. Nuestro equipo es experto en prestar apoyo m\u00e9dico en zonas afectadas por cat\u00e1strofes naturales, conflictos o crisis de salud p\u00fablica, as\u00ed como en apoyar a comunidades remotas que carecen de acceso a instalaciones sanitarias.\t\t\t\t\t\t<\/div>\n\t\t\t\t<\/div>\n\t\t\t\t<div class=\"elementor-element elementor-element-31e0bfa0 elementor-widget elementor-widget-heading\" data-id=\"31e0bfa0\" data-element_type=\"widget\" data-widget_type=\"heading.default\">\n\t\t\t\t<div class=\"elementor-widget-container\">\n\t\t\t<h2 class=\"elementor-heading-title elementor-size-default\">Servicios m\u00e9dicos integrales de austeridad adaptados a sus necesidades<\/h2>\t\t<\/div>\n\t\t\t\t<\/div>\n\t\t\t\t<div class=\"elementor-element elementor-element-62eca627 elementor-widget elementor-widget-text-editor\" data-id=\"62eca627\" data-element_type=\"widget\" data-widget_type=\"text-editor.default\">\n\t\t\t\t<div class=\"elementor-widget-container\">\n\t\t\t\t\t\t\tGracias a la experiencia, las tecnolog\u00edas innovadoras y el compromiso con la excelencia de RD, nos aseguramos de que las personas y las comunidades reciban una atenci\u00f3n m\u00e9dica austera de la m\u00e1xima calidad, independientemente de su ubicaci\u00f3n o de los retos a los que se enfrenten.\n\t\t\t\t\t\t<\/div>\n\t\t\t\t<\/div>\n\t\t\t\t<\/div>\n\t\t<div class=\"elementor-element elementor-element-563b673a e-con-full e-flex e-con e-child\" data-id=\"563b673a\" data-element_type=\"container\">\n\t\t<div class=\"elementor-element elementor-element-26f5dac4 e-con-full e-flex elementor-invisible e-con e-child\" data-id=\"26f5dac4\" data-element_type=\"container\" data-settings=\"{&quot;background_background&quot;:&quot;classic&quot;,&quot;animation&quot;:&quot;fadeInRight&quot;}\">\n\t\t\t\t<div class=\"elementor-element elementor-element-20fd6086 elementor-widget elementor-widget-heading\" data-id=\"20fd6086\" data-element_type=\"widget\" data-widget_type=\"heading.default\">\n\t\t\t\t<div class=\"elementor-widget-container\">\n\t\t\t<h3 class=\"elementor-heading-title elementor-size-default\">Nuestra Asistencia M\u00e9dica de Austeridad (AMC) presta asistencia sanitaria esencial con precisi\u00f3n en entornos dif\u00edciles.<\/h3>\t\t<\/div>\n\t\t\t\t<\/div>\n\t\t\t\t<\/div>\n\t\t\t\t<\/div>\n\t\t\t\t\t<\/div>\n\t\t\t\t<\/div>\n\t\t<div class=\"elementor-element elementor-element-2189ca39 e-con-full e-flex e-con e-parent\" data-id=\"2189ca39\" data-element_type=\"container\" data-settings=\"{&quot;background_background&quot;:&quot;classic&quot;}\">\n\t\t<div class=\"elementor-element elementor-element-14dcc526 e-con-full e-flex e-con e-child\" data-id=\"14dcc526\" data-element_type=\"container\" data-settings=\"{&quot;background_background&quot;:&quot;classic&quot;}\">\n\t\t\t\t<div class=\"elementor-element elementor-element-167151be elementor-widget elementor-widget-spacer\" data-id=\"167151be\" data-element_type=\"widget\" data-widget_type=\"spacer.default\">\n\t\t\t\t<div class=\"elementor-widget-container\">\n\t\t\t\t\t<div class=\"elementor-spacer\">\n\t\t\t<div class=\"elementor-spacer-inner\"><\/div>\n\t\t<\/div>\n\t\t\t\t<\/div>\n\t\t\t\t<\/div>\n\t\t\t\t<\/div>\n\t\t<div class=\"elementor-element elementor-element-4de4bcff e-con-full e-flex e-con e-child\" data-id=\"4de4bcff\" data-element_type=\"container\">\n\t\t\t\t<div class=\"elementor-element elementor-element-72c2ee6 elementor-widget elementor-widget-spacer\" data-id=\"72c2ee6\" data-element_type=\"widget\" data-widget_type=\"spacer.default\">\n\t\t\t\t<div class=\"elementor-widget-container\">\n\t\t\t\t\t<div class=\"elementor-spacer\">\n\t\t\t<div class=\"elementor-spacer-inner\"><\/div>\n\t\t<\/div>\n\t\t\t\t<\/div>\n\t\t\t\t<\/div>\n\t\t\t\t<\/div>\n\t\t\t\t<\/div>\n\t\t\t\t<\/div>","protected":false},"excerpt":{"rendered":"<p>QU\u00c9 HACEMOS En RD, somos l\u00edderes en la prestaci\u00f3n de asistencia m\u00e9dica austera, ofreciendo servicios especializados dise\u00f1ados para atender las necesidades sanitarias en los entornos m\u00e1s dif\u00edciles. Gracias a nuestros conocimientos y experiencia, destacamos en la prestaci\u00f3n de asistencia m\u00e9dica y apoyo en entornos austeros o remotos en los que las instalaciones sanitarias tradicionales son escasas o inaccesibles. Prestaci\u00f3n de asistencia m\u00e9dica [...]<\/p>","protected":false},"author":2,"featured_media":2179,"parent":109,"menu_order":0,"comment_status":"closed","ping_status":"closed","template":"elementor_header_footer","meta":{"inline_featured_image":false,"footnotes":""},"class_list":["post-779","page","type-page","status-publish","has-post-thumbnail","hentry"],"_links":{"self":[{"href":"https:\/\/responsivedeployment.com\/es\/wp-json\/wp\/v2\/pages\/779","targetHints":{"allow":["GET"]}}],"collection":[{"href":"https:\/\/responsivedeployment.com\/es\/wp-json\/wp\/v2\/pages"}],"about":[{"href":"https:\/\/responsivedeployment.com\/es\/wp-json\/wp\/v2\/types\/page"}],"author":[{"embeddable":true,"href":"https:\/\/responsivedeployment.com\/es\/wp-json\/wp\/v2\/users\/2"}],"replies":[{"embeddable":true,"href":"https:\/\/responsivedeployment.com\/es\/wp-json\/wp\/v2\/comments?post=779"}],"version-history":[{"count":5,"href":"https:\/\/responsivedeployment.com\/es\/wp-json\/wp\/v2\/pages\/779\/revisions"}],"predecessor-version":[{"id":3006,"href":"https:\/\/responsivedeployment.com\/es\/wp-json\/wp\/v2\/pages\/779\/revisions\/3006"}],"up":[{"embeddable":true,"href":"https:\/\/responsivedeployment.com\/es\/wp-json\/wp\/v2\/pages\/109"}],"wp:featuredmedia":[{"embeddable":true,"href":"https:\/\/responsivedeployment.com\/es\/wp-json\/wp\/v2\/media\/2179"}],"wp:attachment":[{"href":"https:\/\/responsivedeployment.com\/es\/wp-json\/wp\/v2\/media?parent=779"}],"curies":[{"name":"wp","href":"https:\/\/api.w.org\/{rel}","templated":true}]}}