{"id":777,"date":"2024-05-23T19:56:58","date_gmt":"2024-05-23T19:56:58","guid":{"rendered":"https:\/\/staging.responsivedeployment.com\/?page_id=777"},"modified":"2024-08-08T10:53:01","modified_gmt":"2024-08-08T10:53:01","slug":"responsive-solutions","status":"publish","type":"page","link":"https:\/\/responsivedeployment.com\/es\/what-we-do\/responsive-solutions\/","title":{"rendered":"Soluciones con capacidad de respuesta"},"content":{"rendered":"<div data-elementor-type=\"wp-page\" data-elementor-id=\"777\" class=\"elementor elementor-777\" data-elementor-post-type=\"page\">\n\t\t\t\t<div class=\"elementor-element elementor-element-64426f9e e-con-full e-flex e-con e-parent\" data-id=\"64426f9e\" data-element_type=\"container\" data-settings=\"{&quot;background_background&quot;:&quot;classic&quot;}\">\n\t\t<div class=\"elementor-element elementor-element-1cd49f1a e-con-full e-flex e-con e-child\" data-id=\"1cd49f1a\" data-element_type=\"container\" data-settings=\"{&quot;background_background&quot;:&quot;classic&quot;}\">\n\t\t\t\t<\/div>\n\t\t<div class=\"elementor-element elementor-element-d599fd2 e-con-full e-flex e-con e-child\" data-id=\"d599fd2\" data-element_type=\"container\">\n\t\t<div class=\"elementor-element elementor-element-534f4e23 e-con-full e-flex e-con e-child\" data-id=\"534f4e23\" data-element_type=\"container\" data-settings=\"{&quot;background_background&quot;:&quot;classic&quot;}\">\n\t\t\t\t<\/div>\n\t\t\t\t<\/div>\n\t\t\t\t<\/div>\n\t\t<div class=\"elementor-element elementor-element-4469b422 e-flex e-con-boxed e-con e-parent\" data-id=\"4469b422\" data-element_type=\"container\" data-settings=\"{&quot;background_background&quot;:&quot;classic&quot;}\">\n\t\t\t\t\t<div class=\"e-con-inner\">\n\t\t\t\t<div class=\"elementor-element elementor-element-7cb2bb81 elementor-widget-mobile__width-inherit elementor-widget elementor-widget-heading\" data-id=\"7cb2bb81\" data-element_type=\"widget\" data-widget_type=\"heading.default\">\n\t\t\t\t<div class=\"elementor-widget-container\">\n\t\t\t<style>\/*! elementor - v3.23.0 - 05-08-2024 *\/\n.elementor-heading-title{padding:0;margin:0;line-height:1}.elementor-widget-heading .elementor-heading-title[class*=elementor-size-]>a{color:inherit;font-size:inherit;line-height:inherit}.elementor-widget-heading .elementor-heading-title.elementor-size-small{font-size:15px}.elementor-widget-heading .elementor-heading-title.elementor-size-medium{font-size:19px}.elementor-widget-heading .elementor-heading-title.elementor-size-large{font-size:29px}.elementor-widget-heading .elementor-heading-title.elementor-size-xl{font-size:39px}.elementor-widget-heading .elementor-heading-title.elementor-size-xxl{font-size:59px}<\/style><h2 class=\"elementor-heading-title elementor-size-default\">QU\u00c9 HACEMOS<\/h2>\t\t<\/div>\n\t\t\t\t<\/div>\n\t\t\t\t\t<\/div>\n\t\t\t\t<\/div>\n\t\t<div class=\"elementor-element elementor-element-2a3cc522 e-flex e-con-boxed e-con e-parent\" data-id=\"2a3cc522\" data-element_type=\"container\">\n\t\t\t\t\t<div class=\"e-con-inner\">\n\t\t<div class=\"elementor-element elementor-element-a9f637f e-con-full e-flex e-con e-child\" data-id=\"a9f637f\" data-element_type=\"container\">\n\t\t<div class=\"elementor-element elementor-element-b397674 e-con-full e-flex e-con e-child\" data-id=\"b397674\" data-element_type=\"container\" data-settings=\"{&quot;background_background&quot;:&quot;classic&quot;}\">\n\t\t<div class=\"elementor-element elementor-element-d76f039 e-flex e-con-boxed e-con e-child\" data-id=\"d76f039\" data-element_type=\"container\">\n\t\t\t\t\t<div class=\"e-con-inner\">\n\t\t\t\t<div class=\"elementor-element elementor-element-4cd8085 elementor-view-stacked elementor-hidden-mobile elementor-shape-circle elementor-widget elementor-widget-icon\" data-id=\"4cd8085\" data-element_type=\"widget\" data-widget_type=\"icon.default\">\n\t\t\t\t<div class=\"elementor-widget-container\">\n\t\t\t\t\t<div class=\"elementor-icon-wrapper\">\n\t\t\t<div class=\"elementor-icon\">\n\t\t\t<svg xmlns=\"http:\/\/www.w3.org\/2000\/svg\" id=\"Layer_1\" viewbox=\"0 0 509.35 511.1\"><defs><style>.cls-1{fill:#fff;stroke-width:0px;}<\/style><\/defs><path class=\"cls-1\" d=\"M315.6,0c3.51.85,7.05,1.62,10.54,2.56,54.99,14.77,75.04,81.92,37.16,124.43-1.33,1.49-2.72,2.93-4.13,4.34-30.58,30.59-61.16,61.18-91.76,91.75-8.73,8.72-16.69,8.7-25.41-.02-31.18-31.17-62.62-62.08-93.45-93.59C107.51,87.5,126.77,17.72,183.26,2.56,186.75,1.62,190.28.85,193.8,0c5.99,0,11.98,0,17.97,0,9.06,3.03,18.36,5.49,27.09,9.29,5.8,2.52,10.77,6.95,16.32,10.66,9.28-8.46,20.13-14.34,32.39-17.55C290.91,1.52,294.28.79,297.63,0c5.99,0,11.98,0,17.97,0ZM254.35,193.07c.88-.54,1.35-.73,1.68-1.06,28.11-28.11,56.47-55.98,84.22-84.44,17.45-17.9,16.63-46.26-.82-63.98-17.2-17.47-45.1-18.27-63.65-1.72-3.72,3.32-7.07,7.04-10.76,10.4-6.18,5.64-14.61,5.59-20.74-.09-3.54-3.28-6.81-6.84-10.36-10.1-8.14-7.49-17.83-11.53-28.84-12.03-19.12-.86-36.41,9.68-44.23,26.71-7.98,17.38-4.73,37.22,8.67,51.33,7.22,7.6,14.76,14.88,22.17,22.29,20.8,20.82,41.61,41.64,62.66,62.7Z\"><\/path><path class=\"cls-1\" d=\"M89.96,214.87c15.78-10.33,31.46-12.17,47.59-4.07,4.66,2.34,8.99,5.77,12.72,9.46,28.36,28.1,56.68,56.26,84.68,84.72,7.28,7.39,13.42,15.9,19.64,23.38,30.57-38.1,68.48-70.03,102.14-106.01,17.72-18.93,42.78-21.21,61.32-8.37.21.15.59.06,1.38.11,0-1.79,0-3.55,0-5.31,0-41.26-.11-82.51.05-123.77.1-24.85,19.7-44.69,44.02-45.05,25.16-.37,45.58,19.4,45.73,44.82.21,35.1.06,70.2.06,105.3,0,25.29-.09,50.57.02,75.86.13,29.1-9.03,54.79-27.69,77.14-20.79,24.9-41.45,49.9-62.33,74.72-6.63,7.87-10.03,16.58-9.9,26.91.21,16.47.08,32.94.05,49.41-.02,11.01-5.95,16.98-16.93,16.98-91.84.01-183.69.01-275.53,0-11.04,0-17.01-5.93-17.03-16.89-.03-16.64-.12-33.27.03-49.91.09-9.76-2.95-18.2-9.19-25.67-20.18-24.11-40.03-48.49-60.49-72.36C9.82,322.36-.19,295.08,0,263.53c.37-59.22.05-118.44.13-177.66.03-25.57,19.45-45.61,44.17-45.92,25.14-.32,45.48,19.5,45.6,44.96.19,41.26.06,82.51.06,123.77,0,1.79,0,3.57,0,6.19ZM239.73,480.9c0-1.98,0-3.61,0-5.24,0-28.78-.11-57.56.03-86.34.12-25.11-8.74-46.3-26.55-63.99-27.75-27.55-55.32-55.27-82.98-82.91-1.18-1.18-2.32-2.41-3.62-3.42-5.29-4.1-12.23-4.3-17.7-.61-5.16,3.49-7.9,10.15-5.79,16.22,1.09,3.15,3.29,6.17,5.67,8.57,18.83,19.05,37.84,37.92,56.75,56.9,7.06,7.08,7.49,16.35,1.22,22.57-6.14,6.09-15.33,5.64-22.23-1.24-20.85-20.79-41.67-41.62-62.47-62.47-9.48-9.5-16.37-20.63-19.37-33.73-1.58-6.9-2.52-14.11-2.55-21.19-.22-45.75-.14-91.5-.08-137.25,0-5.29-1.29-9.92-5.47-13.32-4.8-3.9-10.21-4.81-15.85-2.06-6.18,3.01-8.7,8.23-8.69,15.02.04,60.22.05,120.45.01,180.67-.01,21.3,6.78,40.09,20.42,56.44,20.56,24.65,40.92,49.48,61.72,73.93,12.22,14.37,18.29,30.55,17.77,49.4-.31,11.26-.06,22.53-.06,34.05h109.82ZM379.5,480.93c0-12.41.11-24.37-.03-36.32-.19-17.19,5.29-32.21,16.34-45.39,20.96-24.98,41.7-50.13,62.65-75.12,14.16-16.89,20.96-36.25,20.92-58.28-.13-59.06-.04-118.12-.04-177.18,0-1.5.06-3-.04-4.49-.52-7.74-6.57-13.82-14.12-14.25-7.29-.42-14.04,4.79-15.49,12.14-.38,1.93-.28,3.97-.29,5.96-.01,45.25-.1,90.5.03,135.75.06,22.12-7.6,40.86-23.28,56.44-15.7,15.59-31.31,31.28-46.96,46.92-5.18,5.18-10.26,10.45-15.58,15.48-5.12,4.84-12.18,5.59-17.98,2.27-5.45-3.11-8.68-9.4-6.94-15.72.95-3.47,3.23-6.94,5.79-9.55,18.79-19.09,37.83-37.93,56.74-56.9,7.19-7.21,7.67-16.21,1.38-22.57-6.29-6.37-15.28-5.85-22.53,1.39-28.25,28.22-56.48,56.46-84.72,84.69-17.21,17.21-25.74,37.97-25.68,62.32.06,29.11.01,58.23.01,87.34,0,1.61,0,3.22,0,5.04h109.82Z\"><\/path><\/svg>\t\t\t<\/div>\n\t\t<\/div>\n\t\t\t\t<\/div>\n\t\t\t\t<\/div>\n\t\t\t\t\t<\/div>\n\t\t\t\t<\/div>\n\t\t\t\t<\/div>\n\t\t\t\t<\/div>\n\t\t<div class=\"elementor-element elementor-element-62b69d58 e-con-full e-flex e-con e-child\" data-id=\"62b69d58\" data-element_type=\"container\">\n\t\t\t\t<div class=\"elementor-element elementor-element-6a1f925e elementor-widget elementor-widget-text-editor\" data-id=\"6a1f925e\" data-element_type=\"widget\" data-widget_type=\"text-editor.default\">\n\t\t\t\t<div class=\"elementor-widget-container\">\n\t\t\t<style>\/*! elementor - v3.23.0 - 05-08-2024 *\/\n.elementor-widget-text-editor.elementor-drop-cap-view-stacked .elementor-drop-cap{background-color:#69727d;color:#fff}.elementor-widget-text-editor.elementor-drop-cap-view-framed .elementor-drop-cap{color:#69727d;border:3px solid;background-color:transparent}.elementor-widget-text-editor:not(.elementor-drop-cap-view-default) .elementor-drop-cap{margin-top:8px}.elementor-widget-text-editor:not(.elementor-drop-cap-view-default) .elementor-drop-cap-letter{width:1em;height:1em}.elementor-widget-text-editor .elementor-drop-cap{float:left;text-align:center;line-height:1;font-size:50px}.elementor-widget-text-editor .elementor-drop-cap-letter{display:inline-block}<\/style>\t\t\t\tEn RD somos expertos en soluciones con capacidad de respuesta y ofrecemos un conjunto de servicios din\u00e1micos dise\u00f1ados para satisfacer las necesidades cambiantes de nuestros clientes. Nuestro enfoque se basa en la adaptabilidad y la innovaci\u00f3n, lo que nos permite responder r\u00e1pidamente a las circunstancias cambiantes y ofrecer soluciones eficaces.\t\t\t\t\t\t<\/div>\n\t\t\t\t<\/div>\n\t\t\t\t<\/div>\n\t\t\t\t\t<\/div>\n\t\t\t\t<\/div>\n\t\t<div class=\"elementor-element elementor-element-6b8dc067 e-con-full e-flex e-con e-parent\" data-id=\"6b8dc067\" data-element_type=\"container\" data-settings=\"{&quot;background_background&quot;:&quot;classic&quot;}\">\n\t\t<div class=\"elementor-element elementor-element-2a659270 e-con-full e-flex e-con e-child\" data-id=\"2a659270\" data-element_type=\"container\">\n\t\t<div class=\"elementor-element elementor-element-4830cc5 e-con-full e-flex e-con e-child\" data-id=\"4830cc5\" data-element_type=\"container\">\n\t\t<div class=\"elementor-element elementor-element-5862dfe4 e-con-full e-flex e-con e-child\" data-id=\"5862dfe4\" data-element_type=\"container\" data-settings=\"{&quot;background_background&quot;:&quot;classic&quot;}\">\n\t\t\t\t<div class=\"elementor-element elementor-element-57a5d143 elementor-widget elementor-widget-spacer\" data-id=\"57a5d143\" data-element_type=\"widget\" data-widget_type=\"spacer.default\">\n\t\t\t\t<div class=\"elementor-widget-container\">\n\t\t\t<style>\/*! elementor - v3.23.0 - 05-08-2024 *\/\n.elementor-column .elementor-spacer-inner{height:var(--spacer-size)}.e-con{--container-widget-width:100%}.e-con-inner>.elementor-widget-spacer,.e-con>.elementor-widget-spacer{width:var(--container-widget-width,var(--spacer-size));--align-self:var(--container-widget-align-self,initial);--flex-shrink:0}.e-con-inner>.elementor-widget-spacer>.elementor-widget-container,.e-con>.elementor-widget-spacer>.elementor-widget-container{height:100%;width:100%}.e-con-inner>.elementor-widget-spacer>.elementor-widget-container>.elementor-spacer,.e-con>.elementor-widget-spacer>.elementor-widget-container>.elementor-spacer{height:100%}.e-con-inner>.elementor-widget-spacer>.elementor-widget-container>.elementor-spacer>.elementor-spacer-inner,.e-con>.elementor-widget-spacer>.elementor-widget-container>.elementor-spacer>.elementor-spacer-inner{height:var(--container-widget-height,var(--spacer-size))}.e-con-inner>.elementor-widget-spacer.elementor-widget-empty,.e-con>.elementor-widget-spacer.elementor-widget-empty{position:relative;min-height:22px;min-width:22px}.e-con-inner>.elementor-widget-spacer.elementor-widget-empty .elementor-widget-empty-icon,.e-con>.elementor-widget-spacer.elementor-widget-empty .elementor-widget-empty-icon{position:absolute;top:0;bottom:0;left:0;right:0;margin:auto;padding:0;width:22px;height:22px}<\/style>\t\t<div class=\"elementor-spacer\">\n\t\t\t<div class=\"elementor-spacer-inner\"><\/div>\n\t\t<\/div>\n\t\t\t\t<\/div>\n\t\t\t\t<\/div>\n\t\t\t\t<\/div>\n\t\t\t\t<\/div>\n\t\t\t\t<\/div>\n\t\t<div class=\"elementor-element elementor-element-7a2c552b e-flex e-con-boxed e-con e-child\" data-id=\"7a2c552b\" data-element_type=\"container\">\n\t\t\t\t\t<div class=\"e-con-inner\">\n\t\t\t\t<div class=\"elementor-element elementor-element-31a0f52c elementor-widget elementor-widget-spacer\" data-id=\"31a0f52c\" data-element_type=\"widget\" data-widget_type=\"spacer.default\">\n\t\t\t\t<div class=\"elementor-widget-container\">\n\t\t\t\t\t<div class=\"elementor-spacer\">\n\t\t\t<div class=\"elementor-spacer-inner\"><\/div>\n\t\t<\/div>\n\t\t\t\t<\/div>\n\t\t\t\t<\/div>\n\t\t\t\t\t<\/div>\n\t\t\t\t<\/div>\n\t\t\t\t<\/div>\n\t\t<div class=\"elementor-element elementor-element-4e68aca1 e-flex e-con-boxed e-con e-parent\" data-id=\"4e68aca1\" data-element_type=\"container\" data-settings=\"{&quot;background_background&quot;:&quot;classic&quot;}\">\n\t\t\t\t\t<div class=\"e-con-inner\">\n\t\t<div class=\"elementor-element elementor-element-4390ba9d e-con-full e-flex e-con e-child\" data-id=\"4390ba9d\" data-element_type=\"container\">\n\t\t\t\t<div class=\"elementor-element elementor-element-2653d23b elementor-widget elementor-widget-heading\" data-id=\"2653d23b\" data-element_type=\"widget\" data-widget_type=\"heading.default\">\n\t\t\t\t<div class=\"elementor-widget-container\">\n\t\t\t<h2 class=\"elementor-heading-title elementor-size-default\">Soluciones r\u00e1pidas y eficaces adaptadas a sus necesidades\n<\/h2>\t\t<\/div>\n\t\t\t\t<\/div>\n\t\t\t\t<div class=\"elementor-element elementor-element-dc52806 elementor-widget elementor-widget-text-editor\" data-id=\"dc52806\" data-element_type=\"widget\" data-widget_type=\"text-editor.default\">\n\t\t\t\t<div class=\"elementor-widget-container\">\n\t\t\t\t\t\t\t\n\nCon Responsive Solutions de RD, los clientes se benefician de una mayor flexibilidad y agilidad. Nuestras estrategias permiten a las empresas superar los retos, aprovechar las oportunidades y mantenerse a la vanguardia. Aprovechando nuestra experiencia y las tecnolog\u00edas m\u00e1s avanzadas, permitimos a los clientes alcanzar sus objetivos con confianza y eficacia.\t\t\t\t\t\t<\/div>\n\t\t\t\t<\/div>\n\t\t\t\t<div class=\"elementor-element elementor-element-5a5a5ee8 elementor-widget elementor-widget-heading\" data-id=\"5a5a5ee8\" data-element_type=\"widget\" data-widget_type=\"heading.default\">\n\t\t\t\t<div class=\"elementor-widget-container\">\n\t\t\t<h2 class=\"elementor-heading-title elementor-size-default\">Respuesta r\u00e1pida, resultados excepcionales<\/h2>\t\t<\/div>\n\t\t\t\t<\/div>\n\t\t\t\t<div class=\"elementor-element elementor-element-5f278036 elementor-widget elementor-widget-text-editor\" data-id=\"5f278036\" data-element_type=\"widget\" data-widget_type=\"text-editor.default\">\n\t\t\t\t<div class=\"elementor-widget-container\">\n\t\t\t\t\t\t\t\n\nRD tiene un historial probado de \u00e9xito en diversos sectores y situaciones. Tanto si se trata de responder a cat\u00e1strofes naturales, cambios en el mercado, avances tecnol\u00f3gicos o cambios normativos, contamos con la experiencia y las capacidades necesarias para obtener resultados. Nuestras soluciones a medida est\u00e1n dise\u00f1adas para adaptarse perfectamente a los objetivos exclusivos de cada cliente, garantizando el m\u00e1ximo impacto y \u00e9xito.\t\t\t\t\t\t<\/div>\n\t\t\t\t<\/div>\n\t\t\t\t<div class=\"elementor-element elementor-element-24737c52 elementor-widget elementor-widget-heading\" data-id=\"24737c52\" data-element_type=\"widget\" data-widget_type=\"heading.default\">\n\t\t\t\t<div class=\"elementor-widget-container\">\n\t\t\t<h2 class=\"elementor-heading-title elementor-size-default\">Impacto y \u00e9xito duraderos<\/h2>\t\t<\/div>\n\t\t\t\t<\/div>\n\t\t\t\t<div class=\"elementor-element elementor-element-7148fa02 elementor-widget elementor-widget-text-editor\" data-id=\"7148fa02\" data-element_type=\"widget\" data-widget_type=\"text-editor.default\">\n\t\t\t\t<div class=\"elementor-widget-container\">\n\t\t\t\t\t\t\tDesde la gesti\u00f3n de crisis hasta la planificaci\u00f3n estrat\u00e9gica, las soluciones con capacidad de respuesta de RD son la clave para seguir siendo resistentes y competitivos en el vertiginoso mundo actual. Con nuestro apoyo, los clientes pueden hacer frente a los retos y prosperar en cualquier entorno.\n\t\t\t\t\t\t<\/div>\n\t\t\t\t<\/div>\n\t\t\t\t<\/div>\n\t\t<div class=\"elementor-element elementor-element-6551d11 e-con-full e-flex e-con e-child\" data-id=\"6551d11\" data-element_type=\"container\">\n\t\t<div class=\"elementor-element elementor-element-6da54dfd e-con-full e-flex elementor-invisible e-con e-child\" data-id=\"6da54dfd\" data-element_type=\"container\" data-settings=\"{&quot;background_background&quot;:&quot;classic&quot;,&quot;animation&quot;:&quot;fadeInRight&quot;}\">\n\t\t\t\t<div class=\"elementor-element elementor-element-36048e8f elementor-widget elementor-widget-heading\" data-id=\"36048e8f\" data-element_type=\"widget\" data-widget_type=\"heading.default\">\n\t\t\t\t<div class=\"elementor-widget-container\">\n\t\t\t<h3 class=\"elementor-heading-title elementor-size-default\">Entendemos que las RS deben ser intervenciones personalizadas y oportunas, dise\u00f1adas para abordar sus necesidades \u00fanicas con rapidez y eficacia. \n<\/h3>\t\t<\/div>\n\t\t\t\t<\/div>\n\t\t\t\t<\/div>\n\t\t\t\t<\/div>\n\t\t\t\t\t<\/div>\n\t\t\t\t<\/div>\n\t\t<div class=\"elementor-element elementor-element-1e00b36d e-con-full e-flex e-con e-parent\" data-id=\"1e00b36d\" data-element_type=\"container\" data-settings=\"{&quot;background_background&quot;:&quot;classic&quot;}\">\n\t\t<div class=\"elementor-element elementor-element-78bfd7e9 e-con-full e-flex e-con e-child\" data-id=\"78bfd7e9\" data-element_type=\"container\" data-settings=\"{&quot;background_background&quot;:&quot;classic&quot;}\">\n\t\t\t\t<div class=\"elementor-element elementor-element-160f1d13 elementor-widget elementor-widget-spacer\" data-id=\"160f1d13\" data-element_type=\"widget\" data-widget_type=\"spacer.default\">\n\t\t\t\t<div class=\"elementor-widget-container\">\n\t\t\t\t\t<div class=\"elementor-spacer\">\n\t\t\t<div class=\"elementor-spacer-inner\"><\/div>\n\t\t<\/div>\n\t\t\t\t<\/div>\n\t\t\t\t<\/div>\n\t\t\t\t<\/div>\n\t\t<div class=\"elementor-element elementor-element-280961b7 e-con-full e-flex e-con e-child\" data-id=\"280961b7\" data-element_type=\"container\">\n\t\t\t\t<div class=\"elementor-element elementor-element-3a5af75a elementor-widget elementor-widget-spacer\" data-id=\"3a5af75a\" data-element_type=\"widget\" data-widget_type=\"spacer.default\">\n\t\t\t\t<div class=\"elementor-widget-container\">\n\t\t\t\t\t<div class=\"elementor-spacer\">\n\t\t\t<div class=\"elementor-spacer-inner\"><\/div>\n\t\t<\/div>\n\t\t\t\t<\/div>\n\t\t\t\t<\/div>\n\t\t\t\t<\/div>\n\t\t\t\t<\/div>\n\t\t\t\t<\/div>","protected":false},"excerpt":{"rendered":"<p>QU\u00c9 HACEMOS En RD somos expertos en soluciones con capacidad de respuesta y ofrecemos un conjunto de servicios din\u00e1micos dise\u00f1ados para satisfacer las necesidades cambiantes de nuestros clientes. Nuestro enfoque se basa en la adaptabilidad y la innovaci\u00f3n, lo que nos permite responder r\u00e1pidamente a las circunstancias cambiantes y ofrecer soluciones eficaces. Soluciones r\u00e1pidas y eficaces adaptadas a sus necesidades Con [...]<\/p>","protected":false},"author":2,"featured_media":2178,"parent":109,"menu_order":0,"comment_status":"closed","ping_status":"closed","template":"elementor_header_footer","meta":{"inline_featured_image":false,"footnotes":""},"class_list":["post-777","page","type-page","status-publish","has-post-thumbnail","hentry"],"_links":{"self":[{"href":"https:\/\/responsivedeployment.com\/es\/wp-json\/wp\/v2\/pages\/777","targetHints":{"allow":["GET"]}}],"collection":[{"href":"https:\/\/responsivedeployment.com\/es\/wp-json\/wp\/v2\/pages"}],"about":[{"href":"https:\/\/responsivedeployment.com\/es\/wp-json\/wp\/v2\/types\/page"}],"author":[{"embeddable":true,"href":"https:\/\/responsivedeployment.com\/es\/wp-json\/wp\/v2\/users\/2"}],"replies":[{"embeddable":true,"href":"https:\/\/responsivedeployment.com\/es\/wp-json\/wp\/v2\/comments?post=777"}],"version-history":[{"count":17,"href":"https:\/\/responsivedeployment.com\/es\/wp-json\/wp\/v2\/pages\/777\/revisions"}],"predecessor-version":[{"id":3411,"href":"https:\/\/responsivedeployment.com\/es\/wp-json\/wp\/v2\/pages\/777\/revisions\/3411"}],"up":[{"embeddable":true,"href":"https:\/\/responsivedeployment.com\/es\/wp-json\/wp\/v2\/pages\/109"}],"wp:featuredmedia":[{"embeddable":true,"href":"https:\/\/responsivedeployment.com\/es\/wp-json\/wp\/v2\/media\/2178"}],"wp:attachment":[{"href":"https:\/\/responsivedeployment.com\/es\/wp-json\/wp\/v2\/media?parent=777"}],"curies":[{"name":"wp","href":"https:\/\/api.w.org\/{rel}","templated":true}]}}