{"id":775,"date":"2024-05-23T19:56:17","date_gmt":"2024-05-23T19:56:17","guid":{"rendered":"https:\/\/staging.responsivedeployment.com\/?page_id=775"},"modified":"2024-07-03T12:54:50","modified_gmt":"2024-07-03T12:54:50","slug":"program-management","status":"publish","type":"page","link":"https:\/\/responsivedeployment.com\/es\/what-we-do\/program-management\/","title":{"rendered":"Gesti\u00f3n de programas"},"content":{"rendered":"<div data-elementor-type=\"wp-page\" data-elementor-id=\"775\" class=\"elementor elementor-775\" data-elementor-post-type=\"page\">\n\t\t\t\t<div class=\"elementor-element elementor-element-6391540f e-con-full e-flex e-con e-parent\" data-id=\"6391540f\" data-element_type=\"container\" data-settings=\"{&quot;background_background&quot;:&quot;classic&quot;}\">\n\t\t<div class=\"elementor-element elementor-element-1c38c93e e-con-full e-flex e-con e-child\" data-id=\"1c38c93e\" data-element_type=\"container\" data-settings=\"{&quot;background_background&quot;:&quot;classic&quot;}\">\n\t\t\t\t<\/div>\n\t\t<div class=\"elementor-element elementor-element-3045f5c0 e-con-full e-flex e-con e-child\" data-id=\"3045f5c0\" data-element_type=\"container\">\n\t\t<div class=\"elementor-element elementor-element-3520fd0f e-con-full e-flex e-con e-child\" data-id=\"3520fd0f\" data-element_type=\"container\" data-settings=\"{&quot;background_background&quot;:&quot;classic&quot;}\">\n\t\t\t\t<\/div>\n\t\t\t\t<\/div>\n\t\t\t\t<\/div>\n\t\t<div class=\"elementor-element elementor-element-1565e45f e-flex e-con-boxed e-con e-parent\" data-id=\"1565e45f\" data-element_type=\"container\" data-settings=\"{&quot;background_background&quot;:&quot;classic&quot;}\">\n\t\t\t\t\t<div class=\"e-con-inner\">\n\t\t\t\t<div class=\"elementor-element elementor-element-22b23cd0 elementor-widget-mobile__width-inherit elementor-widget elementor-widget-heading\" data-id=\"22b23cd0\" data-element_type=\"widget\" data-widget_type=\"heading.default\">\n\t\t\t\t<div class=\"elementor-widget-container\">\n\t\t\t<style>\/*! elementor - v3.23.0 - 05-08-2024 *\/\n.elementor-heading-title{padding:0;margin:0;line-height:1}.elementor-widget-heading .elementor-heading-title[class*=elementor-size-]>a{color:inherit;font-size:inherit;line-height:inherit}.elementor-widget-heading .elementor-heading-title.elementor-size-small{font-size:15px}.elementor-widget-heading .elementor-heading-title.elementor-size-medium{font-size:19px}.elementor-widget-heading .elementor-heading-title.elementor-size-large{font-size:29px}.elementor-widget-heading .elementor-heading-title.elementor-size-xl{font-size:39px}.elementor-widget-heading .elementor-heading-title.elementor-size-xxl{font-size:59px}<\/style><h2 class=\"elementor-heading-title elementor-size-default\">QU\u00c9 HACEMOS<\/h2>\t\t<\/div>\n\t\t\t\t<\/div>\n\t\t\t\t\t<\/div>\n\t\t\t\t<\/div>\n\t\t<div class=\"elementor-element elementor-element-4a87fa10 e-flex e-con-boxed e-con e-parent\" data-id=\"4a87fa10\" data-element_type=\"container\">\n\t\t\t\t\t<div class=\"e-con-inner\">\n\t\t<div class=\"elementor-element elementor-element-96d9bdb e-con-full e-flex e-con e-child\" data-id=\"96d9bdb\" data-element_type=\"container\">\n\t\t<div class=\"elementor-element elementor-element-ccdc1b9 e-con-full e-flex e-con e-child\" data-id=\"ccdc1b9\" data-element_type=\"container\" data-settings=\"{&quot;background_background&quot;:&quot;classic&quot;}\">\n\t\t<div class=\"elementor-element elementor-element-71a48c5 e-flex e-con-boxed e-con e-child\" data-id=\"71a48c5\" data-element_type=\"container\">\n\t\t\t\t\t<div class=\"e-con-inner\">\n\t\t\t\t<div class=\"elementor-element elementor-element-2771153 elementor-view-stacked elementor-hidden-mobile elementor-shape-circle elementor-widget elementor-widget-icon\" data-id=\"2771153\" data-element_type=\"widget\" data-widget_type=\"icon.default\">\n\t\t\t\t<div class=\"elementor-widget-container\">\n\t\t\t\t\t<div class=\"elementor-icon-wrapper\">\n\t\t\t<div class=\"elementor-icon\">\n\t\t\t<svg xmlns=\"http:\/\/www.w3.org\/2000\/svg\" id=\"Layer_1\" viewbox=\"0 0 488 487.08\"><defs><style>.cls-1{fill:#fff;stroke-width:0px;}<\/style><\/defs><g id=\"zlA3O0\"><path class=\"cls-1\" d=\"M0,449c0-117.96,0-235.91,0-353.87.2-.43.53-.84.6-1.29,2.98-21.4,21.5-37.39,45.33-36.82,12.68.31,25.37-.05,38.06.13,3.1.04,4.65-.77,5.99-3.77,4.45-9.92,11.95-16.87,21.94-21.33,9.52-4.25,19.53-3.53,29.48-3.44,2.92.03,4.36-.8,5.7-3.53,1.92-3.92,4.46-7.65,7.26-11.02,6.68-8.02,15.95-11.63,25.78-14.06,3.81,0,7.62,0,11.44,0,1.97.58,3.93,1.19,5.9,1.74,9.71,2.69,18.75,7.65,22.92,16.51,4.62,9.84,11.26,11.61,20.49,10.31.93-.13,1.9-.03,2.86.02,17.72,1.01,30.66,9.29,38.27,25.38,1.13,2.39,2.34,3.2,4.95,3.17,13.34-.13,26.7-.53,40.01.13,6.82.34,14.1,1.49,20.2,4.35,17.11,8.02,24.56,22.49,24.56,41.08,0,112.86,0,225.71,0,338.57,0,.79.01,1.59,0,2.38-.55,23.16-15.83,40.19-38.89,42.97-5.17.62-10.46.41-15.7.42-90.37.02-180.73-.01-271.1.04-15.4,0-28.68-4.84-37.43-17.79-4.04-5.97-5.8-13.48-8.6-20.28ZM285.93,85.71c0,4.87.07,9.14-.01,13.4-.18,9.03-5.94,14.99-14.94,15-56.69.07-113.39.07-170.08,0-9.24,0-14.96-5.98-15.1-15.33-.06-4.24-.01-8.48-.01-13.18-13.27,0-26.09,0-38.9,0-13.4,0-18.29,4.91-18.29,18.37,0,112.06,0,224.12,0,336.17,0,13.44,4.9,18.35,18.31,18.35,92.58,0,185.17,0,277.75,0,13.53,0,18.46-4.86,18.47-18.2,0-112.22,0-224.43,0-336.65,0-1.58.06-3.18-.08-4.75-.6-7.01-5.84-12.92-12.82-13.09-14.57-.36-29.15-.11-44.29-.11ZM257.34,85.46c0-4.58.04-8.68,0-12.78-.12-9.84-5.85-15.52-15.79-15.59-8.41-.06-16.82.02-25.23-.02-9.93-.05-15.21-4.89-16.19-14.76-.81-8.11-6.66-13.74-14.28-13.73-7.63,0-13.45,5.63-14.26,13.75-.98,9.85-6.27,14.69-16.21,14.74-8.73.04-17.46-.07-26.18.04-7.43.1-13.42,4.47-14.35,11.36-.74,5.53-.15,11.23-.15,16.99h142.64Z\"><\/path><path class=\"cls-1\" d=\"M488,419.51c-2.79,6.81-4.43,14.44-8.6,20.26-11.55,16.11-29.63,21.25-48.51,15.15-16.64-5.37-28.1-21.41-28.62-40.32-.19-6.97-.04-13.94-.04-20.92,0-75.11.05-150.22-.06-225.33-.01-9.25,1.91-17.81,6.12-26.03,7.72-15.07,15.27-30.24,22.76-45.43,2.95-5.99,7.13-10.25,14.15-10.21,7.03.04,11.12,4.38,14.06,10.36,7.62,15.48,15.54,30.81,23.05,46.35,2.38,4.93,3.83,10.3,5.7,15.47v260.65ZM459.06,371.74v-170.79h-27.99v170.79h27.99ZM430.88,400.65c0,5.37-.25,10.27.06,15.13.47,7.35,6.5,12.97,13.7,13.21,6.98.24,13.6-4.78,14.42-11.82.63-5.39.12-10.91.12-16.52h-28.31ZM445.11,133.75c-5.04,12.74-16.29,22.99-14.05,38.17h28.15c2.07-15.33-9.07-25.49-14.09-38.17Z\"><\/path><path class=\"cls-1\" d=\"M100.23,195.44c5.03-5.32,9.39-10.1,13.95-14.69,10.73-10.81,21.45-21.62,32.36-32.24,8.63-8.4,21.51-5.2,24.5,5.9,1.4,5.21-.02,9.83-3.72,13.54-19.02,19.11-38.06,38.21-57.28,57.11-5.97,5.87-14.01,5.73-20.08-.12-9.59-9.25-19.01-18.67-28.3-28.22-6.03-6.2-5.91-14.77-.15-20.41,5.76-5.64,14.19-5.58,20.46.5,5.92,5.73,11.55,11.76,18.27,18.63Z\"><\/path><path class=\"cls-1\" d=\"M100.06,294.95c15.68-15.73,30.69-30.76,45.67-45.83,4.45-4.48,9.45-6.88,15.85-4.8,9.43,3.07,12.96,14.02,7.04,21.97-.94,1.26-2.07,2.4-3.19,3.52-17.73,17.71-35.46,35.42-53.21,53.11-8.39,8.36-15.87,8.37-24.24.05-8.77-8.72-17.66-17.34-26.23-26.26-8.25-8.58-4.57-21.64,6.65-24.25,5.44-1.27,10,.62,13.83,4.46,5.8,5.82,11.55,11.68,17.82,18.03Z\"><\/path><path class=\"cls-1\" d=\"M100.05,394.81c15.67-15.71,30.69-30.74,45.67-45.81,4.45-4.48,9.45-6.89,15.85-4.81,9.44,3.06,12.97,14.01,7.06,21.97-.94,1.26-2.07,2.4-3.19,3.52-17.73,17.71-35.46,35.42-53.21,53.11-8.39,8.36-15.88,8.38-24.24.07-8.77-8.72-17.66-17.34-26.23-26.26-8.25-8.59-4.59-21.63,6.63-24.25,5.44-1.27,10,.61,13.83,4.44,5.8,5.82,11.56,11.68,17.82,18.03Z\"><\/path><path class=\"cls-1\" d=\"M257.35,172.18c13.66,0,27.32-.03,40.98.01,9.69.03,16.17,5.79,16.17,14.26,0,8.47-6.48,14.24-16.18,14.25-27.32.03-54.64.03-81.95,0-9.69-.01-16.17-5.79-16.17-14.26,0-8.47,6.48-14.23,16.18-14.25,13.66-.04,27.32-.01,40.98-.01Z\"><\/path><path class=\"cls-1\" d=\"M257.35,272.06c13.66,0,27.32-.03,40.98.01,9.69.03,16.17,5.79,16.16,14.27,0,8.47-6.48,14.24-16.18,14.25-27.32.03-54.64.03-81.95,0-9.69-.01-16.17-5.79-16.16-14.27,0-8.47,6.48-14.22,16.18-14.25,13.66-.04,27.32,0,40.98,0Z\"><\/path><path class=\"cls-1\" d=\"M257.07,400.48c-13.66,0-27.32.04-40.98-.01-9.37-.04-15.78-5.76-15.9-14.05-.13-8.48,6.38-14.45,15.97-14.46,27.48-.04,54.95-.04,82.43,0,9.37.01,15.78,5.76,15.9,14.05.13,8.48-6.38,14.43-15.97,14.46-13.82.05-27.64.01-41.45.01Z\"><\/path><\/g><\/svg>\t\t\t<\/div>\n\t\t<\/div>\n\t\t\t\t<\/div>\n\t\t\t\t<\/div>\n\t\t\t\t\t<\/div>\n\t\t\t\t<\/div>\n\t\t\t\t<\/div>\n\t\t\t\t<\/div>\n\t\t<div class=\"elementor-element elementor-element-567af966 e-con-full e-flex e-con e-child\" data-id=\"567af966\" data-element_type=\"container\">\n\t\t\t\t<div class=\"elementor-element elementor-element-37afd178 elementor-widget elementor-widget-text-editor\" data-id=\"37afd178\" data-element_type=\"widget\" data-widget_type=\"text-editor.default\">\n\t\t\t\t<div class=\"elementor-widget-container\">\n\t\t\t<style>\/*! elementor - v3.23.0 - 05-08-2024 *\/\n.elementor-widget-text-editor.elementor-drop-cap-view-stacked .elementor-drop-cap{background-color:#69727d;color:#fff}.elementor-widget-text-editor.elementor-drop-cap-view-framed .elementor-drop-cap{color:#69727d;border:3px solid;background-color:transparent}.elementor-widget-text-editor:not(.elementor-drop-cap-view-default) .elementor-drop-cap{margin-top:8px}.elementor-widget-text-editor:not(.elementor-drop-cap-view-default) .elementor-drop-cap-letter{width:1em;height:1em}.elementor-widget-text-editor .elementor-drop-cap{float:left;text-align:center;line-height:1;font-size:50px}.elementor-widget-text-editor .elementor-drop-cap-letter{display:inline-block}<\/style>\t\t\t\tEn RD destacamos en la gesti\u00f3n de programas, ofreciendo un conjunto completo de servicios para supervisar y orquestar proyectos complejos de principio a fin. Gracias a nuestra amplia experiencia y conocimientos, estamos especializados en planificaci\u00f3n estrat\u00e9gica, asignaci\u00f3n de recursos, gesti\u00f3n de riesgos y comunicaci\u00f3n con las partes interesadas para garantizar el \u00e9xito de los proyectos.\t\t\t\t\t\t<\/div>\n\t\t\t\t<\/div>\n\t\t\t\t<\/div>\n\t\t\t\t\t<\/div>\n\t\t\t\t<\/div>\n\t\t<div class=\"elementor-element elementor-element-774c6f01 e-con-full e-flex e-con e-parent\" data-id=\"774c6f01\" data-element_type=\"container\" data-settings=\"{&quot;background_background&quot;:&quot;classic&quot;}\">\n\t\t<div class=\"elementor-element elementor-element-12f20b87 e-con-full e-flex e-con e-child\" data-id=\"12f20b87\" data-element_type=\"container\">\n\t\t<div class=\"elementor-element elementor-element-e5a16bd e-con-full e-flex e-con e-child\" data-id=\"e5a16bd\" data-element_type=\"container\">\n\t\t<div class=\"elementor-element elementor-element-6d5b3c59 e-con-full e-flex e-con e-child\" data-id=\"6d5b3c59\" data-element_type=\"container\" data-settings=\"{&quot;background_background&quot;:&quot;classic&quot;}\">\n\t\t\t\t<div class=\"elementor-element elementor-element-12cc16e9 elementor-widget elementor-widget-spacer\" data-id=\"12cc16e9\" data-element_type=\"widget\" data-widget_type=\"spacer.default\">\n\t\t\t\t<div class=\"elementor-widget-container\">\n\t\t\t<style>\/*! elementor - v3.23.0 - 05-08-2024 *\/\n.elementor-column .elementor-spacer-inner{height:var(--spacer-size)}.e-con{--container-widget-width:100%}.e-con-inner>.elementor-widget-spacer,.e-con>.elementor-widget-spacer{width:var(--container-widget-width,var(--spacer-size));--align-self:var(--container-widget-align-self,initial);--flex-shrink:0}.e-con-inner>.elementor-widget-spacer>.elementor-widget-container,.e-con>.elementor-widget-spacer>.elementor-widget-container{height:100%;width:100%}.e-con-inner>.elementor-widget-spacer>.elementor-widget-container>.elementor-spacer,.e-con>.elementor-widget-spacer>.elementor-widget-container>.elementor-spacer{height:100%}.e-con-inner>.elementor-widget-spacer>.elementor-widget-container>.elementor-spacer>.elementor-spacer-inner,.e-con>.elementor-widget-spacer>.elementor-widget-container>.elementor-spacer>.elementor-spacer-inner{height:var(--container-widget-height,var(--spacer-size))}.e-con-inner>.elementor-widget-spacer.elementor-widget-empty,.e-con>.elementor-widget-spacer.elementor-widget-empty{position:relative;min-height:22px;min-width:22px}.e-con-inner>.elementor-widget-spacer.elementor-widget-empty .elementor-widget-empty-icon,.e-con>.elementor-widget-spacer.elementor-widget-empty .elementor-widget-empty-icon{position:absolute;top:0;bottom:0;left:0;right:0;margin:auto;padding:0;width:22px;height:22px}<\/style>\t\t<div class=\"elementor-spacer\">\n\t\t\t<div class=\"elementor-spacer-inner\"><\/div>\n\t\t<\/div>\n\t\t\t\t<\/div>\n\t\t\t\t<\/div>\n\t\t\t\t<\/div>\n\t\t\t\t<\/div>\n\t\t\t\t<\/div>\n\t\t<div class=\"elementor-element elementor-element-2aed53d7 e-flex e-con-boxed e-con e-child\" data-id=\"2aed53d7\" data-element_type=\"container\">\n\t\t\t\t\t<div class=\"e-con-inner\">\n\t\t\t\t<div class=\"elementor-element elementor-element-45ac1ba elementor-widget elementor-widget-spacer\" data-id=\"45ac1ba\" data-element_type=\"widget\" data-widget_type=\"spacer.default\">\n\t\t\t\t<div class=\"elementor-widget-container\">\n\t\t\t\t\t<div class=\"elementor-spacer\">\n\t\t\t<div class=\"elementor-spacer-inner\"><\/div>\n\t\t<\/div>\n\t\t\t\t<\/div>\n\t\t\t\t<\/div>\n\t\t\t\t\t<\/div>\n\t\t\t\t<\/div>\n\t\t\t\t<\/div>\n\t\t<div class=\"elementor-element elementor-element-7c5741e7 e-flex e-con-boxed e-con e-parent\" data-id=\"7c5741e7\" data-element_type=\"container\" data-settings=\"{&quot;background_background&quot;:&quot;classic&quot;}\">\n\t\t\t\t\t<div class=\"e-con-inner\">\n\t\t<div class=\"elementor-element elementor-element-4a511f4f e-con-full e-flex e-con e-child\" data-id=\"4a511f4f\" data-element_type=\"container\">\n\t\t\t\t<div class=\"elementor-element elementor-element-3cd2d56 elementor-widget elementor-widget-heading\" data-id=\"3cd2d56\" data-element_type=\"widget\" data-widget_type=\"heading.default\">\n\t\t\t\t<div class=\"elementor-widget-container\">\n\t\t\t<h2 class=\"elementor-heading-title elementor-size-default\">Mejorar la eficacia y el \u00e9xito\n<\/h2>\t\t<\/div>\n\t\t\t\t<\/div>\n\t\t\t\t<div class=\"elementor-element elementor-element-618ebec8 elementor-widget elementor-widget-text-editor\" data-id=\"618ebec8\" data-element_type=\"widget\" data-widget_type=\"text-editor.default\">\n\t\t\t\t<div class=\"elementor-widget-container\">\n\t\t\t\t\t\t\t\n\nNuestro enfoque de gesti\u00f3n de programas aporta numerosas ventajas a nuestros clientes. Al proporcionar un marco centralizado para la gesti\u00f3n de proyectos, mejoramos la eficiencia, reducimos los costes y mitigamos los riesgos. Fomentamos la colaboraci\u00f3n entre equipos, agilizamos los procesos de toma de decisiones y garantizamos la alineaci\u00f3n con las metas y objetivos de la organizaci\u00f3n.\t\t\t\t\t\t<\/div>\n\t\t\t\t<\/div>\n\t\t\t\t<div class=\"elementor-element elementor-element-e648fd7 elementor-widget elementor-widget-heading\" data-id=\"e648fd7\" data-element_type=\"widget\" data-widget_type=\"heading.default\">\n\t\t\t\t<div class=\"elementor-widget-container\">\n\t\t\t<h2 class=\"elementor-heading-title elementor-size-default\">Excelencia reflejada en cada proyecto\n<\/h2>\t\t<\/div>\n\t\t\t\t<\/div>\n\t\t\t\t<div class=\"elementor-element elementor-element-235ad52e elementor-widget elementor-widget-text-editor\" data-id=\"235ad52e\" data-element_type=\"widget\" data-widget_type=\"text-editor.default\">\n\t\t\t\t<div class=\"elementor-widget-container\">\n\t\t\t\t\t\t\t<p>RD tiene un historial probado de \u00e9xito en diversos sectores y tipos de proyectos. Desde proyectos de construcci\u00f3n a gran escala y desarrollo de infraestructuras hasta iniciativas de cambio organizativo e implantaciones tecnol\u00f3gicas, contamos con los conocimientos y la experiencia necesarios para obtener resultados satisfactorios incluso en las empresas m\u00e1s complejas.<\/p>\t\t\t\t\t\t<\/div>\n\t\t\t\t<\/div>\n\t\t\t\t<div class=\"elementor-element elementor-element-624b2fba elementor-widget elementor-widget-heading\" data-id=\"624b2fba\" data-element_type=\"widget\" data-widget_type=\"heading.default\">\n\t\t\t\t<div class=\"elementor-widget-container\">\n\t\t\t<h2 class=\"elementor-heading-title elementor-size-default\">Supervisamos cada paso de su proyecto de construcci\u00f3n<\/h2>\t\t<\/div>\n\t\t\t\t<\/div>\n\t\t\t\t<div class=\"elementor-element elementor-element-7026caf8 elementor-widget elementor-widget-text-editor\" data-id=\"7026caf8\" data-element_type=\"widget\" data-widget_type=\"text-editor.default\">\n\t\t\t\t<div class=\"elementor-widget-container\">\n\t\t\t\t\t\t\t<p>Nuestro equipo de gesti\u00f3n de programas se dedica a ofrecer soluciones a medida que satisfagan las necesidades espec\u00edficas de cada proyecto. Aprovechamos las mejores pr\u00e1cticas, normas y metodolog\u00edas del sector para guiar los proyectos desde su concepci\u00f3n hasta su finalizaci\u00f3n, garantizando que se completen a tiempo, dentro del presupuesto y con los m\u00e1s altos est\u00e1ndares de calidad. Con la experiencia de RD en gesti\u00f3n de programas, los clientes pueden confiar en que sus proyectos est\u00e1n en buenas manos, preparados para el \u00e9xito de principio a fin.<\/p>\t\t\t\t\t\t<\/div>\n\t\t\t\t<\/div>\n\t\t\t\t<\/div>\n\t\t<div class=\"elementor-element elementor-element-74c451cb e-con-full e-flex e-con e-child\" data-id=\"74c451cb\" data-element_type=\"container\">\n\t\t<div class=\"elementor-element elementor-element-161926e e-con-full e-flex elementor-invisible e-con e-child\" data-id=\"161926e\" data-element_type=\"container\" data-settings=\"{&quot;background_background&quot;:&quot;classic&quot;,&quot;animation&quot;:&quot;fadeInRight&quot;}\">\n\t\t\t\t<div class=\"elementor-element elementor-element-2471bf69 elementor-widget elementor-widget-heading\" data-id=\"2471bf69\" data-element_type=\"widget\" data-widget_type=\"heading.default\">\n\t\t\t\t<div class=\"elementor-widget-container\">\n\t\t\t<h3 class=\"elementor-heading-title elementor-size-default\">En RD, nuestros gestores de programas se centran en su \u00e9xito, utilizando su experiencia y su enfoque pr\u00e1ctico para ofrecer resultados excepcionales adaptados a sus necesidades.\n<\/h3>\t\t<\/div>\n\t\t\t\t<\/div>\n\t\t\t\t<\/div>\n\t\t\t\t<\/div>\n\t\t\t\t\t<\/div>\n\t\t\t\t<\/div>\n\t\t<div class=\"elementor-element elementor-element-6e29f524 e-con-full e-flex e-con e-parent\" data-id=\"6e29f524\" data-element_type=\"container\" data-settings=\"{&quot;background_background&quot;:&quot;classic&quot;}\">\n\t\t<div class=\"elementor-element elementor-element-2ba16e86 e-con-full e-flex e-con e-child\" data-id=\"2ba16e86\" data-element_type=\"container\" data-settings=\"{&quot;background_background&quot;:&quot;classic&quot;}\">\n\t\t\t\t<div class=\"elementor-element elementor-element-218becfe elementor-widget elementor-widget-spacer\" data-id=\"218becfe\" data-element_type=\"widget\" data-widget_type=\"spacer.default\">\n\t\t\t\t<div class=\"elementor-widget-container\">\n\t\t\t\t\t<div class=\"elementor-spacer\">\n\t\t\t<div class=\"elementor-spacer-inner\"><\/div>\n\t\t<\/div>\n\t\t\t\t<\/div>\n\t\t\t\t<\/div>\n\t\t\t\t<\/div>\n\t\t<div class=\"elementor-element elementor-element-23c86cfa e-con-full e-flex e-con e-child\" data-id=\"23c86cfa\" data-element_type=\"container\">\n\t\t\t\t<div class=\"elementor-element elementor-element-78c04bc3 elementor-widget elementor-widget-spacer\" data-id=\"78c04bc3\" data-element_type=\"widget\" data-widget_type=\"spacer.default\">\n\t\t\t\t<div class=\"elementor-widget-container\">\n\t\t\t\t\t<div class=\"elementor-spacer\">\n\t\t\t<div class=\"elementor-spacer-inner\"><\/div>\n\t\t<\/div>\n\t\t\t\t<\/div>\n\t\t\t\t<\/div>\n\t\t\t\t<\/div>\n\t\t\t\t<\/div>\n\t\t\t\t<\/div>","protected":false},"excerpt":{"rendered":"<p>QU\u00c9 HACEMOS En RD destacamos en la gesti\u00f3n de programas, ofreciendo un conjunto completo de servicios para supervisar y orquestar proyectos complejos de principio a fin. Con nuestra amplia experiencia y conocimientos, nos especializamos en la planificaci\u00f3n estrat\u00e9gica, la asignaci\u00f3n de recursos, la gesti\u00f3n de riesgos y la comunicaci\u00f3n con las partes interesadas para garantizar el \u00e9xito en la ejecuci\u00f3n de los proyectos. Mejorar la eficiencia y el \u00e9xito Nuestro programa [...]<\/p>","protected":false},"author":2,"featured_media":2111,"parent":109,"menu_order":0,"comment_status":"closed","ping_status":"closed","template":"elementor_header_footer","meta":{"inline_featured_image":false,"footnotes":""},"class_list":["post-775","page","type-page","status-publish","has-post-thumbnail","hentry"],"_links":{"self":[{"href":"https:\/\/responsivedeployment.com\/es\/wp-json\/wp\/v2\/pages\/775","targetHints":{"allow":["GET"]}}],"collection":[{"href":"https:\/\/responsivedeployment.com\/es\/wp-json\/wp\/v2\/pages"}],"about":[{"href":"https:\/\/responsivedeployment.com\/es\/wp-json\/wp\/v2\/types\/page"}],"author":[{"embeddable":true,"href":"https:\/\/responsivedeployment.com\/es\/wp-json\/wp\/v2\/users\/2"}],"replies":[{"embeddable":true,"href":"https:\/\/responsivedeployment.com\/es\/wp-json\/wp\/v2\/comments?post=775"}],"version-history":[{"count":5,"href":"https:\/\/responsivedeployment.com\/es\/wp-json\/wp\/v2\/pages\/775\/revisions"}],"predecessor-version":[{"id":3000,"href":"https:\/\/responsivedeployment.com\/es\/wp-json\/wp\/v2\/pages\/775\/revisions\/3000"}],"up":[{"embeddable":true,"href":"https:\/\/responsivedeployment.com\/es\/wp-json\/wp\/v2\/pages\/109"}],"wp:featuredmedia":[{"embeddable":true,"href":"https:\/\/responsivedeployment.com\/es\/wp-json\/wp\/v2\/media\/2111"}],"wp:attachment":[{"href":"https:\/\/responsivedeployment.com\/es\/wp-json\/wp\/v2\/media?parent=775"}],"curies":[{"name":"wp","href":"https:\/\/api.w.org\/{rel}","templated":true}]}}