{"id":773,"date":"2024-05-23T19:55:32","date_gmt":"2024-05-23T19:55:32","guid":{"rendered":"https:\/\/staging.responsivedeployment.com\/?page_id=773"},"modified":"2024-07-19T21:56:18","modified_gmt":"2024-07-19T21:56:18","slug":"consulting","status":"publish","type":"page","link":"https:\/\/responsivedeployment.com\/es\/what-we-do\/consulting\/","title":{"rendered":"Consultor\u00eda"},"content":{"rendered":"<div data-elementor-type=\"wp-page\" data-elementor-id=\"773\" class=\"elementor elementor-773\" data-elementor-post-type=\"page\">\n\t\t\t\t<div class=\"elementor-element elementor-element-32fef619 e-con-full e-flex e-con e-parent\" data-id=\"32fef619\" data-element_type=\"container\" data-settings=\"{&quot;background_background&quot;:&quot;classic&quot;}\">\n\t\t<div class=\"elementor-element elementor-element-ddfd8a4 e-con-full e-flex e-con e-child\" data-id=\"ddfd8a4\" data-element_type=\"container\" data-settings=\"{&quot;background_background&quot;:&quot;classic&quot;}\">\n\t\t\t\t<\/div>\n\t\t<div class=\"elementor-element elementor-element-3449b878 e-con-full e-flex e-con e-child\" data-id=\"3449b878\" data-element_type=\"container\">\n\t\t<div class=\"elementor-element elementor-element-cf56b2a e-con-full e-flex e-con e-child\" data-id=\"cf56b2a\" data-element_type=\"container\" data-settings=\"{&quot;background_background&quot;:&quot;classic&quot;}\">\n\t\t\t\t<\/div>\n\t\t\t\t<\/div>\n\t\t\t\t<\/div>\n\t\t<div class=\"elementor-element elementor-element-4975887e e-flex e-con-boxed e-con e-parent\" data-id=\"4975887e\" data-element_type=\"container\" data-settings=\"{&quot;background_background&quot;:&quot;classic&quot;}\">\n\t\t\t\t\t<div class=\"e-con-inner\">\n\t\t\t\t<div class=\"elementor-element elementor-element-2d95eb14 elementor-widget-mobile__width-inherit elementor-widget elementor-widget-heading\" data-id=\"2d95eb14\" data-element_type=\"widget\" data-widget_type=\"heading.default\">\n\t\t\t\t<div class=\"elementor-widget-container\">\n\t\t\t<style>\/*! elementor - v3.23.0 - 05-08-2024 *\/\n.elementor-heading-title{padding:0;margin:0;line-height:1}.elementor-widget-heading .elementor-heading-title[class*=elementor-size-]>a{color:inherit;font-size:inherit;line-height:inherit}.elementor-widget-heading .elementor-heading-title.elementor-size-small{font-size:15px}.elementor-widget-heading .elementor-heading-title.elementor-size-medium{font-size:19px}.elementor-widget-heading .elementor-heading-title.elementor-size-large{font-size:29px}.elementor-widget-heading .elementor-heading-title.elementor-size-xl{font-size:39px}.elementor-widget-heading .elementor-heading-title.elementor-size-xxl{font-size:59px}<\/style><h2 class=\"elementor-heading-title elementor-size-default\">QU\u00c9 HACEMOS<\/h2>\t\t<\/div>\n\t\t\t\t<\/div>\n\t\t\t\t\t<\/div>\n\t\t\t\t<\/div>\n\t\t<div class=\"elementor-element elementor-element-624b0e89 e-flex e-con-boxed e-con e-parent\" data-id=\"624b0e89\" data-element_type=\"container\">\n\t\t\t\t\t<div class=\"e-con-inner\">\n\t\t<div class=\"elementor-element elementor-element-ddcda99 e-con-full e-flex e-con e-child\" data-id=\"ddcda99\" data-element_type=\"container\">\n\t\t<div class=\"elementor-element elementor-element-e354775 e-con-full e-flex e-con e-child\" data-id=\"e354775\" data-element_type=\"container\" data-settings=\"{&quot;background_background&quot;:&quot;classic&quot;}\">\n\t\t<div class=\"elementor-element elementor-element-ccfbb5e e-flex e-con-boxed e-con e-child\" data-id=\"ccfbb5e\" data-element_type=\"container\">\n\t\t\t\t\t<div class=\"e-con-inner\">\n\t\t\t\t<div class=\"elementor-element elementor-element-12068e7 elementor-view-stacked elementor-hidden-mobile elementor-shape-circle elementor-widget elementor-widget-icon\" data-id=\"12068e7\" data-element_type=\"widget\" data-widget_type=\"icon.default\">\n\t\t\t\t<div class=\"elementor-widget-container\">\n\t\t\t\t\t<div class=\"elementor-icon-wrapper\">\n\t\t\t<div class=\"elementor-icon\">\n\t\t\t<svg xmlns=\"http:\/\/www.w3.org\/2000\/svg\" id=\"Layer_1\" viewbox=\"0 0 480.06 478.8\"><defs><style>.cls-1{fill:#fff;stroke-width:0px;}<\/style><\/defs><g id=\"_7BzR4K\"><path class=\"cls-1\" d=\"M479.64,478.8H.02c0-2.87-.04-5.48,0-8.09.3-16.62-.78-33.4,1.22-49.81,4-32.83,21.75-57.2,50.31-73.81,1.01-.59,2.05-1.11,3.04-1.72.24-.15.36-.5.74-1.07-13.31-14.84-19.47-32.13-16.12-52.18,2.39-14.3,9.26-26.22,20.25-35.71,22.78-19.68,56.65-19.34,79.23.21,20.46,17.72,31.86,55.2,4.81,86.91,8.8,6.1,17.63,12.23,26.55,18.42,8.22-5.8,16.98-11.97,25.7-18.12-26.82-30.54-17.27-67.91,3.68-86.49,23.13-20.51,57.43-20.68,80.36-.67,21.88,19.11,30.9,57.09,4.36,87.19,8.63,6.07,17.3,12.16,25.81,18.15,8.06-5.72,16.42-11.65,25.13-17.83-13.63-15.17-19.74-33.16-15.68-53.84,2.82-14.38,10.18-26.28,21.71-35.4,23.97-18.96,57.39-17.33,79.49,3.61,19.96,18.91,28.36,54.89,2.33,85.37.8.53,1.54,1.1,2.35,1.54,32.6,17.73,51.3,44.93,54.14,81.92,1.29,16.85.22,33.88.22,51.42ZM311.55,450.69c2.86-32.48-5.43-59.9-34.2-77.36-25.83-15.67-52.52-15-77.63,1.78-26.81,17.91-34.36,44.58-31.17,75.58h142.99ZM139.97,450.67c0-3.72.1-6.87-.02-10.01-.67-18.46,2.55-36.09,11.41-52.44,1.64-3.02-.13-4.27-1.82-5.79-19.62-17.69-42.36-24.03-68.01-17.32-31.66,8.28-58.75,37.56-52.92,85.56h111.36ZM339.94,450.64c1.61.18,2.26.32,2.91.32,34.99.01,69.98-.02,104.96.09,3.45.01,4.29-1.31,4.13-4.42-.2-3.81,0-7.65-.06-11.47-.57-45.26-38.1-77.76-83.05-71.62-16.38,2.24-30.13,9.91-41.66,22.16,11.81,20.17,13.85,42.15,12.78,64.95ZM411.17,302.28c.06-17.74-14.56-32.45-32.29-32.52-17.72-.06-32.51,14.59-32.58,32.27-.07,17.7,14.59,32.43,32.34,32.48,17.81.05,32.48-14.48,32.54-32.24ZM272.27,302.23c.03-17.85-14.45-32.43-32.26-32.47-17.73-.04-32.47,14.6-32.54,32.31-.07,17.68,14.64,32.42,32.39,32.44,17.87.02,32.38-14.43,32.41-32.28ZM131.23,302c-.05-17.77-14.75-32.34-32.51-32.25-17.72.09-32.43,14.9-32.32,32.55.11,17.73,14.86,32.29,32.62,32.21,17.83-.08,32.26-14.64,32.21-32.51Z\"><\/path><path class=\"cls-1\" d=\"M239.92,229.63c-9.74-14.64-19.29-28.62-28.38-42.89-2.72-4.27-5.62-5.89-10.75-5.85-31.16.26-62.32.26-93.48.08-23.71-.13-42.32-14.79-47.49-37.19-.93-4.01-1.29-8.23-1.31-12.36-.11-27.27-.15-54.55-.03-81.82.11-25.25,15.84-44.51,39.87-48.89,3.57-.65,7.29-.68,10.95-.68C196.45,0,283.59-.02,370.74.02c30.37.01,50.49,20.08,50.53,50.24.04,26.94.05,53.88,0,80.82-.05,29.57-20.26,49.83-49.87,49.91-31.49.09-62.99.07-94.48-.05-3.37-.01-5.37.97-7.24,3.86-8.66,13.41-17.59,26.64-26.43,39.93-.99,1.49-2.01,2.96-3.33,4.89ZM239.96,178.87c5-7.52,9.83-14.45,14.27-21.62,1.97-3.18,4.14-4.39,7.99-4.38,36.31.17,72.63.11,108.94.09,14.12,0,22.03-7.83,22.04-21.81.03-26.93.02-53.86,0-80.8,0-14.65-7.74-22.29-22.57-22.29-87.12,0-174.24,0-261.35,0-14.87,0-22.59,7.56-22.62,22.27-.05,26.77-.05,53.53,0,80.3.03,14.75,7.73,22.33,22.57,22.33,36.31.01,72.63.06,108.94-.08,3.43-.01,5.4,1.08,7.18,3.92,4.58,7.27,9.47,14.35,14.61,22.07Z\"><\/path><path class=\"cls-1\" d=\"M199.98,100.27h-26.89v-26.95h26.89v26.95Z\"><\/path><path class=\"cls-1\" d=\"M226.36,100.12v-26.85h27.17v26.85h-27.17Z\"><\/path><path class=\"cls-1\" d=\"M307.07,73.29v26.82h-27.16v-26.82h27.16Z\"><\/path><\/g><\/svg>\t\t\t<\/div>\n\t\t<\/div>\n\t\t\t\t<\/div>\n\t\t\t\t<\/div>\n\t\t\t\t\t<\/div>\n\t\t\t\t<\/div>\n\t\t\t\t<\/div>\n\t\t\t\t<\/div>\n\t\t<div class=\"elementor-element elementor-element-328b6cae e-con-full e-flex e-con e-child\" data-id=\"328b6cae\" data-element_type=\"container\">\n\t\t\t\t<div class=\"elementor-element elementor-element-6be16fa0 elementor-widget elementor-widget-text-editor\" data-id=\"6be16fa0\" data-element_type=\"widget\" data-widget_type=\"text-editor.default\">\n\t\t\t\t<div class=\"elementor-widget-container\">\n\t\t\t<style>\/*! elementor - v3.23.0 - 05-08-2024 *\/\n.elementor-widget-text-editor.elementor-drop-cap-view-stacked .elementor-drop-cap{background-color:#69727d;color:#fff}.elementor-widget-text-editor.elementor-drop-cap-view-framed .elementor-drop-cap{color:#69727d;border:3px solid;background-color:transparent}.elementor-widget-text-editor:not(.elementor-drop-cap-view-default) .elementor-drop-cap{margin-top:8px}.elementor-widget-text-editor:not(.elementor-drop-cap-view-default) .elementor-drop-cap-letter{width:1em;height:1em}.elementor-widget-text-editor .elementor-drop-cap{float:left;text-align:center;line-height:1;font-size:50px}.elementor-widget-text-editor .elementor-drop-cap-letter{display:inline-block}<\/style>\t\t\t\tEn RD, ofrecemos servicios integrales de consultor\u00eda adaptados a las necesidades de diversos proyectos en distintos sectores. Nuestra experiencia abarca una amplia gama de \u00e1reas, incluyendo Ingenier\u00eda, Adquisiciones y Construcci\u00f3n (EPC), dise\u00f1o y fabricaci\u00f3n de viviendas y estructuras de apoyo, estructuras modulares, dise\u00f1o de campamentos, veh\u00edculos de financiaci\u00f3n, dotaci\u00f3n de personal, servicios integrales y gesti\u00f3n de campamentos, as\u00ed como b\u00fasqueda de ubicaciones.\t\t\t\t\t\t<\/div>\n\t\t\t\t<\/div>\n\t\t\t\t<\/div>\n\t\t\t\t\t<\/div>\n\t\t\t\t<\/div>\n\t\t<div class=\"elementor-element elementor-element-7bd74865 e-con-full e-flex e-con e-parent\" data-id=\"7bd74865\" data-element_type=\"container\" data-settings=\"{&quot;background_background&quot;:&quot;classic&quot;}\">\n\t\t<div class=\"elementor-element elementor-element-3bf13549 e-con-full e-flex e-con e-child\" data-id=\"3bf13549\" data-element_type=\"container\">\n\t\t<div class=\"elementor-element elementor-element-dff4f2a e-con-full e-flex e-con e-child\" data-id=\"dff4f2a\" data-element_type=\"container\">\n\t\t<div class=\"elementor-element elementor-element-7125ca95 e-con-full e-flex e-con e-child\" data-id=\"7125ca95\" data-element_type=\"container\" data-settings=\"{&quot;background_background&quot;:&quot;classic&quot;}\">\n\t\t\t\t<div class=\"elementor-element elementor-element-2512613a elementor-widget elementor-widget-spacer\" data-id=\"2512613a\" data-element_type=\"widget\" data-widget_type=\"spacer.default\">\n\t\t\t\t<div class=\"elementor-widget-container\">\n\t\t\t<style>\/*! elementor - v3.23.0 - 05-08-2024 *\/\n.elementor-column .elementor-spacer-inner{height:var(--spacer-size)}.e-con{--container-widget-width:100%}.e-con-inner>.elementor-widget-spacer,.e-con>.elementor-widget-spacer{width:var(--container-widget-width,var(--spacer-size));--align-self:var(--container-widget-align-self,initial);--flex-shrink:0}.e-con-inner>.elementor-widget-spacer>.elementor-widget-container,.e-con>.elementor-widget-spacer>.elementor-widget-container{height:100%;width:100%}.e-con-inner>.elementor-widget-spacer>.elementor-widget-container>.elementor-spacer,.e-con>.elementor-widget-spacer>.elementor-widget-container>.elementor-spacer{height:100%}.e-con-inner>.elementor-widget-spacer>.elementor-widget-container>.elementor-spacer>.elementor-spacer-inner,.e-con>.elementor-widget-spacer>.elementor-widget-container>.elementor-spacer>.elementor-spacer-inner{height:var(--container-widget-height,var(--spacer-size))}.e-con-inner>.elementor-widget-spacer.elementor-widget-empty,.e-con>.elementor-widget-spacer.elementor-widget-empty{position:relative;min-height:22px;min-width:22px}.e-con-inner>.elementor-widget-spacer.elementor-widget-empty .elementor-widget-empty-icon,.e-con>.elementor-widget-spacer.elementor-widget-empty .elementor-widget-empty-icon{position:absolute;top:0;bottom:0;left:0;right:0;margin:auto;padding:0;width:22px;height:22px}<\/style>\t\t<div class=\"elementor-spacer\">\n\t\t\t<div class=\"elementor-spacer-inner\"><\/div>\n\t\t<\/div>\n\t\t\t\t<\/div>\n\t\t\t\t<\/div>\n\t\t\t\t<\/div>\n\t\t\t\t<\/div>\n\t\t\t\t<\/div>\n\t\t<div class=\"elementor-element elementor-element-35f34ce0 e-flex e-con-boxed e-con e-child\" data-id=\"35f34ce0\" data-element_type=\"container\">\n\t\t\t\t\t<div class=\"e-con-inner\">\n\t\t\t\t<div class=\"elementor-element elementor-element-5a57608a elementor-widget elementor-widget-spacer\" data-id=\"5a57608a\" data-element_type=\"widget\" data-widget_type=\"spacer.default\">\n\t\t\t\t<div class=\"elementor-widget-container\">\n\t\t\t\t\t<div class=\"elementor-spacer\">\n\t\t\t<div class=\"elementor-spacer-inner\"><\/div>\n\t\t<\/div>\n\t\t\t\t<\/div>\n\t\t\t\t<\/div>\n\t\t\t\t\t<\/div>\n\t\t\t\t<\/div>\n\t\t\t\t<\/div>\n\t\t<div class=\"elementor-element elementor-element-ceb3f8c e-flex e-con-boxed e-con e-parent\" data-id=\"ceb3f8c\" data-element_type=\"container\" data-settings=\"{&quot;background_background&quot;:&quot;classic&quot;}\">\n\t\t\t\t\t<div class=\"e-con-inner\">\n\t\t<div class=\"elementor-element elementor-element-298becae e-con-full e-flex e-con e-child\" data-id=\"298becae\" data-element_type=\"container\">\n\t\t\t\t<div class=\"elementor-element elementor-element-479311d4 elementor-widget elementor-widget-heading\" data-id=\"479311d4\" data-element_type=\"widget\" data-widget_type=\"heading.default\">\n\t\t\t\t<div class=\"elementor-widget-container\">\n\t\t\t<h2 class=\"elementor-heading-title elementor-size-default\">Guiar su viaje: Planes a medida para el \u00e9xito futuro\n<\/h2>\t\t<\/div>\n\t\t\t\t<\/div>\n\t\t\t\t<div class=\"elementor-element elementor-element-783083f3 elementor-widget elementor-widget-text-editor\" data-id=\"783083f3\" data-element_type=\"widget\" data-widget_type=\"text-editor.default\">\n\t\t\t\t<div class=\"elementor-widget-container\">\n\t\t\t\t\t\t\t\n\nNuestros servicios de consultor\u00eda abarcan todas las fases del desarrollo de un proyecto, desde la planificaci\u00f3n y el dise\u00f1o iniciales hasta la ejecuci\u00f3n y la gesti\u00f3n. Ya se trate de dise\u00f1ar estructuras modulares innovadoras, desarrollar estrategias de financiaci\u00f3n o gestionar las operaciones del campamento, ofrecemos orientaci\u00f3n estrat\u00e9gica y apoyo para garantizar el \u00e9xito de los resultados del proyecto.\t\t\t\t\t\t<\/div>\n\t\t\t\t<\/div>\n\t\t\t\t<div class=\"elementor-element elementor-element-34ba75a1 elementor-widget elementor-widget-heading\" data-id=\"34ba75a1\" data-element_type=\"widget\" data-widget_type=\"heading.default\">\n\t\t\t\t<div class=\"elementor-widget-container\">\n\t\t\t<h2 class=\"elementor-heading-title elementor-size-default\">Estrategias \u00fanicas para cada proyecto\n<\/h2>\t\t<\/div>\n\t\t\t\t<\/div>\n\t\t\t\t<div class=\"elementor-element elementor-element-7ec8c79a elementor-widget elementor-widget-text-editor\" data-id=\"7ec8c79a\" data-element_type=\"widget\" data-widget_type=\"text-editor.default\">\n\t\t\t\t<div class=\"elementor-widget-container\">\n\t\t\t\t\t\t\t\n\nCentrado en la innovaci\u00f3n, la eficiencia y la sostenibilidad, nuestro equipo de consultor\u00eda trabaja en estrecha colaboraci\u00f3n con los clientes para comprender sus necesidades espec\u00edficas y ofrecer soluciones a medida que cumplan sus objetivos. Desde la concepci\u00f3n hasta la finalizaci\u00f3n, nos comprometemos a ofrecer servicios de consultor\u00eda excepcionales que impulsen el \u00e9xito y la excelencia en todos los proyectos que emprendemos.\n\n\t\t\t\t\t\t<\/div>\n\t\t\t\t<\/div>\n\t\t\t\t<\/div>\n\t\t<div class=\"elementor-element elementor-element-327caa5d e-con-full e-flex e-con e-child\" data-id=\"327caa5d\" data-element_type=\"container\">\n\t\t<div class=\"elementor-element elementor-element-44ca000b e-con-full e-flex elementor-invisible e-con e-child\" data-id=\"44ca000b\" data-element_type=\"container\" data-settings=\"{&quot;background_background&quot;:&quot;classic&quot;,&quot;animation&quot;:&quot;fadeInRight&quot;}\">\n\t\t\t\t<div class=\"elementor-element elementor-element-32120e18 elementor-widget elementor-widget-heading\" data-id=\"32120e18\" data-element_type=\"widget\" data-widget_type=\"heading.default\">\n\t\t\t\t<div class=\"elementor-widget-container\">\n\t\t\t<h3 class=\"elementor-heading-title elementor-size-default\">En RD, los consultores no son meros asesores; son profesionales entregados que ofrecen resultados excepcionales gracias a su pasi\u00f3n y experiencia.<\/h3>\t\t<\/div>\n\t\t\t\t<\/div>\n\t\t\t\t<\/div>\n\t\t\t\t<\/div>\n\t\t\t\t\t<\/div>\n\t\t\t\t<\/div>\n\t\t<div class=\"elementor-element elementor-element-6b50b2e9 e-con-full e-flex e-con e-parent\" data-id=\"6b50b2e9\" data-element_type=\"container\" data-settings=\"{&quot;background_background&quot;:&quot;classic&quot;}\">\n\t\t<div class=\"elementor-element elementor-element-44b82264 e-con-full e-flex e-con e-child\" data-id=\"44b82264\" data-element_type=\"container\" data-settings=\"{&quot;background_background&quot;:&quot;classic&quot;}\">\n\t\t\t\t<div class=\"elementor-element elementor-element-2a235a1a elementor-widget elementor-widget-spacer\" data-id=\"2a235a1a\" data-element_type=\"widget\" data-widget_type=\"spacer.default\">\n\t\t\t\t<div class=\"elementor-widget-container\">\n\t\t\t\t\t<div class=\"elementor-spacer\">\n\t\t\t<div class=\"elementor-spacer-inner\"><\/div>\n\t\t<\/div>\n\t\t\t\t<\/div>\n\t\t\t\t<\/div>\n\t\t\t\t<\/div>\n\t\t<div class=\"elementor-element elementor-element-5b0a5cfc e-con-full e-flex e-con e-child\" data-id=\"5b0a5cfc\" data-element_type=\"container\">\n\t\t\t\t<div class=\"elementor-element elementor-element-11a27807 elementor-widget elementor-widget-spacer\" data-id=\"11a27807\" data-element_type=\"widget\" data-widget_type=\"spacer.default\">\n\t\t\t\t<div class=\"elementor-widget-container\">\n\t\t\t\t\t<div class=\"elementor-spacer\">\n\t\t\t<div class=\"elementor-spacer-inner\"><\/div>\n\t\t<\/div>\n\t\t\t\t<\/div>\n\t\t\t\t<\/div>\n\t\t\t\t<\/div>\n\t\t\t\t<\/div>\n\t\t\t\t<\/div>","protected":false},"excerpt":{"rendered":"<p>QU\u00c9 HACEMOS En RD, ofrecemos servicios integrales de consultor\u00eda adaptados a las necesidades de diversos proyectos en distintos sectores. Nuestra experiencia abarca una amplia gama de \u00e1reas, incluyendo Ingenier\u00eda, Adquisiciones y Construcci\u00f3n (EPC), dise\u00f1o y fabricaci\u00f3n de viviendas y estructuras de apoyo, estructuras modulares, dise\u00f1o de campamentos, veh\u00edculos de financiaci\u00f3n, dotaci\u00f3n de personal, servicios integrales y gesti\u00f3n de campamentos, as\u00ed [...].<\/p>","protected":false},"author":2,"featured_media":2176,"parent":109,"menu_order":0,"comment_status":"closed","ping_status":"closed","template":"elementor_header_footer","meta":{"inline_featured_image":false,"footnotes":""},"class_list":["post-773","page","type-page","status-publish","has-post-thumbnail","hentry"],"_links":{"self":[{"href":"https:\/\/responsivedeployment.com\/es\/wp-json\/wp\/v2\/pages\/773","targetHints":{"allow":["GET"]}}],"collection":[{"href":"https:\/\/responsivedeployment.com\/es\/wp-json\/wp\/v2\/pages"}],"about":[{"href":"https:\/\/responsivedeployment.com\/es\/wp-json\/wp\/v2\/types\/page"}],"author":[{"embeddable":true,"href":"https:\/\/responsivedeployment.com\/es\/wp-json\/wp\/v2\/users\/2"}],"replies":[{"embeddable":true,"href":"https:\/\/responsivedeployment.com\/es\/wp-json\/wp\/v2\/comments?post=773"}],"version-history":[{"count":8,"href":"https:\/\/responsivedeployment.com\/es\/wp-json\/wp\/v2\/pages\/773\/revisions"}],"predecessor-version":[{"id":3147,"href":"https:\/\/responsivedeployment.com\/es\/wp-json\/wp\/v2\/pages\/773\/revisions\/3147"}],"up":[{"embeddable":true,"href":"https:\/\/responsivedeployment.com\/es\/wp-json\/wp\/v2\/pages\/109"}],"wp:featuredmedia":[{"embeddable":true,"href":"https:\/\/responsivedeployment.com\/es\/wp-json\/wp\/v2\/media\/2176"}],"wp:attachment":[{"href":"https:\/\/responsivedeployment.com\/es\/wp-json\/wp\/v2\/media?parent=773"}],"curies":[{"name":"wp","href":"https:\/\/api.w.org\/{rel}","templated":true}]}}