{"id":771,"date":"2024-05-23T19:55:08","date_gmt":"2024-05-23T19:55:08","guid":{"rendered":"https:\/\/staging.responsivedeployment.com\/?page_id=771"},"modified":"2024-07-03T12:53:48","modified_gmt":"2024-07-03T12:53:48","slug":"staffing","status":"publish","type":"page","link":"https:\/\/responsivedeployment.com\/es\/what-we-do\/staffing\/","title":{"rendered":"Dotaci\u00f3n de personal"},"content":{"rendered":"<div data-elementor-type=\"wp-page\" data-elementor-id=\"771\" class=\"elementor elementor-771\" data-elementor-post-type=\"page\">\n\t\t\t\t<div class=\"elementor-element elementor-element-163f9ff2 e-con-full e-flex e-con e-parent\" data-id=\"163f9ff2\" data-element_type=\"container\" data-settings=\"{&quot;background_background&quot;:&quot;classic&quot;}\">\n\t\t<div class=\"elementor-element elementor-element-6960110 e-con-full e-flex e-con e-child\" data-id=\"6960110\" data-element_type=\"container\" data-settings=\"{&quot;background_background&quot;:&quot;classic&quot;}\">\n\t\t\t\t<\/div>\n\t\t<div class=\"elementor-element elementor-element-5eea43d6 e-con-full e-flex e-con e-child\" data-id=\"5eea43d6\" data-element_type=\"container\">\n\t\t<div class=\"elementor-element elementor-element-2eaf5503 e-con-full e-flex e-con e-child\" data-id=\"2eaf5503\" data-element_type=\"container\" data-settings=\"{&quot;background_background&quot;:&quot;classic&quot;}\">\n\t\t\t\t<\/div>\n\t\t\t\t<\/div>\n\t\t\t\t<\/div>\n\t\t<div class=\"elementor-element elementor-element-32074b5d e-flex e-con-boxed e-con e-parent\" data-id=\"32074b5d\" data-element_type=\"container\" data-settings=\"{&quot;background_background&quot;:&quot;classic&quot;}\">\n\t\t\t\t\t<div class=\"e-con-inner\">\n\t\t\t\t<div class=\"elementor-element elementor-element-29f177cd elementor-widget-mobile__width-inherit elementor-widget elementor-widget-heading\" data-id=\"29f177cd\" data-element_type=\"widget\" data-widget_type=\"heading.default\">\n\t\t\t\t<div class=\"elementor-widget-container\">\n\t\t\t<style>\/*! elementor - v3.23.0 - 05-08-2024 *\/\n.elementor-heading-title{padding:0;margin:0;line-height:1}.elementor-widget-heading .elementor-heading-title[class*=elementor-size-]>a{color:inherit;font-size:inherit;line-height:inherit}.elementor-widget-heading .elementor-heading-title.elementor-size-small{font-size:15px}.elementor-widget-heading .elementor-heading-title.elementor-size-medium{font-size:19px}.elementor-widget-heading .elementor-heading-title.elementor-size-large{font-size:29px}.elementor-widget-heading .elementor-heading-title.elementor-size-xl{font-size:39px}.elementor-widget-heading .elementor-heading-title.elementor-size-xxl{font-size:59px}<\/style><h2 class=\"elementor-heading-title elementor-size-default\">QU\u00c9 HACEMOS<\/h2>\t\t<\/div>\n\t\t\t\t<\/div>\n\t\t\t\t\t<\/div>\n\t\t\t\t<\/div>\n\t\t<div class=\"elementor-element elementor-element-a6389d e-flex e-con-boxed e-con e-parent\" data-id=\"a6389d\" data-element_type=\"container\">\n\t\t\t\t\t<div class=\"e-con-inner\">\n\t\t<div class=\"elementor-element elementor-element-372a3f1 e-con-full e-flex e-con e-child\" data-id=\"372a3f1\" data-element_type=\"container\">\n\t\t<div class=\"elementor-element elementor-element-ba23025 e-con-full e-flex e-con e-child\" data-id=\"ba23025\" data-element_type=\"container\" data-settings=\"{&quot;background_background&quot;:&quot;classic&quot;}\">\n\t\t<div class=\"elementor-element elementor-element-06f09d1 e-flex e-con-boxed e-con e-child\" data-id=\"06f09d1\" data-element_type=\"container\">\n\t\t\t\t\t<div class=\"e-con-inner\">\n\t\t\t\t<div class=\"elementor-element elementor-element-4e8505e elementor-view-stacked elementor-hidden-mobile elementor-shape-circle elementor-widget elementor-widget-icon\" data-id=\"4e8505e\" data-element_type=\"widget\" data-widget_type=\"icon.default\">\n\t\t\t\t<div class=\"elementor-widget-container\">\n\t\t\t\t\t<div class=\"elementor-icon-wrapper\">\n\t\t\t<div class=\"elementor-icon\">\n\t\t\t<svg xmlns=\"http:\/\/www.w3.org\/2000\/svg\" xmlns:xlink=\"http:\/\/www.w3.org\/1999\/xlink\" id=\"Layer_1\" x=\"0px\" y=\"0px\" viewbox=\"0 0 488.9 488.8\" style=\"enable-background:new 0 0 488.9 488.8;\" xml:space=\"preserve\"><style type=\"text\/css\">\t.st0{fill:#FFFFFF;}<\/style><g id=\"rdDEYX\">\t<path class=\"st0\" d=\"M235.8,0c5.7,0,11.5,0,17.2,0c1,0.3,2,0.8,3.1,0.9c32.7,5.3,58.1,33.4,59.8,66.2c1.8,33.7-19.7,64.1-51.7,73.2   c-3.4,0.9-6.8,1.6-10.2,2.5c37.8,5.5,65.1,25.4,82.2,59.7c15.5-17.7,34.6-27.6,57.3-30.8c-34.5-7-50.7-35.8-48.7-61.7   c2.1-27.8,25.2-50.7,52.9-52.6c28.5-2,53.8,16.8,60.2,45.1c3.6,16,0.4,31-8.8,44.5c-9.3,13.5-22.4,21.4-38.5,24.7   c1.2,0.6,2.2,0.9,3.2,1.1c42.2,5.4,74.6,41.9,75,84.4c0.2,23.7,0.1,47.4,0,71.1c0,9.6-5.9,15.4-15.5,15.5c-4.7,0-9.4,0-14.2,0   c-0.3,1.5-0.5,2.4-0.6,3.3c-4.2,42.4-8.4,84.8-12.5,127.2c-0.9,9.3-6.3,14.5-15.6,14.5c-18.8,0.1-37.5,0.1-56.3,0   c-8.7,0-14.2-5.4-15.1-14c-3.5-36.1-7.1-72.2-10.6-108.2c-0.7-7.5-1.6-15.1-2.4-22.5h-47.5c-0.2,0.8-0.4,1.2-0.4,1.7   c-3.5,42.6-7,85.3-10.5,127.9c-0.8,10.1-6.2,15.2-16.4,15.2c-17.8,0-35.6,0-53.5,0c-10.1,0-15.4-5.2-16.3-15.3   c-2.9-35.5-5.8-71-8.7-106.5c-0.6-7.7-1.4-15.4-2.1-23.1h-47.4c-0.3,1-0.6,1.9-0.7,2.8c-1.7,17.1-3.3,34.2-5,51.3   c-2.6,26-5.1,51.9-7.7,77.9c-0.8,7.6-6.5,12.9-14.1,12.9c-19.4,0.2-38.8,0.1-58.2,0c-7.9-0.1-13.6-5.4-14.4-13.2   c-3.6-35.9-7.1-71.8-10.6-107.8c-0.8-8-1.7-16-2.5-24C18.5,343.1,6,347.1,0,333.2c0-28,0-56,0-84c0.3-1.2,0.7-2.4,0.9-3.6   c5.5-37.8,36.1-67.8,74.2-72.8c1.1-0.1,2.1-0.6,4.2-1.1c-34.7-6.6-51.5-34.9-49.7-61.2c1.9-27.7,24.7-50.7,52.5-52.9   c28.4-2.3,53.8,16.4,60.5,44.7c3.8,16.2,0.6,31.3-8.8,45c-9.2,13.5-22.4,21.3-37.2,24c9.5,3.4,20.3,5.9,29.9,10.9   c9.6,5.1,17.9,12.6,26.8,19.1c16.5-33.2,44-52.7,81.6-58c-0.7-0.5-1.2-0.7-1.6-0.7c-33.2-5.4-58.6-33.1-60.5-66.1   c-2-34.2,19.8-64.7,52.8-73.7C229.1,1.6,232.4,0.8,235.8,0z M230.1,173.7c-1.4,0.2-2.4,0.2-3.3,0.4c-29.7,7.1-53,34.9-53.8,65.3   c-0.6,24.8-0.1,49.6-0.1,74.4c0,0.3,0.3,0.5,0.6,1.2c9,0,18.2,0,27.4,0c11.3,0,16.5,4.5,17.4,15.7c2.7,32.6,5.3,65.3,8,97.9   c0.9,10.4,1.8,20.8,2.7,31.3h30.8c0.9-10.6,1.8-21,2.7-31.4c2.7-32.6,5.2-65.3,8-97.9c0.9-11,6.2-15.5,17.1-15.5   c9.3,0,18.7,0,28.5,0c0-1.9,0-3.2,0-4.6c0-22.3,0.1-44.5,0-66.8c-0.2-21.7-8.5-39.9-24.8-54.2c-9.2-8.1-19.9-13.5-32.5-15.9   c0,2.2,0,3.9,0,5.6c0,20.8,0,41.7,0,62.5c0,9.6-5.9,16.2-14.4,16.1c-8.5,0-14.2-6.5-14.2-16.2c0-20.8,0-41.7,0-62.5   C230.1,177.3,230.1,175.6,230.1,173.7L230.1,173.7z M28.9,315c4.9,0,9.3-0.1,13.8,0c8.1,0.2,13.8,5.4,14.5,13.5   c3.6,36,7.1,72.1,10.6,108.2c0.8,7.7,1.6,15.4,2.4,23.2h31.9c0.3-1.2,0.6-2.3,0.7-3.4c4.2-42.2,8.3-84.4,12.5-126.7   c1-9.8,6.3-14.8,16.2-14.8c4.1,0,8.1,0,12.5,0c0-19.9,0.2-39.1,0-58.3c-0.3-29.2-23.6-53.9-52.7-56.1c-30.1-2.3-57.4,18.9-62,48.2   c-0.1,0.9-0.5,1.9-0.5,2.8C28.9,272.6,28.9,293.6,28.9,315L28.9,315z M460.1,315c0-20,0.2-39.2,0-58.4c-0.3-29.1-24-53.7-53.5-56   c-29.7-2.3-56.6,18.7-61.1,47.9c-0.8,4.8-0.8,9.8-0.9,14.7c-0.1,17.1,0,34.2,0,51.8c4.6,0,8.7,0,12.8,0c9.6,0.1,15,5.1,16,14.6   c3.5,36.1,7.1,72.1,10.6,108.2c0.7,7.4,1.6,14.7,2.3,22h32c0.2-1.3,0.5-2.4,0.6-3.5c4.2-42.4,8.4-84.8,12.5-127.1   c0.9-8.9,6.4-14.1,15.4-14.2C451.1,315,455.4,315,460.1,315L460.1,315z M244.4,28.6c-23.5,0-42.9,19.2-43,42.7   c-0.1,23.7,19.2,43.2,42.9,43.2c23.5,0,42.9-19.2,43-42.7C287.5,48.1,268.2,28.7,244.4,28.6z M87.5,85.9   c-15.8-0.3-28.9,12.2-29.3,27.8c-0.3,15.8,12.1,29,27.7,29.4c15.9,0.4,29.3-12.2,29.5-28.1C115.7,99.3,103.2,86.2,87.5,85.9z    M430.5,114.3c-0.1-15.7-13-28.5-28.7-28.4c-15.9,0-28.7,13.1-28.5,29.1c0.2,15.6,13.2,28.3,28.9,28.2   C417.9,143,430.6,130,430.5,114.3L430.5,114.3z\"><\/path><\/g><\/svg>\t\t\t<\/div>\n\t\t<\/div>\n\t\t\t\t<\/div>\n\t\t\t\t<\/div>\n\t\t\t\t\t<\/div>\n\t\t\t\t<\/div>\n\t\t\t\t<\/div>\n\t\t\t\t<\/div>\n\t\t<div class=\"elementor-element elementor-element-384f2aa3 e-con-full e-flex e-con e-child\" data-id=\"384f2aa3\" data-element_type=\"container\">\n\t\t\t\t<div class=\"elementor-element elementor-element-75cb8bb elementor-widget elementor-widget-text-editor\" data-id=\"75cb8bb\" data-element_type=\"widget\" data-widget_type=\"text-editor.default\">\n\t\t\t\t<div class=\"elementor-widget-container\">\n\t\t\t<style>\/*! elementor - v3.23.0 - 05-08-2024 *\/\n.elementor-widget-text-editor.elementor-drop-cap-view-stacked .elementor-drop-cap{background-color:#69727d;color:#fff}.elementor-widget-text-editor.elementor-drop-cap-view-framed .elementor-drop-cap{color:#69727d;border:3px solid;background-color:transparent}.elementor-widget-text-editor:not(.elementor-drop-cap-view-default) .elementor-drop-cap{margin-top:8px}.elementor-widget-text-editor:not(.elementor-drop-cap-view-default) .elementor-drop-cap-letter{width:1em;height:1em}.elementor-widget-text-editor .elementor-drop-cap{float:left;text-align:center;line-height:1;font-size:50px}.elementor-widget-text-editor .elementor-drop-cap-letter{display:inline-block}<\/style>\t\t\t\tNuestras soluciones de dotaci\u00f3n de personal cubren contratos federales y locales, ofreciendo opciones temporales, de contrato a contrataci\u00f3n y de contrataci\u00f3n directa. Tanto si necesita un candidato como cientos, personalizamos las soluciones para que pueda centrarse en su negocio.\t\t\t\t\t\t<\/div>\n\t\t\t\t<\/div>\n\t\t\t\t<\/div>\n\t\t\t\t\t<\/div>\n\t\t\t\t<\/div>\n\t\t<div class=\"elementor-element elementor-element-4a1ae477 e-con-full e-flex e-con e-parent\" data-id=\"4a1ae477\" data-element_type=\"container\" data-settings=\"{&quot;background_background&quot;:&quot;classic&quot;}\">\n\t\t<div class=\"elementor-element elementor-element-71f67751 e-con-full e-flex e-con e-child\" data-id=\"71f67751\" data-element_type=\"container\">\n\t\t<div class=\"elementor-element elementor-element-2bbc4594 e-con-full e-flex e-con e-child\" data-id=\"2bbc4594\" data-element_type=\"container\">\n\t\t<div class=\"elementor-element elementor-element-42a50afa e-con-full e-flex e-con e-child\" data-id=\"42a50afa\" data-element_type=\"container\" data-settings=\"{&quot;background_background&quot;:&quot;classic&quot;}\">\n\t\t\t\t<div class=\"elementor-element elementor-element-12f04bf0 elementor-widget elementor-widget-spacer\" data-id=\"12f04bf0\" data-element_type=\"widget\" data-widget_type=\"spacer.default\">\n\t\t\t\t<div class=\"elementor-widget-container\">\n\t\t\t<style>\/*! elementor - v3.23.0 - 05-08-2024 *\/\n.elementor-column .elementor-spacer-inner{height:var(--spacer-size)}.e-con{--container-widget-width:100%}.e-con-inner>.elementor-widget-spacer,.e-con>.elementor-widget-spacer{width:var(--container-widget-width,var(--spacer-size));--align-self:var(--container-widget-align-self,initial);--flex-shrink:0}.e-con-inner>.elementor-widget-spacer>.elementor-widget-container,.e-con>.elementor-widget-spacer>.elementor-widget-container{height:100%;width:100%}.e-con-inner>.elementor-widget-spacer>.elementor-widget-container>.elementor-spacer,.e-con>.elementor-widget-spacer>.elementor-widget-container>.elementor-spacer{height:100%}.e-con-inner>.elementor-widget-spacer>.elementor-widget-container>.elementor-spacer>.elementor-spacer-inner,.e-con>.elementor-widget-spacer>.elementor-widget-container>.elementor-spacer>.elementor-spacer-inner{height:var(--container-widget-height,var(--spacer-size))}.e-con-inner>.elementor-widget-spacer.elementor-widget-empty,.e-con>.elementor-widget-spacer.elementor-widget-empty{position:relative;min-height:22px;min-width:22px}.e-con-inner>.elementor-widget-spacer.elementor-widget-empty .elementor-widget-empty-icon,.e-con>.elementor-widget-spacer.elementor-widget-empty .elementor-widget-empty-icon{position:absolute;top:0;bottom:0;left:0;right:0;margin:auto;padding:0;width:22px;height:22px}<\/style>\t\t<div class=\"elementor-spacer\">\n\t\t\t<div class=\"elementor-spacer-inner\"><\/div>\n\t\t<\/div>\n\t\t\t\t<\/div>\n\t\t\t\t<\/div>\n\t\t\t\t<\/div>\n\t\t\t\t<\/div>\n\t\t\t\t<\/div>\n\t\t<div class=\"elementor-element elementor-element-1b192bb0 e-flex e-con-boxed e-con e-child\" data-id=\"1b192bb0\" data-element_type=\"container\">\n\t\t\t\t\t<div class=\"e-con-inner\">\n\t\t\t\t<div class=\"elementor-element elementor-element-65512c53 elementor-widget elementor-widget-spacer\" data-id=\"65512c53\" data-element_type=\"widget\" data-widget_type=\"spacer.default\">\n\t\t\t\t<div class=\"elementor-widget-container\">\n\t\t\t\t\t<div class=\"elementor-spacer\">\n\t\t\t<div class=\"elementor-spacer-inner\"><\/div>\n\t\t<\/div>\n\t\t\t\t<\/div>\n\t\t\t\t<\/div>\n\t\t\t\t\t<\/div>\n\t\t\t\t<\/div>\n\t\t\t\t<\/div>\n\t\t<div class=\"elementor-element elementor-element-87e1196 e-flex e-con-boxed e-con e-parent\" data-id=\"87e1196\" data-element_type=\"container\" data-settings=\"{&quot;background_background&quot;:&quot;classic&quot;}\">\n\t\t\t\t\t<div class=\"e-con-inner\">\n\t\t<div class=\"elementor-element elementor-element-341204b e-con-full e-flex e-con e-child\" data-id=\"341204b\" data-element_type=\"container\">\n\t\t\t\t<div class=\"elementor-element elementor-element-998ef8f elementor-widget elementor-widget-heading\" data-id=\"998ef8f\" data-element_type=\"widget\" data-widget_type=\"heading.default\">\n\t\t\t\t<div class=\"elementor-widget-container\">\n\t\t\t<h2 class=\"elementor-heading-title elementor-size-default\">Contrataci\u00f3n optimizada<\/h2>\t\t<\/div>\n\t\t\t\t<\/div>\n\t\t\t\t<div class=\"elementor-element elementor-element-782187e8 elementor-widget elementor-widget-text-editor\" data-id=\"782187e8\" data-element_type=\"widget\" data-widget_type=\"text-editor.default\">\n\t\t\t\t<div class=\"elementor-widget-container\">\n\t\t\t\t\t\t\t<p>Contacto con el candidato en tiempo real a trav\u00e9s de nuestro sistema de seguimiento patentado, base de datos de empleados segura basada en la web e incorporaci\u00f3n exhaustiva para autorizaciones federales. Hemos investigado a 95% de los empleados que necesitaban una habilitaci\u00f3n de seguridad gubernamental de nivel 5, reduciendo la rotaci\u00f3n.<\/p>\t\t\t\t\t\t<\/div>\n\t\t\t\t<\/div>\n\t\t\t\t<div class=\"elementor-element elementor-element-40c455ca elementor-widget elementor-widget-heading\" data-id=\"40c455ca\" data-element_type=\"widget\" data-widget_type=\"heading.default\">\n\t\t\t\t<div class=\"elementor-widget-container\">\n\t\t\t<h2 class=\"elementor-heading-title elementor-size-default\">Estrategia \u00e1gil<\/h2>\t\t<\/div>\n\t\t\t\t<\/div>\n\t\t\t\t<div class=\"elementor-element elementor-element-355263a7 elementor-widget elementor-widget-text-editor\" data-id=\"355263a7\" data-element_type=\"widget\" data-widget_type=\"text-editor.default\">\n\t\t\t\t<div class=\"elementor-widget-container\">\n\t\t\t\t\t\t\t<p>Contrataci\u00f3n a distancia o en persona a trav\u00e9s de ferias de empleo en diversos mercados.<br \/>Enfoque personalizado: Materiales de marketing llamativos para ferias de empleo, adaptados a las necesidades de los socios.<\/p>\t\t\t\t\t\t<\/div>\n\t\t\t\t<\/div>\n\t\t\t\t<div class=\"elementor-element elementor-element-1175ac74 elementor-widget elementor-widget-heading\" data-id=\"1175ac74\" data-element_type=\"widget\" data-widget_type=\"heading.default\">\n\t\t\t\t<div class=\"elementor-widget-container\">\n\t\t\t<h2 class=\"elementor-heading-title elementor-size-default\">A la carta<\/h2>\t\t<\/div>\n\t\t\t\t<\/div>\n\t\t\t\t<div class=\"elementor-element elementor-element-5489e537 elementor-widget elementor-widget-text-editor\" data-id=\"5489e537\" data-element_type=\"widget\" data-widget_type=\"text-editor.default\">\n\t\t\t\t<div class=\"elementor-widget-container\">\n\t\t\t\t\t\t\t<p>Una s\u00f3lida reserva de candidatos para cubrir r\u00e1pidamente las necesidades de personal, en apoyo de diversos puestos cr\u00edticos.<br \/>Damos prioridad a los candidatos de calidad, examinados minuciosamente antes de su colocaci\u00f3n. Nuestra pasi\u00f3n radica en mejorar vidas a trav\u00e9s del empleo y proporcionar los mejores talentos a nuestros socios. Comprometidos con la excelencia operativa y la reinversi\u00f3n en la comunidad, Responsive Staffing le garantiza una soluci\u00f3n para cualquier reto de dotaci\u00f3n de personal. Porque cuando usted tiene \u00e9xito, todos tenemos \u00e9xito.<\/p>\t\t\t\t\t\t<\/div>\n\t\t\t\t<\/div>\n\t\t\t\t<\/div>\n\t\t<div class=\"elementor-element elementor-element-1b410c0d e-con-full e-flex e-con e-child\" data-id=\"1b410c0d\" data-element_type=\"container\">\n\t\t<div class=\"elementor-element elementor-element-b97a9e0 e-con-full e-flex elementor-invisible e-con e-child\" data-id=\"b97a9e0\" data-element_type=\"container\" data-settings=\"{&quot;background_background&quot;:&quot;classic&quot;,&quot;animation&quot;:&quot;fadeInRight&quot;}\">\n\t\t\t\t<div class=\"elementor-element elementor-element-4fe1fda5 elementor-widget elementor-widget-heading\" data-id=\"4fe1fda5\" data-element_type=\"widget\" data-widget_type=\"heading.default\">\n\t\t\t\t<div class=\"elementor-widget-container\">\n\t\t\t<h3 class=\"elementor-heading-title elementor-size-default\">La contrataci\u00f3n de personal puede ser un reto, pero nuestra amplia red simplifica el proceso. Proporcionamos profesionales cualificados para mejorar sus operaciones y alcanzar sus objetivos.<\/h3>\t\t<\/div>\n\t\t\t\t<\/div>\n\t\t\t\t<\/div>\n\t\t\t\t<\/div>\n\t\t\t\t\t<\/div>\n\t\t\t\t<\/div>\n\t\t<div class=\"elementor-element elementor-element-65f6d303 e-con-full e-flex e-con e-parent\" data-id=\"65f6d303\" data-element_type=\"container\" data-settings=\"{&quot;background_background&quot;:&quot;classic&quot;}\">\n\t\t<div class=\"elementor-element elementor-element-788b9476 e-con-full e-flex e-con e-child\" data-id=\"788b9476\" data-element_type=\"container\" data-settings=\"{&quot;background_background&quot;:&quot;classic&quot;}\">\n\t\t\t\t<div class=\"elementor-element elementor-element-5da92009 elementor-widget elementor-widget-spacer\" data-id=\"5da92009\" data-element_type=\"widget\" data-widget_type=\"spacer.default\">\n\t\t\t\t<div class=\"elementor-widget-container\">\n\t\t\t\t\t<div class=\"elementor-spacer\">\n\t\t\t<div class=\"elementor-spacer-inner\"><\/div>\n\t\t<\/div>\n\t\t\t\t<\/div>\n\t\t\t\t<\/div>\n\t\t\t\t<\/div>\n\t\t<div class=\"elementor-element elementor-element-46ac67c5 e-con-full e-flex e-con e-child\" data-id=\"46ac67c5\" data-element_type=\"container\">\n\t\t\t\t<div class=\"elementor-element elementor-element-63d09562 elementor-widget elementor-widget-spacer\" data-id=\"63d09562\" data-element_type=\"widget\" data-widget_type=\"spacer.default\">\n\t\t\t\t<div class=\"elementor-widget-container\">\n\t\t\t\t\t<div class=\"elementor-spacer\">\n\t\t\t<div class=\"elementor-spacer-inner\"><\/div>\n\t\t<\/div>\n\t\t\t\t<\/div>\n\t\t\t\t<\/div>\n\t\t\t\t<\/div>\n\t\t\t\t<\/div>\n\t\t\t\t<\/div>","protected":false},"excerpt":{"rendered":"<p>QU\u00c9 HACEMOS Nuestras soluciones de dotaci\u00f3n de personal cubren contratos federales y locales, ofreciendo opciones temporales, de contrato a contrataci\u00f3n y de contrataci\u00f3n directa. Tanto si necesita un candidato como cientos, personalizamos las soluciones para que pueda centrarse en su negocio. Reclutamiento optimizado Contacto con el candidato en tiempo real a trav\u00e9s de nuestro sistema de seguimiento patentado, base de datos de empleados segura basada en web e incorporaci\u00f3n exhaustiva para autorizaciones federales. Hemos [...]<\/p>","protected":false},"author":2,"featured_media":2175,"parent":109,"menu_order":0,"comment_status":"closed","ping_status":"closed","template":"elementor_header_footer","meta":{"inline_featured_image":false,"footnotes":""},"class_list":["post-771","page","type-page","status-publish","has-post-thumbnail","hentry"],"_links":{"self":[{"href":"https:\/\/responsivedeployment.com\/es\/wp-json\/wp\/v2\/pages\/771","targetHints":{"allow":["GET"]}}],"collection":[{"href":"https:\/\/responsivedeployment.com\/es\/wp-json\/wp\/v2\/pages"}],"about":[{"href":"https:\/\/responsivedeployment.com\/es\/wp-json\/wp\/v2\/types\/page"}],"author":[{"embeddable":true,"href":"https:\/\/responsivedeployment.com\/es\/wp-json\/wp\/v2\/users\/2"}],"replies":[{"embeddable":true,"href":"https:\/\/responsivedeployment.com\/es\/wp-json\/wp\/v2\/comments?post=771"}],"version-history":[{"count":5,"href":"https:\/\/responsivedeployment.com\/es\/wp-json\/wp\/v2\/pages\/771\/revisions"}],"predecessor-version":[{"id":2994,"href":"https:\/\/responsivedeployment.com\/es\/wp-json\/wp\/v2\/pages\/771\/revisions\/2994"}],"up":[{"embeddable":true,"href":"https:\/\/responsivedeployment.com\/es\/wp-json\/wp\/v2\/pages\/109"}],"wp:featuredmedia":[{"embeddable":true,"href":"https:\/\/responsivedeployment.com\/es\/wp-json\/wp\/v2\/media\/2175"}],"wp:attachment":[{"href":"https:\/\/responsivedeployment.com\/es\/wp-json\/wp\/v2\/media?parent=771"}],"curies":[{"name":"wp","href":"https:\/\/api.w.org\/{rel}","templated":true}]}}