{"id":769,"date":"2024-05-23T19:54:31","date_gmt":"2024-05-23T19:54:31","guid":{"rendered":"https:\/\/staging.responsivedeployment.com\/?page_id=769"},"modified":"2024-07-03T12:53:18","modified_gmt":"2024-07-03T12:53:18","slug":"global-logistics","status":"publish","type":"page","link":"https:\/\/responsivedeployment.com\/es\/what-we-do\/global-logistics\/","title":{"rendered":"Log\u00edstica mundial"},"content":{"rendered":"<div data-elementor-type=\"wp-page\" data-elementor-id=\"769\" class=\"elementor elementor-769\" data-elementor-post-type=\"page\">\n\t\t\t\t<div class=\"elementor-element elementor-element-62a6e60 e-con-full e-flex e-con e-parent\" data-id=\"62a6e60\" data-element_type=\"container\" data-settings=\"{&quot;background_background&quot;:&quot;classic&quot;}\">\n\t\t<div class=\"elementor-element elementor-element-3133928c e-con-full e-flex e-con e-child\" data-id=\"3133928c\" data-element_type=\"container\" data-settings=\"{&quot;background_background&quot;:&quot;classic&quot;}\">\n\t\t\t\t<\/div>\n\t\t<div class=\"elementor-element elementor-element-2f1df5ca e-con-full e-flex e-con e-child\" data-id=\"2f1df5ca\" data-element_type=\"container\">\n\t\t<div class=\"elementor-element elementor-element-345b59a8 e-con-full e-flex e-con e-child\" data-id=\"345b59a8\" data-element_type=\"container\" data-settings=\"{&quot;background_background&quot;:&quot;classic&quot;}\">\n\t\t\t\t<\/div>\n\t\t\t\t<\/div>\n\t\t\t\t<\/div>\n\t\t<div class=\"elementor-element elementor-element-19248880 e-flex e-con-boxed e-con e-parent\" data-id=\"19248880\" data-element_type=\"container\" data-settings=\"{&quot;background_background&quot;:&quot;classic&quot;}\">\n\t\t\t\t\t<div class=\"e-con-inner\">\n\t\t\t\t<div class=\"elementor-element elementor-element-51b14f3e elementor-widget-mobile__width-inherit elementor-widget elementor-widget-heading\" data-id=\"51b14f3e\" data-element_type=\"widget\" data-widget_type=\"heading.default\">\n\t\t\t\t<div class=\"elementor-widget-container\">\n\t\t\t<style>\/*! elementor - v3.23.0 - 05-08-2024 *\/\n.elementor-heading-title{padding:0;margin:0;line-height:1}.elementor-widget-heading .elementor-heading-title[class*=elementor-size-]>a{color:inherit;font-size:inherit;line-height:inherit}.elementor-widget-heading .elementor-heading-title.elementor-size-small{font-size:15px}.elementor-widget-heading .elementor-heading-title.elementor-size-medium{font-size:19px}.elementor-widget-heading .elementor-heading-title.elementor-size-large{font-size:29px}.elementor-widget-heading .elementor-heading-title.elementor-size-xl{font-size:39px}.elementor-widget-heading .elementor-heading-title.elementor-size-xxl{font-size:59px}<\/style><h2 class=\"elementor-heading-title elementor-size-default\">QU\u00c9 HACEMOS<\/h2>\t\t<\/div>\n\t\t\t\t<\/div>\n\t\t\t\t\t<\/div>\n\t\t\t\t<\/div>\n\t\t<div class=\"elementor-element elementor-element-4965f854 e-flex e-con-boxed e-con e-parent\" data-id=\"4965f854\" data-element_type=\"container\">\n\t\t\t\t\t<div class=\"e-con-inner\">\n\t\t<div class=\"elementor-element elementor-element-50a6b5a e-con-full e-flex e-con e-child\" data-id=\"50a6b5a\" data-element_type=\"container\">\n\t\t<div class=\"elementor-element elementor-element-02a2ae3 e-con-full e-flex e-con e-child\" data-id=\"02a2ae3\" data-element_type=\"container\" data-settings=\"{&quot;background_background&quot;:&quot;classic&quot;}\">\n\t\t<div class=\"elementor-element elementor-element-6f63227 e-flex e-con-boxed e-con e-child\" data-id=\"6f63227\" data-element_type=\"container\">\n\t\t\t\t\t<div class=\"e-con-inner\">\n\t\t\t\t<div class=\"elementor-element elementor-element-bc9323a elementor-view-stacked elementor-hidden-mobile elementor-shape-circle elementor-widget elementor-widget-icon\" data-id=\"bc9323a\" data-element_type=\"widget\" data-widget_type=\"icon.default\">\n\t\t\t\t<div class=\"elementor-widget-container\">\n\t\t\t\t\t<div class=\"elementor-icon-wrapper\">\n\t\t\t<div class=\"elementor-icon\">\n\t\t\t<svg xmlns=\"http:\/\/www.w3.org\/2000\/svg\" xmlns:xlink=\"http:\/\/www.w3.org\/1999\/xlink\" id=\"Layer_1\" x=\"0px\" y=\"0px\" viewbox=\"0 0 491 489.9\" style=\"enable-background:new 0 0 491 489.9;\" xml:space=\"preserve\"><style type=\"text\/css\">\t.st0{fill:#FFFFFF;}<\/style><g id=\"_3XPqbP\">\t<path class=\"st0\" d=\"M0,470.8c3.7-8.7,10.4-11.7,19.8-11.6c36.6,0.3,73.2,0.1,109.8,0.1h6.2c-8.8-8.6-14.8-17.8-18.2-28.6   c-0.3-1-2.7-1.8-4.1-1.9c-9.9-0.4-19.9,0.3-29.6-1.1c-21.4-3-37.7-22.7-37.8-44.2c0-8.7,6.2-15.5,14.5-16   c8.5-0.4,15.5,5.9,16.1,14.8c0.8,10.1,6.7,15.7,16.7,15.8c6.6,0,13.1-0.2,19.7,0.1c3.1,0.1,4.3-1,5.2-4   c8.8-26.7,34.3-44.2,62.3-41.8c25.9,2.2,43.8,16,53.4,40.2c0.6,1.6,1.2,3.3,1.8,5.2h86.4v-5c0-63.6,0-127.3,0-190.9   c0-12.6-5.8-18.2-18.5-18.2c-77.2,0-154.4,0-231.6,0c-2.7,0-5.5-0.1-8-0.9c-7-2.2-11.3-9.3-10.3-16.4c1-7.2,7-12.7,14.3-13.2   c1.4-0.1,2.9,0,4.3,0c77,0,154.1,0,231.1,0c30.1,0,49.4,19.3,49.4,49.3c0,14,0,28,0,42.6c10.9,0,21.4-0.1,31.9,0   c23.6,0.4,44.9,7.5,63.6,21.8c23.8,18.3,37.7,42.4,41.7,72.1c0.2,1.2,0.6,2.4,0.9,3.7v46.9c-2.3,8.1-5,16-10.6,22.6   c-9.8,11.4-22.3,16.7-37.5,16.8c-3.1,11.6-9.3,21.4-18.7,30.5h5.8c13.7,0,27.5,0.4,41.2-0.1c9.4-0.3,16,2.9,19.8,11.6v7.7   c-2.3,5.4-6.1,9.2-11.5,11.5h-468c-5.3-2.3-9.3-6.1-11.5-11.5V470.8L0,470.8z M353.1,359.9c1.1-0.4,2-0.7,2.8-1.1   c35.5-16.5,73.2-0.8,86.1,36.2c1,2.8,2.4,3.3,4.9,3c7.6-1,13.4-7.4,13.5-15.6c0.1-10.5,0.1-21.1,0-31.6   c-0.5-35.5-25.7-66.9-60.7-73.2c-14.9-2.7-30.5-1.4-45.8-2c-0.2,0-0.5,0.4-0.7,0.6L353.1,359.9L353.1,359.9z M342.8,459.1   c-8.6-8.4-14.5-17.3-17.9-27.9c-0.4-1.1-2.4-2.5-3.7-2.5c-27.5-0.1-54.9-0.1-82.4-0.2c-2.7,0-3.4,1.3-4.1,3.5   c-2.9,9.2-7.9,17.3-14.8,24.3c-0.7,0.7-1.3,1.5-2.4,2.7L342.8,459.1L342.8,459.1z M176.5,444c16.9-0.1,30.7-13.9,30.6-30.8   c-0.1-16.9-14-30.5-31-30.4c-16.7,0.1-30.3,13.9-30.4,30.6C145.8,430.2,159.6,444.1,176.5,444L176.5,444z M414.3,413.1   c-0.1-16.9-14-30.5-31-30.4c-16.7,0.1-30.3,13.9-30.4,30.6c0,16.9,13.8,30.7,30.8,30.7C400.6,443.9,414.4,430.1,414.3,413.1   L414.3,413.1z\"><\/path>\t<path class=\"st0\" d=\"M491,92.7c-0.7,3.4-1.4,6.8-2.1,10.2c-8.8,39.6-45.8,67.4-87,65.3c-40.1-2-73.9-33.3-78.9-73.2   C317.3,49.5,349,7.1,393.3,0.9c47.6-6.7,90.1,24.7,96.8,71.4c0.2,1.1,0.6,2.1,0.9,3.2C491,75.5,491,92.7,491,92.7z M460.3,83.9   c-0.1-29.5-24.3-53.5-53.7-53.4c-29.8,0.1-53.7,24.2-53.6,54c0.1,29.1,24.3,53.2,53.5,53.2C436.3,137.7,460.4,113.6,460.3,83.9   L460.3,83.9z\"><\/path>\t<path class=\"st0\" d=\"M0,271.7c3.7-8.8,10.4-12.4,19.8-11.5c3.8,0.3,7.7-0.1,11.5,0.1c8.3,0.4,14.8,7.1,14.8,15.2   c0,8.1-6.4,14.9-14.7,15.3c-5.4,0.2-10.9,0.2-16.3,0c-7.7-0.2-12-5-15-11.4L0,271.7L0,271.7z\"><\/path>\t<path class=\"st0\" d=\"M126.6,260.2c16,0,32,0,47.9,0c10.2,0,17.2,6.2,17.3,15.2c0.1,9-6.9,15.4-17,15.4c-32.1,0-64.2,0-96.4,0   c-10.1,0-17.1-6.4-17-15.4s7-15.2,17.2-15.2C94.6,260.2,110.6,260.2,126.6,260.2L126.6,260.2z\"><\/path>\t<path class=\"st0\" d=\"M61.2,206.6c9.9,0,19.8,0,29.7,0c9.6,0.1,16.6,6.6,16.4,15.5c-0.1,8.7-7,15.1-16.4,15.1   c-19.8,0.1-39.6,0.1-59.4,0c-9.3,0-16.2-6.6-16.2-15.3c0-8.7,6.8-15.2,16.1-15.3C41.4,206.6,51.3,206.6,61.2,206.6L61.2,206.6z\"><\/path>\t<path class=\"st0\" d=\"M61.3,344.4c-9.9,0-19.8,0.1-29.7,0c-9.4-0.1-16.2-6.6-16.2-15.3c0-8.7,6.8-15.3,16.1-15.3   c20-0.1,39.9-0.1,59.9,0c9.3,0,16.1,6.8,16,15.5c-0.1,8.5-6.8,15-15.9,15.1C81.4,344.5,71.4,344.4,61.3,344.4L61.3,344.4z\"><\/path>\t<path class=\"st0\" d=\"M145.7,237.2c-2.7,0-5.4,0.1-8.1,0c-8.3-0.4-14.8-7.1-14.8-15.2c0-8.2,6.3-15,14.7-15.3   c5.6-0.2,11.2-0.2,16.8,0c8.3,0.4,14.6,7.3,14.6,15.4c-0.1,7.9-6.4,14.6-14.4,15.1C151.5,237.3,148.6,237.2,145.7,237.2   L145.7,237.2z\"><\/path>\t<path class=\"st0\" d=\"M145.9,313.8c2.7,0,5.4-0.1,8.1,0c8.3,0.4,14.7,7.2,14.7,15.3c0,8.1-6.4,14.9-14.8,15.2   c-5.6,0.2-11.2,0.2-16.8,0c-8.2-0.4-14.6-7.4-14.5-15.5c0.1-8,6.4-14.5,14.5-15C140.1,313.7,143,313.9,145.9,313.8L145.9,313.8z\"><\/path>\t<path class=\"st0\" d=\"M391.3,72.8c0-4-0.1-8,0-12c0.3-8.6,7.1-15.1,15.5-15c8.1,0.1,14.8,6.5,15.2,14.9c0.3,5.2-1.2,11.3,1.1,15.3   c2.3,4.1,8.2,6.2,12.7,9c4.6,2.9,8.4,6.5,9.1,12.2c0.8,6-1.3,11.1-6.2,14.6c-5.1,3.7-10.8,4.3-16.2,1c-8.7-5.3-17.4-10.8-25.3-17.1   c-3-2.4-4.6-7.4-5.6-11.5C390.6,80.6,391.3,76.6,391.3,72.8L391.3,72.8z\"><\/path><\/g><\/svg>\t\t\t<\/div>\n\t\t<\/div>\n\t\t\t\t<\/div>\n\t\t\t\t<\/div>\n\t\t\t\t\t<\/div>\n\t\t\t\t<\/div>\n\t\t\t\t<\/div>\n\t\t\t\t<\/div>\n\t\t<div class=\"elementor-element elementor-element-24e75d45 e-con-full e-flex e-con e-child\" data-id=\"24e75d45\" data-element_type=\"container\">\n\t\t\t\t<div class=\"elementor-element elementor-element-7d006c58 elementor-widget elementor-widget-text-editor\" data-id=\"7d006c58\" data-element_type=\"widget\" data-widget_type=\"text-editor.default\">\n\t\t\t\t<div class=\"elementor-widget-container\">\n\t\t\t<style>\/*! elementor - v3.23.0 - 05-08-2024 *\/\n.elementor-widget-text-editor.elementor-drop-cap-view-stacked .elementor-drop-cap{background-color:#69727d;color:#fff}.elementor-widget-text-editor.elementor-drop-cap-view-framed .elementor-drop-cap{color:#69727d;border:3px solid;background-color:transparent}.elementor-widget-text-editor:not(.elementor-drop-cap-view-default) .elementor-drop-cap{margin-top:8px}.elementor-widget-text-editor:not(.elementor-drop-cap-view-default) .elementor-drop-cap-letter{width:1em;height:1em}.elementor-widget-text-editor .elementor-drop-cap{float:left;text-align:center;line-height:1;font-size:50px}.elementor-widget-text-editor .elementor-drop-cap-letter{display:inline-block}<\/style>\t\t\t\t<p>En RD, nuestras soluciones integrales de Log\u00edstica Global garantizan la ejecuci\u00f3n puntual y rentable de los proyectos. Aprovechando nuestra experiencia, coordinamos h\u00e1bilmente el movimiento global de mercanc\u00edas, optimizando las cadenas de suministro y minimizando los gastos de transporte.&nbsp;<\/p>\t\t\t\t\t\t<\/div>\n\t\t\t\t<\/div>\n\t\t\t\t<\/div>\n\t\t\t\t\t<\/div>\n\t\t\t\t<\/div>\n\t\t<div class=\"elementor-element elementor-element-7fae12f e-con-full e-flex e-con e-parent\" data-id=\"7fae12f\" data-element_type=\"container\" data-settings=\"{&quot;background_background&quot;:&quot;classic&quot;}\">\n\t\t<div class=\"elementor-element elementor-element-a01223d e-con-full e-flex e-con e-child\" data-id=\"a01223d\" data-element_type=\"container\">\n\t\t<div class=\"elementor-element elementor-element-a6de82e e-con-full e-flex e-con e-child\" data-id=\"a6de82e\" data-element_type=\"container\">\n\t\t<div class=\"elementor-element elementor-element-4e496623 e-con-full e-flex e-con e-child\" data-id=\"4e496623\" data-element_type=\"container\" data-settings=\"{&quot;background_background&quot;:&quot;classic&quot;}\">\n\t\t\t\t<div class=\"elementor-element elementor-element-755a968a elementor-widget elementor-widget-spacer\" data-id=\"755a968a\" data-element_type=\"widget\" data-widget_type=\"spacer.default\">\n\t\t\t\t<div class=\"elementor-widget-container\">\n\t\t\t<style>\/*! elementor - v3.23.0 - 05-08-2024 *\/\n.elementor-column .elementor-spacer-inner{height:var(--spacer-size)}.e-con{--container-widget-width:100%}.e-con-inner>.elementor-widget-spacer,.e-con>.elementor-widget-spacer{width:var(--container-widget-width,var(--spacer-size));--align-self:var(--container-widget-align-self,initial);--flex-shrink:0}.e-con-inner>.elementor-widget-spacer>.elementor-widget-container,.e-con>.elementor-widget-spacer>.elementor-widget-container{height:100%;width:100%}.e-con-inner>.elementor-widget-spacer>.elementor-widget-container>.elementor-spacer,.e-con>.elementor-widget-spacer>.elementor-widget-container>.elementor-spacer{height:100%}.e-con-inner>.elementor-widget-spacer>.elementor-widget-container>.elementor-spacer>.elementor-spacer-inner,.e-con>.elementor-widget-spacer>.elementor-widget-container>.elementor-spacer>.elementor-spacer-inner{height:var(--container-widget-height,var(--spacer-size))}.e-con-inner>.elementor-widget-spacer.elementor-widget-empty,.e-con>.elementor-widget-spacer.elementor-widget-empty{position:relative;min-height:22px;min-width:22px}.e-con-inner>.elementor-widget-spacer.elementor-widget-empty .elementor-widget-empty-icon,.e-con>.elementor-widget-spacer.elementor-widget-empty .elementor-widget-empty-icon{position:absolute;top:0;bottom:0;left:0;right:0;margin:auto;padding:0;width:22px;height:22px}<\/style>\t\t<div class=\"elementor-spacer\">\n\t\t\t<div class=\"elementor-spacer-inner\"><\/div>\n\t\t<\/div>\n\t\t\t\t<\/div>\n\t\t\t\t<\/div>\n\t\t\t\t<\/div>\n\t\t\t\t<\/div>\n\t\t\t\t<\/div>\n\t\t<div class=\"elementor-element elementor-element-6b6de251 e-flex e-con-boxed e-con e-child\" data-id=\"6b6de251\" data-element_type=\"container\">\n\t\t\t\t\t<div class=\"e-con-inner\">\n\t\t\t\t<div class=\"elementor-element elementor-element-155da75f elementor-widget elementor-widget-spacer\" data-id=\"155da75f\" data-element_type=\"widget\" data-widget_type=\"spacer.default\">\n\t\t\t\t<div class=\"elementor-widget-container\">\n\t\t\t\t\t<div class=\"elementor-spacer\">\n\t\t\t<div class=\"elementor-spacer-inner\"><\/div>\n\t\t<\/div>\n\t\t\t\t<\/div>\n\t\t\t\t<\/div>\n\t\t\t\t\t<\/div>\n\t\t\t\t<\/div>\n\t\t\t\t<\/div>\n\t\t<div class=\"elementor-element elementor-element-16aa067e e-flex e-con-boxed e-con e-parent\" data-id=\"16aa067e\" data-element_type=\"container\" data-settings=\"{&quot;background_background&quot;:&quot;classic&quot;}\">\n\t\t\t\t\t<div class=\"e-con-inner\">\n\t\t<div class=\"elementor-element elementor-element-478d0f9a e-con-full e-flex e-con e-child\" data-id=\"478d0f9a\" data-element_type=\"container\">\n\t\t\t\t<div class=\"elementor-element elementor-element-34df2447 elementor-widget elementor-widget-heading\" data-id=\"34df2447\" data-element_type=\"widget\" data-widget_type=\"heading.default\">\n\t\t\t\t<div class=\"elementor-widget-container\">\n\t\t\t<h2 class=\"elementor-heading-title elementor-size-default\">A\u00f1os de experiencia, apoyo log\u00edstico excepcional<\/h2>\t\t<\/div>\n\t\t\t\t<\/div>\n\t\t\t\t<div class=\"elementor-element elementor-element-76d4c270 elementor-widget elementor-widget-text-editor\" data-id=\"76d4c270\" data-element_type=\"widget\" data-widget_type=\"text-editor.default\">\n\t\t\t\t<div class=\"elementor-widget-container\">\n\t\t\t\t\t\t\t<p>Contar con un socio log\u00edstico fiable es esencial para garantizar operaciones ininterrumpidas en sectores como la fabricaci\u00f3n, la gesti\u00f3n de proyectos, la sanidad y la ayuda humanitaria.<\/p>\t\t\t\t\t\t<\/div>\n\t\t\t\t<\/div>\n\t\t\t\t<div class=\"elementor-element elementor-element-345cd4f elementor-widget elementor-widget-heading\" data-id=\"345cd4f\" data-element_type=\"widget\" data-widget_type=\"heading.default\">\n\t\t\t\t<div class=\"elementor-widget-container\">\n\t\t\t<h2 class=\"elementor-heading-title elementor-size-default\">Socios de confianza en todo el mundo<\/h2>\t\t<\/div>\n\t\t\t\t<\/div>\n\t\t\t\t<div class=\"elementor-element elementor-element-2017f43 elementor-widget elementor-widget-text-editor\" data-id=\"2017f43\" data-element_type=\"widget\" data-widget_type=\"text-editor.default\">\n\t\t\t\t<div class=\"elementor-widget-container\">\n\t\t\t\t\t\t\t<p>Desde el transporte de mercanc\u00edas hasta el almacenamiento, ofrecemos soluciones personalizadas adaptadas a las necesidades espec\u00edficas de cada cliente. Nuestro objetivo global es facilitar operaciones log\u00edsticas sin fisuras, permitiendo a las empresas de todo el mundo alcanzar sus objetivos con eficiencia y eficacia.<\/p>\t\t\t\t\t\t<\/div>\n\t\t\t\t<\/div>\n\t\t\t\t<\/div>\n\t\t<div class=\"elementor-element elementor-element-2152428e e-con-full e-flex e-con e-child\" data-id=\"2152428e\" data-element_type=\"container\">\n\t\t<div class=\"elementor-element elementor-element-816d7da e-con-full e-flex elementor-invisible e-con e-child\" data-id=\"816d7da\" data-element_type=\"container\" data-settings=\"{&quot;background_background&quot;:&quot;classic&quot;,&quot;animation&quot;:&quot;fadeInRight&quot;}\">\n\t\t\t\t<div class=\"elementor-element elementor-element-1c858e6a elementor-widget elementor-widget-heading\" data-id=\"1c858e6a\" data-element_type=\"widget\" data-widget_type=\"heading.default\">\n\t\t\t\t<div class=\"elementor-widget-container\">\n\t\t\t<h3 class=\"elementor-heading-title elementor-size-default\">Proporcionamos soluciones log\u00edsticas y de entrega eficaces y fiables que mejoran sus operaciones y apoyan los objetivos de nuestros clientes en todo el mundo.<\/h3>\t\t<\/div>\n\t\t\t\t<\/div>\n\t\t\t\t<\/div>\n\t\t\t\t<\/div>\n\t\t\t\t\t<\/div>\n\t\t\t\t<\/div>\n\t\t<div class=\"elementor-element elementor-element-1d10d69 e-con-full e-flex e-con e-parent\" data-id=\"1d10d69\" data-element_type=\"container\" data-settings=\"{&quot;background_background&quot;:&quot;classic&quot;}\">\n\t\t<div class=\"elementor-element elementor-element-338cabff e-con-full e-flex e-con e-child\" data-id=\"338cabff\" data-element_type=\"container\" data-settings=\"{&quot;background_background&quot;:&quot;classic&quot;}\">\n\t\t\t\t<div class=\"elementor-element elementor-element-35ee8e4e elementor-widget elementor-widget-spacer\" data-id=\"35ee8e4e\" data-element_type=\"widget\" data-widget_type=\"spacer.default\">\n\t\t\t\t<div class=\"elementor-widget-container\">\n\t\t\t\t\t<div class=\"elementor-spacer\">\n\t\t\t<div class=\"elementor-spacer-inner\"><\/div>\n\t\t<\/div>\n\t\t\t\t<\/div>\n\t\t\t\t<\/div>\n\t\t\t\t<\/div>\n\t\t<div class=\"elementor-element elementor-element-36d047f5 e-con-full e-flex e-con e-child\" data-id=\"36d047f5\" data-element_type=\"container\">\n\t\t\t\t<div class=\"elementor-element elementor-element-4d821c14 elementor-widget elementor-widget-spacer\" data-id=\"4d821c14\" data-element_type=\"widget\" data-widget_type=\"spacer.default\">\n\t\t\t\t<div class=\"elementor-widget-container\">\n\t\t\t\t\t<div class=\"elementor-spacer\">\n\t\t\t<div class=\"elementor-spacer-inner\"><\/div>\n\t\t<\/div>\n\t\t\t\t<\/div>\n\t\t\t\t<\/div>\n\t\t\t\t<\/div>\n\t\t\t\t<\/div>\n\t\t\t\t<\/div>","protected":false},"excerpt":{"rendered":"<p>QU\u00c9 HACEMOS En RD, nuestras soluciones integrales de Log\u00edstica Global garantizan la ejecuci\u00f3n puntual y rentable de los proyectos. Aprovechando nuestra experiencia, coordinamos h\u00e1bilmente el movimiento global de mercanc\u00edas, optimizando las cadenas de suministro y minimizando los gastos de transporte.  A\u00f1os de experiencia, apoyo log\u00edstico excepcional Contar con un socio log\u00edstico de confianza es esencial para garantizar operaciones ininterrumpidas en sectores como [...]<\/p>","protected":false},"author":2,"featured_media":2174,"parent":109,"menu_order":0,"comment_status":"closed","ping_status":"closed","template":"elementor_header_footer","meta":{"inline_featured_image":false,"footnotes":""},"class_list":["post-769","page","type-page","status-publish","has-post-thumbnail","hentry"],"_links":{"self":[{"href":"https:\/\/responsivedeployment.com\/es\/wp-json\/wp\/v2\/pages\/769","targetHints":{"allow":["GET"]}}],"collection":[{"href":"https:\/\/responsivedeployment.com\/es\/wp-json\/wp\/v2\/pages"}],"about":[{"href":"https:\/\/responsivedeployment.com\/es\/wp-json\/wp\/v2\/types\/page"}],"author":[{"embeddable":true,"href":"https:\/\/responsivedeployment.com\/es\/wp-json\/wp\/v2\/users\/2"}],"replies":[{"embeddable":true,"href":"https:\/\/responsivedeployment.com\/es\/wp-json\/wp\/v2\/comments?post=769"}],"version-history":[{"count":5,"href":"https:\/\/responsivedeployment.com\/es\/wp-json\/wp\/v2\/pages\/769\/revisions"}],"predecessor-version":[{"id":2991,"href":"https:\/\/responsivedeployment.com\/es\/wp-json\/wp\/v2\/pages\/769\/revisions\/2991"}],"up":[{"embeddable":true,"href":"https:\/\/responsivedeployment.com\/es\/wp-json\/wp\/v2\/pages\/109"}],"wp:featuredmedia":[{"embeddable":true,"href":"https:\/\/responsivedeployment.com\/es\/wp-json\/wp\/v2\/media\/2174"}],"wp:attachment":[{"href":"https:\/\/responsivedeployment.com\/es\/wp-json\/wp\/v2\/media?parent=769"}],"curies":[{"name":"wp","href":"https:\/\/api.w.org\/{rel}","templated":true}]}}