{"id":767,"date":"2024-05-23T19:52:18","date_gmt":"2024-05-23T19:52:18","guid":{"rendered":"https:\/\/staging.responsivedeployment.com\/?page_id=767"},"modified":"2024-07-23T13:55:45","modified_gmt":"2024-07-23T13:55:45","slug":"facilities-management","status":"publish","type":"page","link":"https:\/\/responsivedeployment.com\/es\/what-we-do\/facilities-management\/","title":{"rendered":"Gesti\u00f3n de instalaciones"},"content":{"rendered":"<div data-elementor-type=\"wp-page\" data-elementor-id=\"767\" class=\"elementor elementor-767\" data-elementor-post-type=\"page\">\n\t\t\t\t<div class=\"elementor-element elementor-element-325b87c9 e-con-full e-flex e-con e-parent\" data-id=\"325b87c9\" data-element_type=\"container\" data-settings=\"{&quot;background_background&quot;:&quot;classic&quot;}\">\n\t\t<div class=\"elementor-element elementor-element-68fd20c4 e-con-full e-flex e-con e-child\" data-id=\"68fd20c4\" data-element_type=\"container\" data-settings=\"{&quot;background_background&quot;:&quot;classic&quot;}\">\n\t\t\t\t<\/div>\n\t\t<div class=\"elementor-element elementor-element-651afb04 e-con-full e-flex e-con e-child\" data-id=\"651afb04\" data-element_type=\"container\">\n\t\t<div class=\"elementor-element elementor-element-418ef21d e-con-full e-flex e-con e-child\" data-id=\"418ef21d\" data-element_type=\"container\" data-settings=\"{&quot;background_background&quot;:&quot;classic&quot;}\">\n\t\t\t\t<\/div>\n\t\t\t\t<\/div>\n\t\t\t\t<\/div>\n\t\t<div class=\"elementor-element elementor-element-249143d9 e-flex e-con-boxed e-con e-parent\" data-id=\"249143d9\" data-element_type=\"container\" data-settings=\"{&quot;background_background&quot;:&quot;classic&quot;}\">\n\t\t\t\t\t<div class=\"e-con-inner\">\n\t\t\t\t<div class=\"elementor-element elementor-element-14a08355 elementor-widget-mobile__width-inherit elementor-widget elementor-widget-heading\" data-id=\"14a08355\" data-element_type=\"widget\" data-widget_type=\"heading.default\">\n\t\t\t\t<div class=\"elementor-widget-container\">\n\t\t\t<style>\/*! elementor - v3.23.0 - 05-08-2024 *\/\n.elementor-heading-title{padding:0;margin:0;line-height:1}.elementor-widget-heading .elementor-heading-title[class*=elementor-size-]>a{color:inherit;font-size:inherit;line-height:inherit}.elementor-widget-heading .elementor-heading-title.elementor-size-small{font-size:15px}.elementor-widget-heading .elementor-heading-title.elementor-size-medium{font-size:19px}.elementor-widget-heading .elementor-heading-title.elementor-size-large{font-size:29px}.elementor-widget-heading .elementor-heading-title.elementor-size-xl{font-size:39px}.elementor-widget-heading .elementor-heading-title.elementor-size-xxl{font-size:59px}<\/style><h2 class=\"elementor-heading-title elementor-size-default\">QU\u00c9 HACEMOS<\/h2>\t\t<\/div>\n\t\t\t\t<\/div>\n\t\t\t\t\t<\/div>\n\t\t\t\t<\/div>\n\t\t<div class=\"elementor-element elementor-element-f338d5e e-flex e-con-boxed e-con e-parent\" data-id=\"f338d5e\" data-element_type=\"container\">\n\t\t\t\t\t<div class=\"e-con-inner\">\n\t\t<div class=\"elementor-element elementor-element-43b2463 e-con-full e-flex e-con e-child\" data-id=\"43b2463\" data-element_type=\"container\">\n\t\t<div class=\"elementor-element elementor-element-a330369 e-con-full e-flex e-con e-child\" data-id=\"a330369\" data-element_type=\"container\" data-settings=\"{&quot;background_background&quot;:&quot;classic&quot;}\">\n\t\t<div class=\"elementor-element elementor-element-e8a2181 e-flex e-con-boxed e-con e-child\" data-id=\"e8a2181\" data-element_type=\"container\">\n\t\t\t\t\t<div class=\"e-con-inner\">\n\t\t\t\t<div class=\"elementor-element elementor-element-7a6d566 elementor-view-stacked elementor-hidden-mobile elementor-shape-circle elementor-widget elementor-widget-icon\" data-id=\"7a6d566\" data-element_type=\"widget\" data-widget_type=\"icon.default\">\n\t\t\t\t<div class=\"elementor-widget-container\">\n\t\t\t\t\t<div class=\"elementor-icon-wrapper\">\n\t\t\t<div class=\"elementor-icon\">\n\t\t\t<svg xmlns=\"http:\/\/www.w3.org\/2000\/svg\" xmlns:xlink=\"http:\/\/www.w3.org\/1999\/xlink\" id=\"Layer_1\" x=\"0px\" y=\"0px\" viewbox=\"0 0 492 491\" style=\"enable-background:new 0 0 492 491;\" xml:space=\"preserve\"><style type=\"text\/css\">\t.st0{fill:#FFFFFF;}<\/style><g id=\"_94cKng\">\t<path class=\"st0\" d=\"M380.5,491h-52.9c-7.9-2.9-11.3-8.8-11.6-16.9c-0.1-3.3-0.7-6.7-1.2-10c-0.8-4.9-7.7-7.6-11.6-4.6   c-3.6,2.7-7,5.6-10.6,8.2c-7.1,5.2-14.1,4.8-20.3-1.4c-10.5-10.3-20.9-20.7-31.2-31.2c-6.5-6.5-6.7-13.6-1.1-21   c2.5-3.3,5.2-6.5,7.6-9.9c0.8-1.2,1.1-2.7,1.7-4.1c-1.4-0.5-2.7-1.1-4.1-1.5c-1.1-0.2-2.2,0-3.4,0c-74.4,0-148.9-0.1-223.3,0.1   c-8.8,0-15.2-2.8-18.5-11.3V180.3c3.5-8.3,9.9-11.1,18.7-10.9c17.6,0.4,35.2,0.1,52.8,0.1h5.6c0-2.5,0-4.4,0-6.3   c0-48.6,0-97.1,0-145.7C77.1,5.4,82.5,0,94.6,0C174.8,0,255,0,335.2,0C347.8,0,353,5.1,353,17.7c0,26.4,0,52.7,0,79.1   c0,1.6,0,3.2,0,4.9c0.4,0.2,0.9,0.3,1.3,0.4c6.2-6.4,12.5-12.8,18.8-19.1c7.9-7.9,15.9-7.9,23.8-0.1C411,97,425,111.2,439.3,125.2   c4.5,4.4,6.5,9.4,6.5,15.8c-0.1,34.8,0,69.7-0.1,104.5c0,3.3,0.8,5.7,3.2,8c6.4,6,12.6,12.3,18.7,18.6c5.7,5.9,6.1,13,1.3,19.6   c-2.3,3.2-4.6,6.7-7.4,9.4c-3.4,3.2-2.4,6.1-1,9.8c1.4,3.6,4.2,3.3,7,3.7c2.5,0.3,5.1,0.8,7.6,0.9c8.2,0.3,14,3.8,16.9,11.6v52.8   c-3,7.8-8.8,11.3-17,11.6c-3.2,0.1-6.4,0.7-9.5,1.1c-5.2,0.7-8.1,7.6-5,11.7c2.7,3.5,5.6,7,8.2,10.6c5,6.8,4.7,13.9-1.2,20   c-10.5,10.7-21.2,21.4-31.9,31.9c-6,5.9-13.2,6.2-20,1.1c-3.7-2.8-7.3-5.8-11-8.5c-1-0.7-2.7-1.5-3.7-1.1c-4.3,1.3-8.5,2.8-8,8.8   c0.2,2.3-0.7,4.7-0.8,7.1C391.9,482.2,388.3,488.1,380.5,491L380.5,491z M106.3,28.9v340.5h109.8c0-13.2-0.1-26,0-38.8   c0.1-7.7,4.4-13,12-14.5c4.5-0.9,9.2-1.3,13.8-1.8c3-0.3,4.7-1.5,6-4.4c1.6-3.5,1.3-6.1-1.3-8.9c-2.4-2.5-4.4-5.5-6.5-8.3   c-6-7.8-5.6-14.7,1.3-21.8c6.3-6.4,12.8-12.6,18.9-19.1c1.2-1.3,1.9-3.5,2-5.3c0.2-5.6-0.1-11.2,0.1-16.8   c0.4-8.4,6.5-14.2,14.5-14.1c8.1,0.1,14.4,6,14,14.4c-0.3,6,1.6,10,6.7,12.9c1.9,1.1,3.4,3.1,5.4,4c1.7,0.8,4,1.2,5.8,0.9   c4.4-0.6,6.3-3.5,6.2-8c0-3.5,0.3-7.1,1.3-10.4c1.1-3.5,3.2-6.7,4.9-10.1c1-2.1,2.6-4.3,2.7-6.5c0.1-59.6,0.1-119.2,0.1-178.9   c0-1.7-0.1-3.3-0.2-5.1C323.9,28.9,106.3,28.9,106.3,28.9z M438.4,422.7c-2.4-3.1-4.8-6.3-7.3-9.4c-4.8-5.8-5.3-11.8-1.8-18.6   c2.9-5.6,5.2-11.6,7.3-17.6c2.5-7.2,7-11.2,14.6-11.8c4-0.3,7.9-1.1,11.8-1.6V343c-4-0.5-7.7-1.2-11.5-1.5   c-7.8-0.6-12.5-4.7-14.9-12c-2-6-4.5-12-7.3-17.6c-3.4-6.6-2.9-12.5,1.8-18.2c2.6-3.2,5-6.5,7.1-9.2c-5-5.2-9.6-10-14.4-15.1   c-3.5,2.7-7,5.5-10.6,8.1c-5.1,3.8-10.4,4.1-16.2,1.5c-6.5-3-13.1-5.8-19.9-8.3c-6.4-2.4-9.9-6.6-10.7-13.3   c-0.5-4.2-1.1-8.4-1.7-12.5h-20.8c-0.5,4.2-1.1,8.1-1.5,12.1c-0.8,7.1-4.4,11.6-11.3,14c-6.3,2.2-12.6,4.7-18.6,7.7   c-6.5,3.2-12.3,2.8-17.9-1.7c-3.2-2.6-6.5-5-9.2-7.1c-5.2,5-10.1,9.7-15.2,14.5c2.4,3.1,5,6.4,7.5,9.7c4.3,5.5,4.7,11.1,1.6,17.4   c-3,6.2-5.6,12.5-7.9,19c-2.4,6.6-6.8,10.2-13.6,11c-4.1,0.5-8.2,1.1-12.4,1.6v20.7c4.2,0.6,8.3,1.2,12.4,1.6   c7.1,0.8,11.5,4.6,13.9,11.4c2.2,6.3,4.8,12.5,7.7,18.5c3.1,6.3,2.7,12-1.6,17.4c-2.6,3.4-5.2,6.8-7.2,9.3c5.2,5.2,10.1,10,15,14.9   c2.6-2,5.8-4.4,8.9-6.9c5.6-4.5,11.4-5,17.9-1.8c6,3,12.2,5.5,18.5,7.7c7,2.4,10.7,7.1,11.4,14.4c0.4,3.9,1,7.9,1.6,11.8h20.7   c0.6-4.1,1.2-8,1.6-12c0.7-7.4,4.5-11.9,11.5-14.3c6.2-2.1,12.3-4.5,18.1-7.5c6.7-3.4,12.5-2.9,18.3,1.7c3.2,2.6,6.5,5,9.3,7.1   C428.5,432.2,433.3,427.6,438.4,422.7L438.4,422.7z M76.8,369.6v-171H29.1v171H76.8L76.8,369.6z M353,215.8c8.2,0,15.7-0.1,23.2,0   c8.5,0.1,13.8,4.4,15.3,12.9c0.8,4.4,1.2,8.9,1.6,13.3c0.2,2.6,1.2,4.1,3.8,5.4c3.8,1.8,6.6,1.8,9.7-1.3c2.3-2.4,5.4-4,7.8-6.3   c1.2-1.2,2.3-3.1,2.3-4.7c0.1-29.4,0.1-58.8,0.1-88.2c0-1.4-0.2-3.1-1-4c-10.2-10.4-20.5-20.6-30.9-31   c-9.8,9.8-19.4,19.2-28.7,28.9c-1.8,1.8-3.1,4.9-3.1,7.4c-0.3,18.5-0.1,37.1-0.1,55.6C353,207.5,353,211.3,353,215.8L353,215.8z\"><\/path>\t<path class=\"st0\" d=\"M291.2,84c0,2.6,0.1,5.1,0,7.7c-0.3,8-6.2,13.9-14,14.1c-7.8,0.2-14.2-5.5-14.7-13.4c-0.3-5.7-0.4-11.5,0-17.2   c0.5-8,7-13.6,14.7-13.3c7.9,0.3,13.6,6,13.9,14.1C291.3,78.6,291.2,81.3,291.2,84L291.2,84z\"><\/path>\t<path class=\"st0\" d=\"M200.8,237.5c0-2.6-0.1-5.1,0-7.6c0.3-7.7,6.1-13.7,13.6-14.1c7.7-0.4,14.5,5.2,15.1,13   c0.5,6,0.5,12.1-0.1,18.1c-0.7,7.9-7.1,13.1-14.7,12.8c-7.9-0.3-13.6-6-13.9-14.2C200.7,242.9,200.8,240.2,200.8,237.5L200.8,237.5   z\"><\/path>\t<path class=\"st0\" d=\"M200.8,83.7c0-2.6-0.1-5.1,0-7.7c0.2-7.9,6-14,13.7-14.5c7.4-0.4,14.4,5.5,14.9,13.3c0.4,5.9,0.4,11.8,0,17.7   c-0.7,8.4-7,13.5-15.4,13c-7.7-0.4-13-6.1-13.2-14.2C200.7,88.8,200.8,86.3,200.8,83.7L200.8,83.7z\"><\/path>\t<path class=\"st0\" d=\"M200.8,160.6c0-2.6-0.1-5.1,0-7.6c0.3-8,6.2-13.9,13.9-14.2c7.8-0.2,14.2,5.4,14.8,13.3   c0.4,5.7,0.4,11.5,0,17.2c-0.6,8.1-6.8,13.6-14.6,13.4c-8.2-0.2-13.8-5.9-14.1-14.4C200.7,165.7,200.8,163.1,200.8,160.6   L200.8,160.6z\"><\/path>\t<path class=\"st0\" d=\"M291.2,160.7c0,2.7,0.1,5.4,0,8.1c-0.3,7.8-6.5,13.9-14.2,14.1c-7.3,0.1-14-5.7-14.5-13.2   c-0.4-5.9-0.4-11.8,0-17.7c0.6-8.1,6.7-13.3,14.8-13.1c7.9,0.2,13.5,5.9,13.8,14.1C291.3,155.6,291.2,158.2,291.2,160.7   L291.2,160.7z\"><\/path>\t<path class=\"st0\" d=\"M139.1,83.6c0-3-0.2-6.1,0-9.1c0.6-7,6.2-12.3,13.3-12.8c6.7-0.5,13.9,4.2,14.6,11.1c0.8,7.4,0.8,15-0.1,22.3   c-0.8,6.9-7.4,11-14.9,10.5c-6.8-0.4-12.1-5.3-12.8-12C138.9,90.3,139.2,86.9,139.1,83.6C139.2,83.6,139.2,83.6,139.1,83.6z\"><\/path>\t<path class=\"st0\" d=\"M139.1,237.6c0-3-0.2-6.1,0.1-9.1c0.6-7,6.3-12.4,13.3-12.8c7-0.4,13.9,4.1,14.6,11.1c0.8,7.4,0.7,15-0.1,22.3   c-0.7,6.4-7.3,10.8-14,10.6c-7-0.2-12.9-4.9-13.7-11.7c-0.4-3.4-0.1-7-0.1-10.5C139.2,237.6,139.2,237.6,139.1,237.6L139.1,237.6z\"><\/path>\t<path class=\"st0\" d=\"M168,160.4c-0.2,3.7-0.1,7.1-0.6,10.4c-1.1,7.6-7.2,12.4-14.8,11.9c-7.5-0.4-12.9-5.5-13.4-13   c-0.3-5.9-0.3-11.8,0-17.7c0.4-7.3,6.1-12.8,13.3-13.2c7.3-0.4,13.5,4.2,14.9,11.4C167.9,153.7,167.8,157.2,168,160.4L168,160.4z\"><\/path>\t<path class=\"st0\" d=\"M353.8,405.8c-30.1-0.1-53.1-23.2-52.8-52.9c0.3-28.9,24.4-52.7,53.3-52.5c29,0.2,53.1,24.3,52.8,52.9   C406.8,383.5,384,405.9,353.8,405.8L353.8,405.8z M354.3,377.5c13.2-0.2,24.3-11.4,24-24.3c-0.4-13.9-11-24.2-24.7-23.8   c-13.6,0.3-23.8,10.8-23.7,24.3C329.9,366.7,341.2,377.7,354.3,377.5L354.3,377.5z\"><\/path><\/g><\/svg>\t\t\t<\/div>\n\t\t<\/div>\n\t\t\t\t<\/div>\n\t\t\t\t<\/div>\n\t\t\t\t\t<\/div>\n\t\t\t\t<\/div>\n\t\t\t\t<\/div>\n\t\t\t\t<\/div>\n\t\t<div class=\"elementor-element elementor-element-40cb656d e-con-full e-flex e-con e-child\" data-id=\"40cb656d\" data-element_type=\"container\">\n\t\t\t\t<div class=\"elementor-element elementor-element-646cbd83 elementor-widget elementor-widget-text-editor\" data-id=\"646cbd83\" data-element_type=\"widget\" data-widget_type=\"text-editor.default\">\n\t\t\t\t<div class=\"elementor-widget-container\">\n\t\t\t<style>\/*! elementor - v3.23.0 - 05-08-2024 *\/\n.elementor-widget-text-editor.elementor-drop-cap-view-stacked .elementor-drop-cap{background-color:#69727d;color:#fff}.elementor-widget-text-editor.elementor-drop-cap-view-framed .elementor-drop-cap{color:#69727d;border:3px solid;background-color:transparent}.elementor-widget-text-editor:not(.elementor-drop-cap-view-default) .elementor-drop-cap{margin-top:8px}.elementor-widget-text-editor:not(.elementor-drop-cap-view-default) .elementor-drop-cap-letter{width:1em;height:1em}.elementor-widget-text-editor .elementor-drop-cap{float:left;text-align:center;line-height:1;font-size:50px}.elementor-widget-text-editor .elementor-drop-cap-letter{display:inline-block}<\/style>\t\t\t\t<p>En RD, ofrecemos un conjunto completo de servicios de gesti\u00f3n de instalaciones para garantizar que todos los proyectos se lleven a cabo con eficiencia y eficacia, ya se trate de ayuda en caso de cat\u00e1strofe, respuesta a crisis o proyectos comerciales de gran formato.<\/p>\t\t\t\t\t\t<\/div>\n\t\t\t\t<\/div>\n\t\t\t\t<\/div>\n\t\t\t\t\t<\/div>\n\t\t\t\t<\/div>\n\t\t<div class=\"elementor-element elementor-element-7124707 e-con-full e-flex e-con e-parent\" data-id=\"7124707\" data-element_type=\"container\" data-settings=\"{&quot;background_background&quot;:&quot;classic&quot;}\">\n\t\t<div class=\"elementor-element elementor-element-3baefc95 e-con-full e-flex e-con e-child\" data-id=\"3baefc95\" data-element_type=\"container\">\n\t\t<div class=\"elementor-element elementor-element-1d656ee0 e-con-full e-flex e-con e-child\" data-id=\"1d656ee0\" data-element_type=\"container\">\n\t\t<div class=\"elementor-element elementor-element-1b2cddc4 e-con-full e-flex e-con e-child\" data-id=\"1b2cddc4\" data-element_type=\"container\" data-settings=\"{&quot;background_background&quot;:&quot;classic&quot;}\">\n\t\t\t\t<div class=\"elementor-element elementor-element-57f33672 elementor-widget elementor-widget-spacer\" data-id=\"57f33672\" data-element_type=\"widget\" data-widget_type=\"spacer.default\">\n\t\t\t\t<div class=\"elementor-widget-container\">\n\t\t\t<style>\/*! elementor - v3.23.0 - 05-08-2024 *\/\n.elementor-column .elementor-spacer-inner{height:var(--spacer-size)}.e-con{--container-widget-width:100%}.e-con-inner>.elementor-widget-spacer,.e-con>.elementor-widget-spacer{width:var(--container-widget-width,var(--spacer-size));--align-self:var(--container-widget-align-self,initial);--flex-shrink:0}.e-con-inner>.elementor-widget-spacer>.elementor-widget-container,.e-con>.elementor-widget-spacer>.elementor-widget-container{height:100%;width:100%}.e-con-inner>.elementor-widget-spacer>.elementor-widget-container>.elementor-spacer,.e-con>.elementor-widget-spacer>.elementor-widget-container>.elementor-spacer{height:100%}.e-con-inner>.elementor-widget-spacer>.elementor-widget-container>.elementor-spacer>.elementor-spacer-inner,.e-con>.elementor-widget-spacer>.elementor-widget-container>.elementor-spacer>.elementor-spacer-inner{height:var(--container-widget-height,var(--spacer-size))}.e-con-inner>.elementor-widget-spacer.elementor-widget-empty,.e-con>.elementor-widget-spacer.elementor-widget-empty{position:relative;min-height:22px;min-width:22px}.e-con-inner>.elementor-widget-spacer.elementor-widget-empty .elementor-widget-empty-icon,.e-con>.elementor-widget-spacer.elementor-widget-empty .elementor-widget-empty-icon{position:absolute;top:0;bottom:0;left:0;right:0;margin:auto;padding:0;width:22px;height:22px}<\/style>\t\t<div class=\"elementor-spacer\">\n\t\t\t<div class=\"elementor-spacer-inner\"><\/div>\n\t\t<\/div>\n\t\t\t\t<\/div>\n\t\t\t\t<\/div>\n\t\t\t\t<\/div>\n\t\t\t\t<\/div>\n\t\t\t\t<\/div>\n\t\t<div class=\"elementor-element elementor-element-44ced51a e-flex e-con-boxed e-con e-child\" data-id=\"44ced51a\" data-element_type=\"container\">\n\t\t\t\t\t<div class=\"e-con-inner\">\n\t\t\t\t<div class=\"elementor-element elementor-element-8db3558 elementor-widget elementor-widget-spacer\" data-id=\"8db3558\" data-element_type=\"widget\" data-widget_type=\"spacer.default\">\n\t\t\t\t<div class=\"elementor-widget-container\">\n\t\t\t\t\t<div class=\"elementor-spacer\">\n\t\t\t<div class=\"elementor-spacer-inner\"><\/div>\n\t\t<\/div>\n\t\t\t\t<\/div>\n\t\t\t\t<\/div>\n\t\t\t\t\t<\/div>\n\t\t\t\t<\/div>\n\t\t\t\t<\/div>\n\t\t<div class=\"elementor-element elementor-element-6b5367b e-flex e-con-boxed e-con e-parent\" data-id=\"6b5367b\" data-element_type=\"container\" data-settings=\"{&quot;background_background&quot;:&quot;classic&quot;}\">\n\t\t\t\t\t<div class=\"e-con-inner\">\n\t\t<div class=\"elementor-element elementor-element-500d2c9c e-con-full e-flex e-con e-child\" data-id=\"500d2c9c\" data-element_type=\"container\">\n\t\t\t\t<div class=\"elementor-element elementor-element-33e76855 elementor-widget elementor-widget-heading\" data-id=\"33e76855\" data-element_type=\"widget\" data-widget_type=\"heading.default\">\n\t\t\t\t<div class=\"elementor-widget-container\">\n\t\t\t<h2 class=\"elementor-heading-title elementor-size-default\">Fundamental \/ Civil<\/h2>\t\t<\/div>\n\t\t\t\t<\/div>\n\t\t\t\t<div class=\"elementor-element elementor-element-618928fd elementor-widget elementor-widget-text-editor\" data-id=\"618928fd\" data-element_type=\"widget\" data-widget_type=\"text-editor.default\">\n\t\t\t\t<div class=\"elementor-widget-container\">\n\t\t\t\t\t\t\t<p>En situaciones de respuesta a emergencias, nuestra experiencia garantiza que los refugios temporales, las instalaciones m\u00e9dicas, los servicios de saneamiento y el apoyo log\u00edstico se gestionen con precisi\u00f3n. Supervisamos servicios esenciales como el suministro el\u00e9ctrico, la distribuci\u00f3n de agua, la gesti\u00f3n de residuos y la seguridad para mantener las normas de seguridad e higiene.<\/p>\t\t\t\t\t\t<\/div>\n\t\t\t\t<\/div>\n\t\t\t\t<div class=\"elementor-element elementor-element-7749b06d elementor-widget elementor-widget-heading\" data-id=\"7749b06d\" data-element_type=\"widget\" data-widget_type=\"heading.default\">\n\t\t\t\t<div class=\"elementor-widget-container\">\n\t\t\t<h2 class=\"elementor-heading-title elementor-size-default\">Funcional \/ Amigable <\/h2>\t\t<\/div>\n\t\t\t\t<\/div>\n\t\t\t\t<div class=\"elementor-element elementor-element-498c3ca7 elementor-widget elementor-widget-text-editor\" data-id=\"498c3ca7\" data-element_type=\"widget\" data-widget_type=\"text-editor.default\">\n\t\t\t\t<div class=\"elementor-widget-container\">\n\t\t\t\t\t\t\t<p>En el caso de los campamentos para hombres de gran formato, nos encargamos de todos los aspectos de la gesti\u00f3n de las instalaciones, desde la planificaci\u00f3n y la construcci\u00f3n hasta el mantenimiento continuo. Nuestro equipo gestiona alojamientos, comedores, zonas recreativas y otros servicios para crear un entorno de vida c\u00f3modo y funcional.<\/p>\t\t\t\t\t\t<\/div>\n\t\t\t\t<\/div>\n\t\t\t\t<div class=\"elementor-element elementor-element-1ba2ebf3 elementor-widget elementor-widget-heading\" data-id=\"1ba2ebf3\" data-element_type=\"widget\" data-widget_type=\"heading.default\">\n\t\t\t\t<div class=\"elementor-widget-container\">\n\t\t\t<h2 class=\"elementor-heading-title elementor-size-default\">A la medida de sus necesidades<\/h2>\t\t<\/div>\n\t\t\t\t<\/div>\n\t\t\t\t<div class=\"elementor-element elementor-element-3a4aa3da elementor-widget elementor-widget-text-editor\" data-id=\"3a4aa3da\" data-element_type=\"widget\" data-widget_type=\"text-editor.default\">\n\t\t\t\t<div class=\"elementor-widget-container\">\n\t\t\t\t\t\t\t<p>En RD, nos comprometemos a ofrecer soluciones a medida para la respuesta a emergencias y los Campos de Maniobras de Gran Formato. Nuestros servicios de Gesti\u00f3n de Instalaciones garantizan que las instalaciones cumplan los m\u00e1s altos est\u00e1ndares de funcionalidad, comodidad y seguridad, permitiendo operaciones eficientes en cualquier situaci\u00f3n.<\/p>\t\t\t\t\t\t<\/div>\n\t\t\t\t<\/div>\n\t\t\t\t<\/div>\n\t\t<div class=\"elementor-element elementor-element-55188f51 e-con-full e-flex e-con e-child\" data-id=\"55188f51\" data-element_type=\"container\">\n\t\t<div class=\"elementor-element elementor-element-1b846014 e-con-full e-flex elementor-invisible e-con e-child\" data-id=\"1b846014\" data-element_type=\"container\" data-settings=\"{&quot;background_background&quot;:&quot;classic&quot;,&quot;animation&quot;:&quot;fadeInRight&quot;}\">\n\t\t\t\t<div class=\"elementor-element elementor-element-5964fb82 elementor-widget elementor-widget-heading\" data-id=\"5964fb82\" data-element_type=\"widget\" data-widget_type=\"heading.default\">\n\t\t\t\t<div class=\"elementor-widget-container\">\n\t\t\t<h3 class=\"elementor-heading-title elementor-size-default\">Damos prioridad a las personas y a la calidad de vida, ofreciendo una gesti\u00f3n de instalaciones que garantice entornos seguros, c\u00f3modos y bien mantenidos.<\/h3>\t\t<\/div>\n\t\t\t\t<\/div>\n\t\t\t\t<\/div>\n\t\t\t\t<\/div>\n\t\t\t\t\t<\/div>\n\t\t\t\t<\/div>\n\t\t<div class=\"elementor-element elementor-element-1c13fc4f e-con-full e-flex e-con e-parent\" data-id=\"1c13fc4f\" data-element_type=\"container\" data-settings=\"{&quot;background_background&quot;:&quot;classic&quot;}\">\n\t\t<div class=\"elementor-element elementor-element-3e695c66 e-con-full e-flex e-con e-child\" data-id=\"3e695c66\" data-element_type=\"container\" data-settings=\"{&quot;background_background&quot;:&quot;classic&quot;}\">\n\t\t\t\t<div class=\"elementor-element elementor-element-324caf03 elementor-widget elementor-widget-spacer\" data-id=\"324caf03\" data-element_type=\"widget\" data-widget_type=\"spacer.default\">\n\t\t\t\t<div class=\"elementor-widget-container\">\n\t\t\t\t\t<div class=\"elementor-spacer\">\n\t\t\t<div class=\"elementor-spacer-inner\"><\/div>\n\t\t<\/div>\n\t\t\t\t<\/div>\n\t\t\t\t<\/div>\n\t\t\t\t<\/div>\n\t\t<div class=\"elementor-element elementor-element-3362810b e-con-full e-flex e-con e-child\" data-id=\"3362810b\" data-element_type=\"container\">\n\t\t\t\t<div class=\"elementor-element elementor-element-2d47333d elementor-widget elementor-widget-spacer\" data-id=\"2d47333d\" data-element_type=\"widget\" data-widget_type=\"spacer.default\">\n\t\t\t\t<div class=\"elementor-widget-container\">\n\t\t\t\t\t<div class=\"elementor-spacer\">\n\t\t\t<div class=\"elementor-spacer-inner\"><\/div>\n\t\t<\/div>\n\t\t\t\t<\/div>\n\t\t\t\t<\/div>\n\t\t\t\t<\/div>\n\t\t\t\t<\/div>\n\t\t\t\t<\/div>","protected":false},"excerpt":{"rendered":"<p>QU\u00c9 HACEMOS En RD, ofrecemos un conjunto completo de servicios de gesti\u00f3n de instalaciones para garantizar que todos los proyectos se lleven a cabo de forma eficiente y eficaz, ya sea para ayuda en caso de cat\u00e1strofe, respuesta a crisis o proyectos comerciales de gran formato. Fundamental \/ Civil En escenarios de respuesta a emergencias, nuestra experiencia garantiza la gesti\u00f3n de refugios temporales, instalaciones m\u00e9dicas, servicios sanitarios y apoyo log\u00edstico [...].<\/p>","protected":false},"author":2,"featured_media":2066,"parent":109,"menu_order":0,"comment_status":"closed","ping_status":"closed","template":"elementor_header_footer","meta":{"inline_featured_image":false,"footnotes":""},"class_list":["post-767","page","type-page","status-publish","has-post-thumbnail","hentry"],"_links":{"self":[{"href":"https:\/\/responsivedeployment.com\/es\/wp-json\/wp\/v2\/pages\/767","targetHints":{"allow":["GET"]}}],"collection":[{"href":"https:\/\/responsivedeployment.com\/es\/wp-json\/wp\/v2\/pages"}],"about":[{"href":"https:\/\/responsivedeployment.com\/es\/wp-json\/wp\/v2\/types\/page"}],"author":[{"embeddable":true,"href":"https:\/\/responsivedeployment.com\/es\/wp-json\/wp\/v2\/users\/2"}],"replies":[{"embeddable":true,"href":"https:\/\/responsivedeployment.com\/es\/wp-json\/wp\/v2\/comments?post=767"}],"version-history":[{"count":23,"href":"https:\/\/responsivedeployment.com\/es\/wp-json\/wp\/v2\/pages\/767\/revisions"}],"predecessor-version":[{"id":3232,"href":"https:\/\/responsivedeployment.com\/es\/wp-json\/wp\/v2\/pages\/767\/revisions\/3232"}],"up":[{"embeddable":true,"href":"https:\/\/responsivedeployment.com\/es\/wp-json\/wp\/v2\/pages\/109"}],"wp:featuredmedia":[{"embeddable":true,"href":"https:\/\/responsivedeployment.com\/es\/wp-json\/wp\/v2\/media\/2066"}],"wp:attachment":[{"href":"https:\/\/responsivedeployment.com\/es\/wp-json\/wp\/v2\/media?parent=767"}],"curies":[{"name":"wp","href":"https:\/\/api.w.org\/{rel}","templated":true}]}}