{"id":765,"date":"2024-05-23T19:48:26","date_gmt":"2024-05-23T19:48:26","guid":{"rendered":"https:\/\/staging.responsivedeployment.com\/?page_id=765"},"modified":"2024-07-19T21:47:21","modified_gmt":"2024-07-19T21:47:21","slug":"disaster-relief","status":"publish","type":"page","link":"https:\/\/responsivedeployment.com\/es\/what-we-do\/disaster-relief\/","title":{"rendered":"Ayuda para cat\u00e1strofes"},"content":{"rendered":"<div data-elementor-type=\"wp-page\" data-elementor-id=\"765\" class=\"elementor elementor-765\" data-elementor-post-type=\"page\">\n\t\t\t\t<div class=\"elementor-element elementor-element-661e1fd e-con-full e-flex e-con e-parent\" data-id=\"661e1fd\" data-element_type=\"container\" data-settings=\"{&quot;background_background&quot;:&quot;classic&quot;}\">\n\t\t<div class=\"elementor-element elementor-element-f89b1ed e-con-full e-flex e-con e-child\" data-id=\"f89b1ed\" data-element_type=\"container\" data-settings=\"{&quot;background_background&quot;:&quot;classic&quot;}\">\n\t\t\t\t<\/div>\n\t\t<div class=\"elementor-element elementor-element-6045850 e-con-full e-flex e-con e-child\" data-id=\"6045850\" data-element_type=\"container\">\n\t\t<div class=\"elementor-element elementor-element-1b15be76 e-con-full e-flex e-con e-child\" data-id=\"1b15be76\" data-element_type=\"container\" data-settings=\"{&quot;background_background&quot;:&quot;classic&quot;}\">\n\t\t\t\t<\/div>\n\t\t\t\t<\/div>\n\t\t\t\t<\/div>\n\t\t<div class=\"elementor-element elementor-element-3948898d e-flex e-con-boxed e-con e-parent\" data-id=\"3948898d\" data-element_type=\"container\" data-settings=\"{&quot;background_background&quot;:&quot;classic&quot;}\">\n\t\t\t\t\t<div class=\"e-con-inner\">\n\t\t\t\t<div class=\"elementor-element elementor-element-30307c48 elementor-widget-mobile__width-inherit elementor-widget elementor-widget-heading\" data-id=\"30307c48\" data-element_type=\"widget\" data-widget_type=\"heading.default\">\n\t\t\t\t<div class=\"elementor-widget-container\">\n\t\t\t<style>\/*! elementor - v3.23.0 - 05-08-2024 *\/\n.elementor-heading-title{padding:0;margin:0;line-height:1}.elementor-widget-heading .elementor-heading-title[class*=elementor-size-]>a{color:inherit;font-size:inherit;line-height:inherit}.elementor-widget-heading .elementor-heading-title.elementor-size-small{font-size:15px}.elementor-widget-heading .elementor-heading-title.elementor-size-medium{font-size:19px}.elementor-widget-heading .elementor-heading-title.elementor-size-large{font-size:29px}.elementor-widget-heading .elementor-heading-title.elementor-size-xl{font-size:39px}.elementor-widget-heading .elementor-heading-title.elementor-size-xxl{font-size:59px}<\/style><h2 class=\"elementor-heading-title elementor-size-default\">QU\u00c9 HACEMOS<\/h2>\t\t<\/div>\n\t\t\t\t<\/div>\n\t\t\t\t\t<\/div>\n\t\t\t\t<\/div>\n\t\t<div class=\"elementor-element elementor-element-3713ab2e e-flex e-con-boxed e-con e-parent\" data-id=\"3713ab2e\" data-element_type=\"container\">\n\t\t\t\t\t<div class=\"e-con-inner\">\n\t\t<div class=\"elementor-element elementor-element-b400a37 e-con-full e-flex e-con e-child\" data-id=\"b400a37\" data-element_type=\"container\">\n\t\t<div class=\"elementor-element elementor-element-d0c95f3 e-con-full e-flex e-con e-child\" data-id=\"d0c95f3\" data-element_type=\"container\" data-settings=\"{&quot;background_background&quot;:&quot;classic&quot;}\">\n\t\t<div class=\"elementor-element elementor-element-ed812b1 e-flex e-con-boxed e-con e-child\" data-id=\"ed812b1\" data-element_type=\"container\">\n\t\t\t\t\t<div class=\"e-con-inner\">\n\t\t\t\t<div class=\"elementor-element elementor-element-10d5b65 elementor-view-stacked elementor-hidden-mobile elementor-shape-circle elementor-widget elementor-widget-icon\" data-id=\"10d5b65\" data-element_type=\"widget\" data-widget_type=\"icon.default\">\n\t\t\t\t<div class=\"elementor-widget-container\">\n\t\t\t\t\t<div class=\"elementor-icon-wrapper\">\n\t\t\t<div class=\"elementor-icon\">\n\t\t\t<svg xmlns=\"http:\/\/www.w3.org\/2000\/svg\" xmlns:xlink=\"http:\/\/www.w3.org\/1999\/xlink\" id=\"Layer_1\" x=\"0px\" y=\"0px\" viewbox=\"0 0 492 491.1\" style=\"enable-background:new 0 0 492 491.1;\" xml:space=\"preserve\"><style type=\"text\/css\">\t.st0{fill:#FFFFFF;}<\/style><g id=\"dAuMvP\">\t<path class=\"st0\" d=\"M0,369.3c0-2.2,0-4.5,0-6.7c0.3-0.5,0.8-1,1-1.5c2.4-5.4,6.4-8.7,12.5-9c6-0.4,10.4,2.3,13.6,7.3   c1.5,2.4,3.1,4.8,5,7c5.5,6.5,12,11.7,20.4,14.7v-90.4c-2.7,0-5.1,0-7.5,0c-19.5-0.1-36.7-12.6-42.7-31.1c-0.9-2.7-1.5-5.5-2.3-8.2   c0-3.8,0-7.7,0-11.5c2.3-10.7,6.9-20,14.8-27.8c66-65.7,131.8-131.5,197.8-197.2c2.9-2.9,6.1-5.7,9.6-7.9   c18.7-11.6,40.9-8.5,57.4,7.9C342.9,78,406.1,141.2,469.5,204.2c10.1,10,19.6,20.1,22.5,34.6v12.5c-0.3,1-0.7,2.1-0.9,3.1   c-4.4,19.4-18.7,33-38.3,35.8c-4.3,0.6-8.8,0.1-13.1,0.1v90.8c2-0.9,3.4-1.5,4.8-2.3c8.7-4.6,15.3-11.3,20.6-19.6   c4.5-7.1,12.5-9.8,19-5.8c3.3,2,5.4,5.9,8.1,9v6.7c-12.4,24.6-32.6,39-59.5,43.6c-27.2,4.6-50.7-4.1-70.7-22.7   c-30.2,29.7-80.4,33.8-116.1,0c-16.1,15.5-35.4,23.9-57.8,23.9c-22.4,0-41.6-8.6-57.6-24C85.1,432.8,20.9,413.4,0,369.3L0,369.3z    M81.6,384.4c2.1-0.5,3.8-0.8,5.5-1.3c13-3.9,23-11.6,30.1-23.1c3.5-5.7,8.4-8.7,15.2-7.8c5.4,0.7,8.5,4.3,11.4,8.6   c12,17.8,28.8,26.3,50.4,24c16.8-1.8,29.6-10.5,38.6-24.7c3.6-5.7,8.3-8.8,15.1-8c5.4,0.6,8.6,4.1,11.5,8.5   c12.1,18,29,26.6,50.8,24.1c16.2-1.8,29.3-9.8,37.6-23.7c7-11.8,21.8-12,27.9,0.2c1.3,2.7,3.5,5,5.5,7.2c7.8,8.3,17.3,13.8,29,15.8   c0.1-1.3,0.2-2.1,0.2-2.8c0-35,0.1-70-0.1-105c0-2.2-1.5-4.8-3.1-6.4c-50.8-52.4-101.6-104.6-152.5-157c-2-2.1-3.7-4.3-5.7-6.6   c-1.6,1.4-2.4,2.1-3.2,2.9C191.9,163.1,138,216.9,84.2,270.8c-1.6,1.5-2.5,4.4-2.5,6.7c-0.2,34-0.1,68.1-0.1,102.1L81.6,384.4   L81.6,384.4z M45.1,262c6,0.2,10.2-3,14.2-7c59.1-59,118.2-118,177.3-177c8.4-8.4,16.1-8.3,24.4,0.2   c46.1,47.3,92.1,94.7,138.2,142.1c11.8,12.1,23.6,24.3,35.5,36.4c4.8,4.9,10.5,6.5,17.1,4.5c6.2-2,9.9-6.4,11.2-12.6   c1.4-7.2-2.3-12.4-7.2-17.3c-65.1-64.9-130.2-129.9-195.3-194.9c-10.2-10.2-18.5-10.2-28.8,0.1c-65.2,65.1-130.4,130.2-195.6,195.3   c-1.4,1.4-2.8,2.7-3.9,4.2c-3.8,5.4-4.4,11.3-1.3,17.2C33.7,258.8,38.6,261.7,45.1,262L45.1,262z\"><\/path>\t<path class=\"st0\" d=\"M0,439.3c0.4-0.5,0.8-0.9,1.1-1.4c6-11.5,19.1-12.2,26.1-1.3c8.4,13.2,20.1,21.8,35.5,24.7   c21.9,4,42-5.1,54.4-24.1c4.7-7.2,11-10.1,17.8-7.2c3,1.3,6.1,3.8,7.9,6.5c23.1,34.5,67.7,34.7,90.5,0.1   c6.9-10.4,18.8-10.3,25.8,0.4c22,33.8,67.8,33.9,89.6,0.2c7.2-11.1,19.1-11.1,26.3,0c18.1,27.9,54.4,33.6,79.1,12.1   c3.9-3.4,7.6-7.5,10.2-12c7.4-12.7,23.6-9.9,27.1,1.5c0.1,0.2,0.5,0.3,0.7,0.5v7.7c-9.3,17.5-23,30.5-41.4,37.8   c-7.3,2.9-15.3,4.3-23,6.3h-16.3c-2.2-0.5-4.3-1-6.5-1.4c-16.6-3.2-30.8-10.9-43-22.8c-9.4,9.2-20,16-32.4,20   c-5.6,1.8-11.4,2.8-17.1,4.2H295c-4.6-1.1-9.3-2-13.8-3.3c-13.4-3.9-25-11-34.8-20.5c-5.4,4-10.2,8.2-15.6,11.4   c-5.4,3.2-11.3,5.9-17.2,8.1c-5.3,2-11,2.9-16.5,4.2h-17.3c-2.2-0.5-4.3-1-6.5-1.4c-16.6-3.2-30.8-10.9-42.6-22.4   c-5.3,4-10.2,8.2-15.6,11.4c-5.4,3.2-11.3,6-17.2,8.1c-5.5,2-11.4,2.9-17.1,4.3H64.3c-0.8-0.2-1.5-0.6-2.3-0.7   c-28-4.1-48.6-18.7-62.1-43.4C0,444.4,0,441.9,0,439.3L0,439.3z\"><\/path>\t<path class=\"st0\" d=\"M353,281.5c0,9.7,0.1,19.5,0,29.2c-0.1,10.4-5.7,16-16,16.1c-19.5,0.1-39,0.1-58.5,0c-10.2,0-16-6-16-16.2   c0-19.3,0-38.6,0-57.9c0-10.4,5.8-16.3,16.4-16.3c19.4-0.1,38.7-0.1,58.1,0c10.4,0,16,5.7,16.1,16C353,262,353,271.7,353,281.5   L353,281.5z M291.6,265.2v32.4h32.2v-32.4H291.6z\"><\/path>\t<path class=\"st0\" d=\"M139,281.3c0-9.7-0.1-19.5,0-29.2c0.1-10,5.8-15.7,15.9-15.8c19.5-0.1,39-0.1,58.5,0   c10.2,0.1,16.1,5.9,16.1,16.1c0.1,19.5,0.1,38.9,0,58.4c0,10-5.8,15.9-15.7,16c-19.7,0.1-39.3,0.1-59,0c-10.1,0-15.7-5.8-15.8-15.8   C139,301,139,291.2,139,281.3L139,281.3z M200.4,297.8v-32.4h-32.2v32.4H200.4z\"><\/path><\/g><\/svg>\t\t\t<\/div>\n\t\t<\/div>\n\t\t\t\t<\/div>\n\t\t\t\t<\/div>\n\t\t\t\t\t<\/div>\n\t\t\t\t<\/div>\n\t\t\t\t<\/div>\n\t\t\t\t<\/div>\n\t\t<div class=\"elementor-element elementor-element-766e5c76 e-con-full e-flex e-con e-child\" data-id=\"766e5c76\" data-element_type=\"container\">\n\t\t\t\t<div class=\"elementor-element elementor-element-66798b67 elementor-widget elementor-widget-text-editor\" data-id=\"66798b67\" data-element_type=\"widget\" data-widget_type=\"text-editor.default\">\n\t\t\t\t<div class=\"elementor-widget-container\">\n\t\t\t<style>\/*! elementor - v3.23.0 - 05-08-2024 *\/\n.elementor-widget-text-editor.elementor-drop-cap-view-stacked .elementor-drop-cap{background-color:#69727d;color:#fff}.elementor-widget-text-editor.elementor-drop-cap-view-framed .elementor-drop-cap{color:#69727d;border:3px solid;background-color:transparent}.elementor-widget-text-editor:not(.elementor-drop-cap-view-default) .elementor-drop-cap{margin-top:8px}.elementor-widget-text-editor:not(.elementor-drop-cap-view-default) .elementor-drop-cap-letter{width:1em;height:1em}.elementor-widget-text-editor .elementor-drop-cap{float:left;text-align:center;line-height:1;font-size:50px}.elementor-widget-text-editor .elementor-drop-cap-letter{display:inline-block}<\/style>\t\t\t\tEl Despliegue de Respuesta presta servicios esenciales de socorro y apoyo temporal en caso de cat\u00e1strofe, garantizando una recuperaci\u00f3n r\u00e1pida y eficaz. El objetivo de nuestro programa es prestar ayuda inmediata y a largo plazo, con un impacto significativo en las comunidades afectadas por cat\u00e1strofes naturales como huracanes, tornados, inundaciones, incendios, terremotos y tsunamis.\t\t\t\t\t\t<\/div>\n\t\t\t\t<\/div>\n\t\t\t\t<\/div>\n\t\t\t\t\t<\/div>\n\t\t\t\t<\/div>\n\t\t<div class=\"elementor-element elementor-element-5bd58f3a e-con-full e-flex e-con e-parent\" data-id=\"5bd58f3a\" data-element_type=\"container\" data-settings=\"{&quot;background_background&quot;:&quot;classic&quot;}\">\n\t\t<div class=\"elementor-element elementor-element-17414717 e-con-full e-flex e-con e-child\" data-id=\"17414717\" data-element_type=\"container\">\n\t\t<div class=\"elementor-element elementor-element-6bd5cc83 e-con-full e-flex e-con e-child\" data-id=\"6bd5cc83\" data-element_type=\"container\">\n\t\t<div class=\"elementor-element elementor-element-41f3ab61 e-con-full e-flex e-con e-child\" data-id=\"41f3ab61\" data-element_type=\"container\" data-settings=\"{&quot;background_background&quot;:&quot;classic&quot;}\">\n\t\t\t\t<div class=\"elementor-element elementor-element-36cdcbdc elementor-widget elementor-widget-spacer\" data-id=\"36cdcbdc\" data-element_type=\"widget\" data-widget_type=\"spacer.default\">\n\t\t\t\t<div class=\"elementor-widget-container\">\n\t\t\t<style>\/*! elementor - v3.23.0 - 05-08-2024 *\/\n.elementor-column .elementor-spacer-inner{height:var(--spacer-size)}.e-con{--container-widget-width:100%}.e-con-inner>.elementor-widget-spacer,.e-con>.elementor-widget-spacer{width:var(--container-widget-width,var(--spacer-size));--align-self:var(--container-widget-align-self,initial);--flex-shrink:0}.e-con-inner>.elementor-widget-spacer>.elementor-widget-container,.e-con>.elementor-widget-spacer>.elementor-widget-container{height:100%;width:100%}.e-con-inner>.elementor-widget-spacer>.elementor-widget-container>.elementor-spacer,.e-con>.elementor-widget-spacer>.elementor-widget-container>.elementor-spacer{height:100%}.e-con-inner>.elementor-widget-spacer>.elementor-widget-container>.elementor-spacer>.elementor-spacer-inner,.e-con>.elementor-widget-spacer>.elementor-widget-container>.elementor-spacer>.elementor-spacer-inner{height:var(--container-widget-height,var(--spacer-size))}.e-con-inner>.elementor-widget-spacer.elementor-widget-empty,.e-con>.elementor-widget-spacer.elementor-widget-empty{position:relative;min-height:22px;min-width:22px}.e-con-inner>.elementor-widget-spacer.elementor-widget-empty .elementor-widget-empty-icon,.e-con>.elementor-widget-spacer.elementor-widget-empty .elementor-widget-empty-icon{position:absolute;top:0;bottom:0;left:0;right:0;margin:auto;padding:0;width:22px;height:22px}<\/style>\t\t<div class=\"elementor-spacer\">\n\t\t\t<div class=\"elementor-spacer-inner\"><\/div>\n\t\t<\/div>\n\t\t\t\t<\/div>\n\t\t\t\t<\/div>\n\t\t\t\t<\/div>\n\t\t\t\t<\/div>\n\t\t\t\t<\/div>\n\t\t<div class=\"elementor-element elementor-element-16c0e012 e-flex e-con-boxed e-con e-child\" data-id=\"16c0e012\" data-element_type=\"container\">\n\t\t\t\t\t<div class=\"e-con-inner\">\n\t\t\t\t<div class=\"elementor-element elementor-element-fe4fb78 elementor-widget elementor-widget-spacer\" data-id=\"fe4fb78\" data-element_type=\"widget\" data-widget_type=\"spacer.default\">\n\t\t\t\t<div class=\"elementor-widget-container\">\n\t\t\t\t\t<div class=\"elementor-spacer\">\n\t\t\t<div class=\"elementor-spacer-inner\"><\/div>\n\t\t<\/div>\n\t\t\t\t<\/div>\n\t\t\t\t<\/div>\n\t\t\t\t\t<\/div>\n\t\t\t\t<\/div>\n\t\t\t\t<\/div>\n\t\t<div class=\"elementor-element elementor-element-193b384b e-flex e-con-boxed e-con e-parent\" data-id=\"193b384b\" data-element_type=\"container\" data-settings=\"{&quot;background_background&quot;:&quot;classic&quot;}\">\n\t\t\t\t\t<div class=\"e-con-inner\">\n\t\t<div class=\"elementor-element elementor-element-5e75fd5f e-con-full e-flex e-con e-child\" data-id=\"5e75fd5f\" data-element_type=\"container\">\n\t\t\t\t<div class=\"elementor-element elementor-element-359017b5 elementor-widget elementor-widget-heading\" data-id=\"359017b5\" data-element_type=\"widget\" data-widget_type=\"heading.default\">\n\t\t\t\t<div class=\"elementor-widget-container\">\n\t\t\t<h2 class=\"elementor-heading-title elementor-size-default\">Asistencia a los primeros intervinientes<\/h2>\t\t<\/div>\n\t\t\t\t<\/div>\n\t\t\t\t<div class=\"elementor-element elementor-element-3f22c1c elementor-widget elementor-widget-text-editor\" data-id=\"3f22c1c\" data-element_type=\"widget\" data-widget_type=\"text-editor.default\">\n\t\t\t\t<div class=\"elementor-widget-container\">\n\t\t\t\t\t\t\t\n\nDurante las emergencias, incluidas las cat\u00e1strofes naturales, los incidentes tecnol\u00f3gicos y los riesgos de terrorismo, a menudo se necesitan instalaciones temporales para el personal de respuesta, la gesti\u00f3n de incidentes, las operaciones de infraestructuras cr\u00edticas y las poblaciones desplazadas. Equipada con medios de respuesta r\u00e1pida y s\u00f3lidas capacidades de transporte, RD est\u00e1 preparada para responder con prontitud.\t\t\t\t\t\t<\/div>\n\t\t\t\t<\/div>\n\t\t\t\t<div class=\"elementor-element elementor-element-6e58c061 elementor-widget elementor-widget-heading\" data-id=\"6e58c061\" data-element_type=\"widget\" data-widget_type=\"heading.default\">\n\t\t\t\t<div class=\"elementor-widget-container\">\n\t\t\t<h2 class=\"elementor-heading-title elementor-size-default\">Servicios integrales<\/h2>\t\t<\/div>\n\t\t\t\t<\/div>\n\t\t\t\t<div class=\"elementor-element elementor-element-2af99566 elementor-widget elementor-widget-text-editor\" data-id=\"2af99566\" data-element_type=\"widget\" data-widget_type=\"text-editor.default\">\n\t\t\t\t<div class=\"elementor-widget-container\">\n\t\t\t\t\t\t\t\n\nOfrecemos una gama de servicios que incluye el suministro de refugios, tiendas de campa\u00f1a de emergencia, distribuci\u00f3n de alimentos, suministro de agua e instalaciones sanitarias para los equipos de respuesta y el personal de apoyo, disponibles en cualquier momento y lugar. Comprometidos con la rapidez, la profesionalidad y la eficiencia, nos desenvolvemos en situaciones poco convencionales ofreciendo soluciones innovadoras para la gesti\u00f3n de emergencias.\n\t\t\t\t\t\t<\/div>\n\t\t\t\t<\/div>\n\t\t\t\t<\/div>\n\t\t<div class=\"elementor-element elementor-element-7066b844 e-con-full e-flex e-con e-child\" data-id=\"7066b844\" data-element_type=\"container\">\n\t\t<div class=\"elementor-element elementor-element-b645532 e-con-full e-flex elementor-invisible e-con e-child\" data-id=\"b645532\" data-element_type=\"container\" data-settings=\"{&quot;background_background&quot;:&quot;classic&quot;,&quot;animation&quot;:&quot;fadeInRight&quot;}\">\n\t\t\t\t<div class=\"elementor-element elementor-element-7cd8497a elementor-widget elementor-widget-heading\" data-id=\"7cd8497a\" data-element_type=\"widget\" data-widget_type=\"heading.default\">\n\t\t\t\t<div class=\"elementor-widget-container\">\n\t\t\t<h3 class=\"elementor-heading-title elementor-size-default\">Proporcionamos soluciones r\u00e1pidas y completas de ayuda en caso de cat\u00e1strofe, garantizando el apoyo esencial y la recuperaci\u00f3n de las comunidades afectadas.<\/h3>\t\t<\/div>\n\t\t\t\t<\/div>\n\t\t\t\t<\/div>\n\t\t\t\t<\/div>\n\t\t\t\t\t<\/div>\n\t\t\t\t<\/div>\n\t\t<div class=\"elementor-element elementor-element-10c3e0fd e-con-full e-flex e-con e-parent\" data-id=\"10c3e0fd\" data-element_type=\"container\" data-settings=\"{&quot;background_background&quot;:&quot;classic&quot;}\">\n\t\t<div class=\"elementor-element elementor-element-6ca12366 e-con-full e-flex e-con e-child\" data-id=\"6ca12366\" data-element_type=\"container\" data-settings=\"{&quot;background_background&quot;:&quot;classic&quot;}\">\n\t\t\t\t<div class=\"elementor-element elementor-element-68b4493e elementor-widget elementor-widget-spacer\" data-id=\"68b4493e\" data-element_type=\"widget\" data-widget_type=\"spacer.default\">\n\t\t\t\t<div class=\"elementor-widget-container\">\n\t\t\t\t\t<div class=\"elementor-spacer\">\n\t\t\t<div class=\"elementor-spacer-inner\"><\/div>\n\t\t<\/div>\n\t\t\t\t<\/div>\n\t\t\t\t<\/div>\n\t\t\t\t<\/div>\n\t\t<div class=\"elementor-element elementor-element-755f8e42 e-con-full e-flex e-con e-child\" data-id=\"755f8e42\" data-element_type=\"container\">\n\t\t\t\t<div class=\"elementor-element elementor-element-11d4988f elementor-widget elementor-widget-spacer\" data-id=\"11d4988f\" data-element_type=\"widget\" data-widget_type=\"spacer.default\">\n\t\t\t\t<div class=\"elementor-widget-container\">\n\t\t\t\t\t<div class=\"elementor-spacer\">\n\t\t\t<div class=\"elementor-spacer-inner\"><\/div>\n\t\t<\/div>\n\t\t\t\t<\/div>\n\t\t\t\t<\/div>\n\t\t\t\t<\/div>\n\t\t\t\t<\/div>\n\t\t\t\t<\/div>","protected":false},"excerpt":{"rendered":"<p>QU\u00c9 HACEMOS El Despliegue de Respuesta presta servicios esenciales de socorro y apoyo temporal en caso de cat\u00e1strofe, garantizando una recuperaci\u00f3n r\u00e1pida y eficaz. El objetivo de nuestro programa es prestar ayuda inmediata y a largo plazo, con un impacto significativo en las comunidades afectadas por cat\u00e1strofes naturales como huracanes, tornados, inundaciones, incendios, terremotos y tsunamis. Asistencia a los primeros intervinientes Durante las emergencias, incluidas las calamidades naturales, [...]<\/p>","protected":false},"author":2,"featured_media":2173,"parent":109,"menu_order":0,"comment_status":"closed","ping_status":"closed","template":"elementor_header_footer","meta":{"inline_featured_image":false,"footnotes":""},"class_list":["post-765","page","type-page","status-publish","has-post-thumbnail","hentry"],"_links":{"self":[{"href":"https:\/\/responsivedeployment.com\/es\/wp-json\/wp\/v2\/pages\/765","targetHints":{"allow":["GET"]}}],"collection":[{"href":"https:\/\/responsivedeployment.com\/es\/wp-json\/wp\/v2\/pages"}],"about":[{"href":"https:\/\/responsivedeployment.com\/es\/wp-json\/wp\/v2\/types\/page"}],"author":[{"embeddable":true,"href":"https:\/\/responsivedeployment.com\/es\/wp-json\/wp\/v2\/users\/2"}],"replies":[{"embeddable":true,"href":"https:\/\/responsivedeployment.com\/es\/wp-json\/wp\/v2\/comments?post=765"}],"version-history":[{"count":8,"href":"https:\/\/responsivedeployment.com\/es\/wp-json\/wp\/v2\/pages\/765\/revisions"}],"predecessor-version":[{"id":3129,"href":"https:\/\/responsivedeployment.com\/es\/wp-json\/wp\/v2\/pages\/765\/revisions\/3129"}],"up":[{"embeddable":true,"href":"https:\/\/responsivedeployment.com\/es\/wp-json\/wp\/v2\/pages\/109"}],"wp:featuredmedia":[{"embeddable":true,"href":"https:\/\/responsivedeployment.com\/es\/wp-json\/wp\/v2\/media\/2173"}],"wp:attachment":[{"href":"https:\/\/responsivedeployment.com\/es\/wp-json\/wp\/v2\/media?parent=765"}],"curies":[{"name":"wp","href":"https:\/\/api.w.org\/{rel}","templated":true}]}}