{"id":712,"date":"2024-05-23T18:00:40","date_gmt":"2024-05-23T18:00:40","guid":{"rendered":"https:\/\/staging.responsivedeployment.com\/?page_id=712"},"modified":"2024-07-19T21:55:05","modified_gmt":"2024-07-19T21:55:05","slug":"large-format-man-camps","status":"publish","type":"page","link":"https:\/\/responsivedeployment.com\/es\/what-we-do\/large-format-man-camps\/","title":{"rendered":"Campamentos para hombres de gran formato"},"content":{"rendered":"<div data-elementor-type=\"wp-page\" data-elementor-id=\"712\" class=\"elementor elementor-712\" data-elementor-post-type=\"page\">\n\t\t\t\t<div class=\"elementor-element elementor-element-3842fadf e-con-full e-flex e-con e-parent\" data-id=\"3842fadf\" data-element_type=\"container\" data-settings=\"{&quot;background_background&quot;:&quot;classic&quot;}\">\n\t\t<div class=\"elementor-element elementor-element-3cbd70fc e-con-full e-flex e-con e-child\" data-id=\"3cbd70fc\" data-element_type=\"container\" data-settings=\"{&quot;background_background&quot;:&quot;classic&quot;}\">\n\t\t\t\t<\/div>\n\t\t<div class=\"elementor-element elementor-element-4d02405a e-con-full e-flex e-con e-child\" data-id=\"4d02405a\" data-element_type=\"container\">\n\t\t<div class=\"elementor-element elementor-element-eef32d5 e-con-full e-flex e-con e-child\" data-id=\"eef32d5\" data-element_type=\"container\" data-settings=\"{&quot;background_background&quot;:&quot;classic&quot;}\">\n\t\t\t\t<\/div>\n\t\t\t\t<\/div>\n\t\t\t\t<\/div>\n\t\t<div class=\"elementor-element elementor-element-7d45354c e-flex e-con-boxed e-con e-parent\" data-id=\"7d45354c\" data-element_type=\"container\" data-settings=\"{&quot;background_background&quot;:&quot;classic&quot;}\">\n\t\t\t\t\t<div class=\"e-con-inner\">\n\t\t\t\t<div class=\"elementor-element elementor-element-4f5b89ac elementor-widget-mobile__width-inherit elementor-widget elementor-widget-heading\" data-id=\"4f5b89ac\" data-element_type=\"widget\" data-widget_type=\"heading.default\">\n\t\t\t\t<div class=\"elementor-widget-container\">\n\t\t\t<style>\/*! elementor - v3.23.0 - 05-08-2024 *\/\n.elementor-heading-title{padding:0;margin:0;line-height:1}.elementor-widget-heading .elementor-heading-title[class*=elementor-size-]>a{color:inherit;font-size:inherit;line-height:inherit}.elementor-widget-heading .elementor-heading-title.elementor-size-small{font-size:15px}.elementor-widget-heading .elementor-heading-title.elementor-size-medium{font-size:19px}.elementor-widget-heading .elementor-heading-title.elementor-size-large{font-size:29px}.elementor-widget-heading .elementor-heading-title.elementor-size-xl{font-size:39px}.elementor-widget-heading .elementor-heading-title.elementor-size-xxl{font-size:59px}<\/style><h2 class=\"elementor-heading-title elementor-size-default\">QU\u00c9 HACEMOS<\/h2>\t\t<\/div>\n\t\t\t\t<\/div>\n\t\t\t\t\t<\/div>\n\t\t\t\t<\/div>\n\t\t<div class=\"elementor-element elementor-element-15a87b9f e-flex e-con-boxed e-con e-parent\" data-id=\"15a87b9f\" data-element_type=\"container\">\n\t\t\t\t\t<div class=\"e-con-inner\">\n\t\t<div class=\"elementor-element elementor-element-f18b5f2 e-con-full e-flex e-con e-child\" data-id=\"f18b5f2\" data-element_type=\"container\">\n\t\t<div class=\"elementor-element elementor-element-8384c58 e-con-full e-flex e-con e-child\" data-id=\"8384c58\" data-element_type=\"container\" data-settings=\"{&quot;background_background&quot;:&quot;classic&quot;}\">\n\t\t<div class=\"elementor-element elementor-element-b36d6b8 e-flex e-con-boxed e-con e-child\" data-id=\"b36d6b8\" data-element_type=\"container\">\n\t\t\t\t\t<div class=\"e-con-inner\">\n\t\t\t\t<div class=\"elementor-element elementor-element-b13a550 elementor-view-stacked elementor-hidden-mobile elementor-shape-circle elementor-widget elementor-widget-icon\" data-id=\"b13a550\" data-element_type=\"widget\" data-widget_type=\"icon.default\">\n\t\t\t\t<div class=\"elementor-widget-container\">\n\t\t\t\t\t<div class=\"elementor-icon-wrapper\">\n\t\t\t<div class=\"elementor-icon\">\n\t\t\t<svg xmlns=\"http:\/\/www.w3.org\/2000\/svg\" id=\"Layer_1\" viewbox=\"0 0 530.4 416.16\"><defs><style>.cls-1{fill:#fff;stroke-width:0px;}<\/style><\/defs><path class=\"cls-1\" d=\"M345.8,0l-38.66,27.46L268.48,0l-41.94,29.79L184.6,0,0,131.11v285.05h137.45v-110.22c0-24.68,18.95-41.27,47.15-41.27s47.15,16.59,47.15,41.27v110.22h298.65V131.11L345.8,0h0ZM332.59,389.06h-66.94v-83.11c0-39.62-34.08-68.37-81.05-68.37s-81.05,28.76-81.05,68.37v83.11H33.89v-245.76L184.6,36.26l150.71,107.04v245.76h-2.72ZM409.91,389.06h-40.7V131.12l-117.13-83.2,16.43-11.66,150.71,107.04v245.76h-9.31ZM496.51,389.06h-43.43V131.12l-120.43-85.53,13.14-9.33,150.71,107.04v245.76h0Z\"><\/path><\/svg>\t\t\t<\/div>\n\t\t<\/div>\n\t\t\t\t<\/div>\n\t\t\t\t<\/div>\n\t\t\t\t\t<\/div>\n\t\t\t\t<\/div>\n\t\t\t\t<\/div>\n\t\t\t\t<\/div>\n\t\t<div class=\"elementor-element elementor-element-32b8321e e-con-full e-flex e-con e-child\" data-id=\"32b8321e\" data-element_type=\"container\">\n\t\t\t\t<div class=\"elementor-element elementor-element-58d74902 elementor-widget elementor-widget-text-editor\" data-id=\"58d74902\" data-element_type=\"widget\" data-widget_type=\"text-editor.default\">\n\t\t\t\t<div class=\"elementor-widget-container\">\n\t\t\t<style>\/*! elementor - v3.23.0 - 05-08-2024 *\/\n.elementor-widget-text-editor.elementor-drop-cap-view-stacked .elementor-drop-cap{background-color:#69727d;color:#fff}.elementor-widget-text-editor.elementor-drop-cap-view-framed .elementor-drop-cap{color:#69727d;border:3px solid;background-color:transparent}.elementor-widget-text-editor:not(.elementor-drop-cap-view-default) .elementor-drop-cap{margin-top:8px}.elementor-widget-text-editor:not(.elementor-drop-cap-view-default) .elementor-drop-cap-letter{width:1em;height:1em}.elementor-widget-text-editor .elementor-drop-cap{float:left;text-align:center;line-height:1;font-size:50px}.elementor-widget-text-editor .elementor-drop-cap-letter{display:inline-block}<\/style>\t\t\t\t<p>En RD, nos especializamos en la entrega de alta calidad de gran formato Hombre Camps utilizando m\u00e9todos innovadores de fabricaci\u00f3n, tales como acero de calibre ligero (LGS), Flat Pack, FRAMECAD, y Pre-Engineered Buildings (PEB).\u00a0<\/p>\t\t\t\t\t\t<\/div>\n\t\t\t\t<\/div>\n\t\t\t\t<\/div>\n\t\t\t\t\t<\/div>\n\t\t\t\t<\/div>\n\t\t<div class=\"elementor-element elementor-element-13e864f9 e-con-full e-flex e-con e-parent\" data-id=\"13e864f9\" data-element_type=\"container\" data-settings=\"{&quot;background_background&quot;:&quot;classic&quot;}\">\n\t\t<div class=\"elementor-element elementor-element-3afd80b3 e-con-full e-flex e-con e-child\" data-id=\"3afd80b3\" data-element_type=\"container\">\n\t\t<div class=\"elementor-element elementor-element-784219a3 e-con-full e-flex e-con e-child\" data-id=\"784219a3\" data-element_type=\"container\">\n\t\t<div class=\"elementor-element elementor-element-70b61428 e-con-full e-flex e-con e-child\" data-id=\"70b61428\" data-element_type=\"container\" data-settings=\"{&quot;background_background&quot;:&quot;classic&quot;}\">\n\t\t\t\t<div class=\"elementor-element elementor-element-21da9d76 elementor-widget elementor-widget-spacer\" data-id=\"21da9d76\" data-element_type=\"widget\" data-widget_type=\"spacer.default\">\n\t\t\t\t<div class=\"elementor-widget-container\">\n\t\t\t<style>\/*! elementor - v3.23.0 - 05-08-2024 *\/\n.elementor-column .elementor-spacer-inner{height:var(--spacer-size)}.e-con{--container-widget-width:100%}.e-con-inner>.elementor-widget-spacer,.e-con>.elementor-widget-spacer{width:var(--container-widget-width,var(--spacer-size));--align-self:var(--container-widget-align-self,initial);--flex-shrink:0}.e-con-inner>.elementor-widget-spacer>.elementor-widget-container,.e-con>.elementor-widget-spacer>.elementor-widget-container{height:100%;width:100%}.e-con-inner>.elementor-widget-spacer>.elementor-widget-container>.elementor-spacer,.e-con>.elementor-widget-spacer>.elementor-widget-container>.elementor-spacer{height:100%}.e-con-inner>.elementor-widget-spacer>.elementor-widget-container>.elementor-spacer>.elementor-spacer-inner,.e-con>.elementor-widget-spacer>.elementor-widget-container>.elementor-spacer>.elementor-spacer-inner{height:var(--container-widget-height,var(--spacer-size))}.e-con-inner>.elementor-widget-spacer.elementor-widget-empty,.e-con>.elementor-widget-spacer.elementor-widget-empty{position:relative;min-height:22px;min-width:22px}.e-con-inner>.elementor-widget-spacer.elementor-widget-empty .elementor-widget-empty-icon,.e-con>.elementor-widget-spacer.elementor-widget-empty .elementor-widget-empty-icon{position:absolute;top:0;bottom:0;left:0;right:0;margin:auto;padding:0;width:22px;height:22px}<\/style>\t\t<div class=\"elementor-spacer\">\n\t\t\t<div class=\"elementor-spacer-inner\"><\/div>\n\t\t<\/div>\n\t\t\t\t<\/div>\n\t\t\t\t<\/div>\n\t\t\t\t<\/div>\n\t\t\t\t<\/div>\n\t\t\t\t<\/div>\n\t\t<div class=\"elementor-element elementor-element-7f64e69e e-flex e-con-boxed e-con e-child\" data-id=\"7f64e69e\" data-element_type=\"container\">\n\t\t\t\t\t<div class=\"e-con-inner\">\n\t\t\t\t<div class=\"elementor-element elementor-element-60660ce4 elementor-widget elementor-widget-spacer\" data-id=\"60660ce4\" data-element_type=\"widget\" data-widget_type=\"spacer.default\">\n\t\t\t\t<div class=\"elementor-widget-container\">\n\t\t\t\t\t<div class=\"elementor-spacer\">\n\t\t\t<div class=\"elementor-spacer-inner\"><\/div>\n\t\t<\/div>\n\t\t\t\t<\/div>\n\t\t\t\t<\/div>\n\t\t\t\t\t<\/div>\n\t\t\t\t<\/div>\n\t\t\t\t<\/div>\n\t\t<div class=\"elementor-element elementor-element-4ad1ed81 e-flex e-con-boxed e-con e-parent\" data-id=\"4ad1ed81\" data-element_type=\"container\" data-settings=\"{&quot;background_background&quot;:&quot;classic&quot;}\">\n\t\t\t\t\t<div class=\"e-con-inner\">\n\t\t<div class=\"elementor-element elementor-element-249c4d15 e-con-full e-flex e-con e-child\" data-id=\"249c4d15\" data-element_type=\"container\">\n\t\t\t\t<div class=\"elementor-element elementor-element-29a042bc elementor-widget elementor-widget-heading\" data-id=\"29a042bc\" data-element_type=\"widget\" data-widget_type=\"heading.default\">\n\t\t\t\t<div class=\"elementor-widget-container\">\n\t\t\t<h2 class=\"elementor-heading-title elementor-size-default\">Aplicaciones<\/h2>\t\t<\/div>\n\t\t\t\t<\/div>\n\t\t\t\t<div class=\"elementor-element elementor-element-393fc645 elementor-widget elementor-widget-text-editor\" data-id=\"393fc645\" data-element_type=\"widget\" data-widget_type=\"text-editor.default\">\n\t\t\t\t<div class=\"elementor-widget-container\">\n\t\t\t\t\t\t\t<p>Nuestros campamentos satisfacen diversas necesidades, como los requisitos de la FEMA, la gesti\u00f3n de crisis, los conflictos militares y los proyectos de construcci\u00f3n y excavaci\u00f3n a gran escala, como miner\u00eda, GNL y petr\u00f3leo.\u00a0<\/p>\t\t\t\t\t\t<\/div>\n\t\t\t\t<\/div>\n\t\t\t\t<div class=\"elementor-element elementor-element-ee85d17 elementor-widget elementor-widget-heading\" data-id=\"ee85d17\" data-element_type=\"widget\" data-widget_type=\"heading.default\">\n\t\t\t\t<div class=\"elementor-widget-container\">\n\t\t\t<h2 class=\"elementor-heading-title elementor-size-default\">Capacidad y servicios<\/h2>\t\t<\/div>\n\t\t\t\t<\/div>\n\t\t\t\t<div class=\"elementor-element elementor-element-9e9a23e elementor-widget elementor-widget-text-editor\" data-id=\"9e9a23e\" data-element_type=\"widget\" data-widget_type=\"text-editor.default\">\n\t\t\t\t<div class=\"elementor-widget-container\">\n\t\t\t\t\t\t\t<p>Con capacidad para albergar desde un centenar hasta m\u00e1s de 10.000 personas, nuestros campamentos est\u00e1n equipados con todas las estructuras de alojamiento y apoyo necesarias. RD ofrece soluciones integrales, incluidos servicios de ingenier\u00eda, adquisiciones y construcci\u00f3n (EPC), as\u00ed como asistencia integral, para garantizar que todos los proyectos, independientemente de su tama\u00f1o, se gestionen de forma eficiente y eficaz, todo bajo un mismo techo.<\/p>\t\t\t\t\t\t<\/div>\n\t\t\t\t<\/div>\n\t\t\t\t<\/div>\n\t\t<div class=\"elementor-element elementor-element-3a20be08 e-con-full e-flex e-con e-child\" data-id=\"3a20be08\" data-element_type=\"container\">\n\t\t<div class=\"elementor-element elementor-element-36ac15a2 e-con-full e-flex elementor-invisible e-con e-child\" data-id=\"36ac15a2\" data-element_type=\"container\" data-settings=\"{&quot;background_background&quot;:&quot;classic&quot;,&quot;animation&quot;:&quot;fadeInRight&quot;}\">\n\t\t\t\t<div class=\"elementor-element elementor-element-2368eb6c elementor-widget elementor-widget-heading\" data-id=\"2368eb6c\" data-element_type=\"widget\" data-widget_type=\"heading.default\">\n\t\t\t\t<div class=\"elementor-widget-container\">\n\t\t\t<h3 class=\"elementor-heading-title elementor-size-default\">Fabricamos, entregamos e instalamos campamentos para personas de forma experta, garantizando soluciones r\u00e1pidas y eficaces para sus necesidades de alojamiento temporal.<\/h3>\t\t<\/div>\n\t\t\t\t<\/div>\n\t\t\t\t<\/div>\n\t\t\t\t<\/div>\n\t\t\t\t\t<\/div>\n\t\t\t\t<\/div>\n\t\t<div class=\"elementor-element elementor-element-6645090c e-con-full e-flex e-con e-parent\" data-id=\"6645090c\" data-element_type=\"container\" data-settings=\"{&quot;background_background&quot;:&quot;classic&quot;}\">\n\t\t<div class=\"elementor-element elementor-element-45003390 e-con-full e-flex e-con e-child\" data-id=\"45003390\" data-element_type=\"container\" data-settings=\"{&quot;background_background&quot;:&quot;classic&quot;}\">\n\t\t\t\t<div class=\"elementor-element elementor-element-38bd3f38 elementor-widget elementor-widget-spacer\" data-id=\"38bd3f38\" data-element_type=\"widget\" data-widget_type=\"spacer.default\">\n\t\t\t\t<div class=\"elementor-widget-container\">\n\t\t\t\t\t<div class=\"elementor-spacer\">\n\t\t\t<div class=\"elementor-spacer-inner\"><\/div>\n\t\t<\/div>\n\t\t\t\t<\/div>\n\t\t\t\t<\/div>\n\t\t\t\t<\/div>\n\t\t<div class=\"elementor-element elementor-element-151e94e5 e-con-full e-flex e-con e-child\" data-id=\"151e94e5\" data-element_type=\"container\">\n\t\t\t\t<div class=\"elementor-element elementor-element-5fa05291 elementor-widget elementor-widget-spacer\" data-id=\"5fa05291\" data-element_type=\"widget\" data-widget_type=\"spacer.default\">\n\t\t\t\t<div class=\"elementor-widget-container\">\n\t\t\t\t\t<div class=\"elementor-spacer\">\n\t\t\t<div class=\"elementor-spacer-inner\"><\/div>\n\t\t<\/div>\n\t\t\t\t<\/div>\n\t\t\t\t<\/div>\n\t\t\t\t<\/div>\n\t\t\t\t<\/div>\n\t\t\t\t<\/div>","protected":false},"excerpt":{"rendered":"<p>QU\u00c9 HACEMOS En RD, nos especializamos en la entrega de campamentos de gran formato de alta calidad utilizando m\u00e9todos de fabricaci\u00f3n innovadores como el acero de calibre ligero (LGS), Flat Pack, FRAMECAD y edificios pre-ingenierizados (PEB).  Aplicaciones Nuestros campamentos satisfacen diversas necesidades, como los requisitos de la FEMA, la gesti\u00f3n de crisis, los conflictos militares y los proyectos de construcci\u00f3n y excavaci\u00f3n a gran escala, como miner\u00eda, GNL y [...].<\/p>","protected":false},"author":2,"featured_media":2172,"parent":109,"menu_order":0,"comment_status":"closed","ping_status":"closed","template":"elementor_header_footer","meta":{"inline_featured_image":false,"footnotes":""},"class_list":["post-712","page","type-page","status-publish","has-post-thumbnail","hentry"],"_links":{"self":[{"href":"https:\/\/responsivedeployment.com\/es\/wp-json\/wp\/v2\/pages\/712","targetHints":{"allow":["GET"]}}],"collection":[{"href":"https:\/\/responsivedeployment.com\/es\/wp-json\/wp\/v2\/pages"}],"about":[{"href":"https:\/\/responsivedeployment.com\/es\/wp-json\/wp\/v2\/types\/page"}],"author":[{"embeddable":true,"href":"https:\/\/responsivedeployment.com\/es\/wp-json\/wp\/v2\/users\/2"}],"replies":[{"embeddable":true,"href":"https:\/\/responsivedeployment.com\/es\/wp-json\/wp\/v2\/comments?post=712"}],"version-history":[{"count":8,"href":"https:\/\/responsivedeployment.com\/es\/wp-json\/wp\/v2\/pages\/712\/revisions"}],"predecessor-version":[{"id":3141,"href":"https:\/\/responsivedeployment.com\/es\/wp-json\/wp\/v2\/pages\/712\/revisions\/3141"}],"up":[{"embeddable":true,"href":"https:\/\/responsivedeployment.com\/es\/wp-json\/wp\/v2\/pages\/109"}],"wp:featuredmedia":[{"embeddable":true,"href":"https:\/\/responsivedeployment.com\/es\/wp-json\/wp\/v2\/media\/2172"}],"wp:attachment":[{"href":"https:\/\/responsivedeployment.com\/es\/wp-json\/wp\/v2\/media?parent=712"}],"curies":[{"name":"wp","href":"https:\/\/api.w.org\/{rel}","templated":true}]}}