{"id":709,"date":"2024-05-23T17:57:54","date_gmt":"2024-05-23T17:57:54","guid":{"rendered":"https:\/\/staging.responsivedeployment.com\/?page_id=709"},"modified":"2024-07-19T21:48:26","modified_gmt":"2024-07-19T21:48:26","slug":"government-contracting","status":"publish","type":"page","link":"https:\/\/responsivedeployment.com\/es\/what-we-do\/government-contracting\/","title":{"rendered":"Contrataci\u00f3n p\u00fablica"},"content":{"rendered":"<div data-elementor-type=\"wp-page\" data-elementor-id=\"709\" class=\"elementor elementor-709\" data-elementor-post-type=\"page\">\n\t\t\t\t<div class=\"elementor-element elementor-element-63c8620c e-con-full e-flex e-con e-parent\" data-id=\"63c8620c\" data-element_type=\"container\" data-settings=\"{&quot;background_background&quot;:&quot;classic&quot;}\">\n\t\t<div class=\"elementor-element elementor-element-13b3aabe e-con-full e-flex e-con e-child\" data-id=\"13b3aabe\" data-element_type=\"container\" data-settings=\"{&quot;background_background&quot;:&quot;classic&quot;}\">\n\t\t\t\t<\/div>\n\t\t<div class=\"elementor-element elementor-element-6266ebea e-con-full e-flex e-con e-child\" data-id=\"6266ebea\" data-element_type=\"container\">\n\t\t<div class=\"elementor-element elementor-element-61122df6 e-con-full e-flex e-con e-child\" data-id=\"61122df6\" data-element_type=\"container\" data-settings=\"{&quot;background_background&quot;:&quot;classic&quot;}\">\n\t\t\t\t<\/div>\n\t\t\t\t<\/div>\n\t\t\t\t<\/div>\n\t\t<div class=\"elementor-element elementor-element-53940d3 e-flex e-con-boxed e-con e-parent\" data-id=\"53940d3\" data-element_type=\"container\" data-settings=\"{&quot;background_background&quot;:&quot;classic&quot;}\">\n\t\t\t\t\t<div class=\"e-con-inner\">\n\t\t\t\t<div class=\"elementor-element elementor-element-1584dbb9 elementor-widget-mobile__width-inherit elementor-widget elementor-widget-heading\" data-id=\"1584dbb9\" data-element_type=\"widget\" data-widget_type=\"heading.default\">\n\t\t\t\t<div class=\"elementor-widget-container\">\n\t\t\t<style>\/*! elementor - v3.23.0 - 05-08-2024 *\/\n.elementor-heading-title{padding:0;margin:0;line-height:1}.elementor-widget-heading .elementor-heading-title[class*=elementor-size-]>a{color:inherit;font-size:inherit;line-height:inherit}.elementor-widget-heading .elementor-heading-title.elementor-size-small{font-size:15px}.elementor-widget-heading .elementor-heading-title.elementor-size-medium{font-size:19px}.elementor-widget-heading .elementor-heading-title.elementor-size-large{font-size:29px}.elementor-widget-heading .elementor-heading-title.elementor-size-xl{font-size:39px}.elementor-widget-heading .elementor-heading-title.elementor-size-xxl{font-size:59px}<\/style><h2 class=\"elementor-heading-title elementor-size-default\">QU\u00c9 HACEMOS<\/h2>\t\t<\/div>\n\t\t\t\t<\/div>\n\t\t\t\t\t<\/div>\n\t\t\t\t<\/div>\n\t\t<div class=\"elementor-element elementor-element-27a9c0a0 e-flex e-con-boxed e-con e-parent\" data-id=\"27a9c0a0\" data-element_type=\"container\">\n\t\t\t\t\t<div class=\"e-con-inner\">\n\t\t<div class=\"elementor-element elementor-element-cc2f7ff e-con-full e-flex e-con e-child\" data-id=\"cc2f7ff\" data-element_type=\"container\">\n\t\t<div class=\"elementor-element elementor-element-5323e3e e-con-full e-flex e-con e-child\" data-id=\"5323e3e\" data-element_type=\"container\" data-settings=\"{&quot;background_background&quot;:&quot;classic&quot;}\">\n\t\t<div class=\"elementor-element elementor-element-b7c59a5 e-flex e-con-boxed e-con e-child\" data-id=\"b7c59a5\" data-element_type=\"container\">\n\t\t\t\t\t<div class=\"e-con-inner\">\n\t\t\t\t<div class=\"elementor-element elementor-element-101019e elementor-view-stacked elementor-hidden-mobile elementor-shape-circle elementor-widget elementor-widget-icon\" data-id=\"101019e\" data-element_type=\"widget\" data-widget_type=\"icon.default\">\n\t\t\t\t<div class=\"elementor-widget-container\">\n\t\t\t\t\t<div class=\"elementor-icon-wrapper\">\n\t\t\t<div class=\"elementor-icon\">\n\t\t\t<svg xmlns=\"http:\/\/www.w3.org\/2000\/svg\" id=\"Layer_1\" viewbox=\"0 0 491.03 572.52\"><defs><style>.cls-1{stroke-width:0px;}<\/style><\/defs><g id=\"DglSQ5\"><path class=\"cls-1\" d=\"M61.27,531.61v-101.93c-19.39-.86-35.57-8.24-47.74-23.31-10.04-12.45-14.27-26.87-13.31-42.83,1.47-24.32,20.67-55.53,62.15-57.24,5.39-42.11,22.55-78.78,52.69-109.03,30.19-30.3,66.8-47.64,110.02-53.29,0-2.1,0-4.36,0-6.62,0-38.33-.01-76.66,0-114.99,0-14.46,7.97-22.34,22.57-22.35,32.79-.01,65.59-.03,98.38,0,17.56.02,27.03,14.86,19.51,30.7-4.28,9.02-9.06,17.8-13.19,26.88-.95,2.09-.97,5.35-.02,7.45,4.03,8.89,8.41,17.64,12.99,26.27,9.11,17.14-4.96,32.2-19.9,31.63-26.14-.99-52.34-.28-79-.28v21.36c42.17,5.37,78.81,22.59,109.04,52.76,30.27,30.21,47.62,66.81,53.15,109.56,20.43.55,37.47,8.35,49.99,24.82,9.55,12.56,13.56,26.94,12.09,42.57-2.76,29.39-26.38,54.68-60.74,55.86v102.01c13.73,0,27.5-.19,41.25.05,15.32.26,24.82,17.32,17.02,30.49-4.08,6.89-10.23,10.4-18.5,10.37-32.79-.1-65.59-.04-98.38-.04-116.49,0-232.97,0-349.46,0-10.28,0-17.53-4.89-20.68-13.81-2.85-8.06-.7-17.32,6.45-22.27,3.77-2.61,8.85-4.37,13.43-4.57,13.15-.6,26.35-.21,40.17-.21ZM104.5,306.34h282.01c-6.88-59.07-59.75-122.15-141.03-122.11-81.26.04-134.14,63.07-140.97,122.11ZM245.29,388.48c58.77,0,117.55,0,176.32,0,2.77,0,5.55.16,8.3-.07,8.51-.73,14.98-4.7,18.36-12.73,3.19-7.58,1.72-14.69-3.45-20.87-4.71-5.63-11.16-7.27-18.31-7.26-120.74.04-241.48.03-362.22.03-1.28,0-2.56-.05-3.83.08-10.74,1.03-18.76,9.14-19.35,19.52-.58,10.05,6.98,19.13,17.67,20.97,2.49.43,5.09.33,7.64.33,59.62.02,119.25.01,178.87.01ZM102.83,429.65v101.44h40.13v-101.44h-40.13ZM184.62,429.65v101.44h40.12v-101.44h-40.12ZM266.28,531.19h40.12v-101.52h-40.12v101.52ZM348.18,429.66v101.44h40.13v-101.44h-40.13ZM266.42,41.08v40.25h46.61c-2.12-6.88-5.76-13.47-5.71-20.03.05-6.72,3.73-13.41,5.85-20.21h-46.75Z\"><\/path><\/g><\/svg>\t\t\t<\/div>\n\t\t<\/div>\n\t\t\t\t<\/div>\n\t\t\t\t<\/div>\n\t\t\t\t\t<\/div>\n\t\t\t\t<\/div>\n\t\t\t\t<\/div>\n\t\t\t\t<\/div>\n\t\t<div class=\"elementor-element elementor-element-7c897824 e-con-full e-flex e-con e-child\" data-id=\"7c897824\" data-element_type=\"container\">\n\t\t\t\t<div class=\"elementor-element elementor-element-7b19c413 elementor-widget elementor-widget-text-editor\" data-id=\"7b19c413\" data-element_type=\"widget\" data-widget_type=\"text-editor.default\">\n\t\t\t\t<div class=\"elementor-widget-container\">\n\t\t\t<style>\/*! elementor - v3.23.0 - 05-08-2024 *\/\n.elementor-widget-text-editor.elementor-drop-cap-view-stacked .elementor-drop-cap{background-color:#69727d;color:#fff}.elementor-widget-text-editor.elementor-drop-cap-view-framed .elementor-drop-cap{color:#69727d;border:3px solid;background-color:transparent}.elementor-widget-text-editor:not(.elementor-drop-cap-view-default) .elementor-drop-cap{margin-top:8px}.elementor-widget-text-editor:not(.elementor-drop-cap-view-default) .elementor-drop-cap-letter{width:1em;height:1em}.elementor-widget-text-editor .elementor-drop-cap{float:left;text-align:center;line-height:1;font-size:50px}.elementor-widget-text-editor .elementor-drop-cap-letter{display:inline-block}<\/style>\t\t\t\tNuestra experiencia en contrataci\u00f3n p\u00fablica se basa en un riguroso proceso de selecci\u00f3n y en nuestro compromiso con la excelencia. Cumplimos sistem\u00e1ticamente estrictos criterios para conseguir contratos y gestionar proyectos a gran escala de forma eficiente. Mediante el cumplimiento de estrictas normas de conformidad y seguridad y el empleo de un enfoque integral, garantizamos que cada proyecto se complete a tiempo, dentro del presupuesto y con los m\u00e1s altos est\u00e1ndares de calidad.\n\t\t\t\t\t\t<\/div>\n\t\t\t\t<\/div>\n\t\t\t\t<\/div>\n\t\t\t\t\t<\/div>\n\t\t\t\t<\/div>\n\t\t<div class=\"elementor-element elementor-element-16db3ab9 e-con-full e-flex e-con e-parent\" data-id=\"16db3ab9\" data-element_type=\"container\" data-settings=\"{&quot;background_background&quot;:&quot;classic&quot;}\">\n\t\t<div class=\"elementor-element elementor-element-18b86c7e e-con-full e-flex e-con e-child\" data-id=\"18b86c7e\" data-element_type=\"container\">\n\t\t<div class=\"elementor-element elementor-element-21b0c4e1 e-con-full e-flex e-con e-child\" data-id=\"21b0c4e1\" data-element_type=\"container\">\n\t\t<div class=\"elementor-element elementor-element-5e0e1b3d e-con-full e-flex e-con e-child\" data-id=\"5e0e1b3d\" data-element_type=\"container\" data-settings=\"{&quot;background_background&quot;:&quot;classic&quot;}\">\n\t\t\t\t<div class=\"elementor-element elementor-element-c10ede6 elementor-widget elementor-widget-spacer\" data-id=\"c10ede6\" data-element_type=\"widget\" data-widget_type=\"spacer.default\">\n\t\t\t\t<div class=\"elementor-widget-container\">\n\t\t\t<style>\/*! elementor - v3.23.0 - 05-08-2024 *\/\n.elementor-column .elementor-spacer-inner{height:var(--spacer-size)}.e-con{--container-widget-width:100%}.e-con-inner>.elementor-widget-spacer,.e-con>.elementor-widget-spacer{width:var(--container-widget-width,var(--spacer-size));--align-self:var(--container-widget-align-self,initial);--flex-shrink:0}.e-con-inner>.elementor-widget-spacer>.elementor-widget-container,.e-con>.elementor-widget-spacer>.elementor-widget-container{height:100%;width:100%}.e-con-inner>.elementor-widget-spacer>.elementor-widget-container>.elementor-spacer,.e-con>.elementor-widget-spacer>.elementor-widget-container>.elementor-spacer{height:100%}.e-con-inner>.elementor-widget-spacer>.elementor-widget-container>.elementor-spacer>.elementor-spacer-inner,.e-con>.elementor-widget-spacer>.elementor-widget-container>.elementor-spacer>.elementor-spacer-inner{height:var(--container-widget-height,var(--spacer-size))}.e-con-inner>.elementor-widget-spacer.elementor-widget-empty,.e-con>.elementor-widget-spacer.elementor-widget-empty{position:relative;min-height:22px;min-width:22px}.e-con-inner>.elementor-widget-spacer.elementor-widget-empty .elementor-widget-empty-icon,.e-con>.elementor-widget-spacer.elementor-widget-empty .elementor-widget-empty-icon{position:absolute;top:0;bottom:0;left:0;right:0;margin:auto;padding:0;width:22px;height:22px}<\/style>\t\t<div class=\"elementor-spacer\">\n\t\t\t<div class=\"elementor-spacer-inner\"><\/div>\n\t\t<\/div>\n\t\t\t\t<\/div>\n\t\t\t\t<\/div>\n\t\t\t\t<\/div>\n\t\t\t\t<\/div>\n\t\t\t\t<\/div>\n\t\t<div class=\"elementor-element elementor-element-21ba7f1 e-flex e-con-boxed e-con e-child\" data-id=\"21ba7f1\" data-element_type=\"container\">\n\t\t\t\t\t<div class=\"e-con-inner\">\n\t\t\t\t<div class=\"elementor-element elementor-element-c3ca8ed elementor-widget elementor-widget-spacer\" data-id=\"c3ca8ed\" data-element_type=\"widget\" data-widget_type=\"spacer.default\">\n\t\t\t\t<div class=\"elementor-widget-container\">\n\t\t\t\t\t<div class=\"elementor-spacer\">\n\t\t\t<div class=\"elementor-spacer-inner\"><\/div>\n\t\t<\/div>\n\t\t\t\t<\/div>\n\t\t\t\t<\/div>\n\t\t\t\t\t<\/div>\n\t\t\t\t<\/div>\n\t\t\t\t<\/div>\n\t\t<div class=\"elementor-element elementor-element-21f25616 e-flex e-con-boxed e-con e-parent\" data-id=\"21f25616\" data-element_type=\"container\" data-settings=\"{&quot;background_background&quot;:&quot;classic&quot;}\">\n\t\t\t\t\t<div class=\"e-con-inner\">\n\t\t<div class=\"elementor-element elementor-element-63685abd e-con-full e-flex e-con e-child\" data-id=\"63685abd\" data-element_type=\"container\">\n\t\t\t\t<div class=\"elementor-element elementor-element-6b1d22b8 elementor-widget elementor-widget-heading\" data-id=\"6b1d22b8\" data-element_type=\"widget\" data-widget_type=\"heading.default\">\n\t\t\t\t<div class=\"elementor-widget-container\">\n\t\t\t<h2 class=\"elementor-heading-title elementor-size-default\">Riguroso proceso de selecci\u00f3n<\/h2>\t\t<\/div>\n\t\t\t\t<\/div>\n\t\t\t\t<div class=\"elementor-element elementor-element-41db517b elementor-widget elementor-widget-text-editor\" data-id=\"41db517b\" data-element_type=\"widget\" data-widget_type=\"text-editor.default\">\n\t\t\t\t<div class=\"elementor-widget-container\">\n\t\t\t\t\t\t\tLa contrataci\u00f3n p\u00fablica implica un riguroso proceso que garantiza que s\u00f3lo las empresas m\u00e1s cualificadas sean seleccionadas para proyectos cr\u00edticos. Este proceso incluye un examen exhaustivo de los posibles contratistas, evaluando su experiencia, capacidad t\u00e9cnica, estabilidad financiera y resultados anteriores. Nuestra empresa cumple y supera sistem\u00e1ticamente estos criterios, consiguiendo contratos a trav\u00e9s de licitaciones competitivas y demostrando nuestra capacidad para gestionar proyectos a gran escala de forma eficiente.\t\t\t\t\t\t<\/div>\n\t\t\t\t<\/div>\n\t\t\t\t<div class=\"elementor-element elementor-element-df5bab8 elementor-widget elementor-widget-heading\" data-id=\"df5bab8\" data-element_type=\"widget\" data-widget_type=\"heading.default\">\n\t\t\t\t<div class=\"elementor-widget-container\">\n\t\t\t<h2 class=\"elementor-heading-title elementor-size-default\">Cumplimiento de las normas y enfoque global\n<\/h2>\t\t<\/div>\n\t\t\t\t<\/div>\n\t\t\t\t<div class=\"elementor-element elementor-element-97adcd4 elementor-widget elementor-widget-text-editor\" data-id=\"97adcd4\" data-element_type=\"widget\" data-widget_type=\"text-editor.default\">\n\t\t\t\t<div class=\"elementor-widget-container\">\n\t\t\t\t\t\t\t<p>Mediante la adhesi\u00f3n a estrictas normas de cumplimiento y seguridad, ofrecemos resultados excepcionales que se ajustan a las expectativas del gobierno y a las necesidades p\u00fablicas. Nuestro enfoque integral, desde la planificaci\u00f3n y el dise\u00f1o iniciales hasta la construcci\u00f3n y los servicios de apoyo continuos, garantiza que cada proyecto se complete a tiempo, dentro del presupuesto y con los m\u00e1s altos est\u00e1ndares de calidad.<\/p>\t\t\t\t\t\t<\/div>\n\t\t\t\t<\/div>\n\t\t\t\t<\/div>\n\t\t<div class=\"elementor-element elementor-element-3591ad9c e-con-full e-flex e-con e-child\" data-id=\"3591ad9c\" data-element_type=\"container\">\n\t\t<div class=\"elementor-element elementor-element-229644f8 e-con-full e-flex elementor-invisible e-con e-child\" data-id=\"229644f8\" data-element_type=\"container\" data-settings=\"{&quot;background_background&quot;:&quot;classic&quot;,&quot;animation&quot;:&quot;fadeInUp&quot;,&quot;animation_tablet&quot;:&quot;fadeInRight&quot;}\">\n\t\t\t\t<div class=\"elementor-element elementor-element-6381a90f elementor-widget elementor-widget-heading\" data-id=\"6381a90f\" data-element_type=\"widget\" data-widget_type=\"heading.default\">\n\t\t\t\t<div class=\"elementor-widget-container\">\n\t\t\t<h3 class=\"elementor-heading-title elementor-size-default\">Nos dedicamos a apoyar iniciativas gubernamentales y a ofrecer ayuda en momentos cr\u00edticos.<\/h3>\t\t<\/div>\n\t\t\t\t<\/div>\n\t\t\t\t<\/div>\n\t\t\t\t<\/div>\n\t\t\t\t\t<\/div>\n\t\t\t\t<\/div>\n\t\t<div class=\"elementor-element elementor-element-67e3ea9b e-con-full e-flex e-con e-parent\" data-id=\"67e3ea9b\" data-element_type=\"container\" data-settings=\"{&quot;background_background&quot;:&quot;classic&quot;}\">\n\t\t<div class=\"elementor-element elementor-element-166ffca0 e-con-full e-flex e-con e-child\" data-id=\"166ffca0\" data-element_type=\"container\" data-settings=\"{&quot;background_background&quot;:&quot;classic&quot;}\">\n\t\t\t\t<div class=\"elementor-element elementor-element-28e67650 elementor-widget elementor-widget-spacer\" data-id=\"28e67650\" data-element_type=\"widget\" data-widget_type=\"spacer.default\">\n\t\t\t\t<div class=\"elementor-widget-container\">\n\t\t\t\t\t<div class=\"elementor-spacer\">\n\t\t\t<div class=\"elementor-spacer-inner\"><\/div>\n\t\t<\/div>\n\t\t\t\t<\/div>\n\t\t\t\t<\/div>\n\t\t\t\t<\/div>\n\t\t<div class=\"elementor-element elementor-element-1c8640ef e-con-full e-flex e-con e-child\" data-id=\"1c8640ef\" data-element_type=\"container\">\n\t\t\t\t<div class=\"elementor-element elementor-element-7f53eec3 elementor-widget elementor-widget-spacer\" data-id=\"7f53eec3\" data-element_type=\"widget\" data-widget_type=\"spacer.default\">\n\t\t\t\t<div class=\"elementor-widget-container\">\n\t\t\t\t\t<div class=\"elementor-spacer\">\n\t\t\t<div class=\"elementor-spacer-inner\"><\/div>\n\t\t<\/div>\n\t\t\t\t<\/div>\n\t\t\t\t<\/div>\n\t\t\t\t<\/div>\n\t\t\t\t<\/div>\n\t\t\t\t<\/div>","protected":false},"excerpt":{"rendered":"<p>QU\u00c9 HACEMOS Nuestra experiencia en contrataci\u00f3n p\u00fablica se basa en un riguroso proceso de selecci\u00f3n y un compromiso con la excelencia. Cumplimos sistem\u00e1ticamente estrictos criterios para conseguir contratos y gestionar proyectos a gran escala de forma eficiente. Al adherirnos a elevadas normas de cumplimiento y seguridad y emplear un enfoque integral, garantizamos que cada proyecto se complete a tiempo, dentro del presupuesto, [...].<\/p>","protected":false},"author":2,"featured_media":2156,"parent":109,"menu_order":0,"comment_status":"closed","ping_status":"closed","template":"elementor_header_footer","meta":{"inline_featured_image":false,"footnotes":""},"class_list":["post-709","page","type-page","status-publish","has-post-thumbnail","hentry"],"_links":{"self":[{"href":"https:\/\/responsivedeployment.com\/es\/wp-json\/wp\/v2\/pages\/709","targetHints":{"allow":["GET"]}}],"collection":[{"href":"https:\/\/responsivedeployment.com\/es\/wp-json\/wp\/v2\/pages"}],"about":[{"href":"https:\/\/responsivedeployment.com\/es\/wp-json\/wp\/v2\/types\/page"}],"author":[{"embeddable":true,"href":"https:\/\/responsivedeployment.com\/es\/wp-json\/wp\/v2\/users\/2"}],"replies":[{"embeddable":true,"href":"https:\/\/responsivedeployment.com\/es\/wp-json\/wp\/v2\/comments?post=709"}],"version-history":[{"count":8,"href":"https:\/\/responsivedeployment.com\/es\/wp-json\/wp\/v2\/pages\/709\/revisions"}],"predecessor-version":[{"id":3132,"href":"https:\/\/responsivedeployment.com\/es\/wp-json\/wp\/v2\/pages\/709\/revisions\/3132"}],"up":[{"embeddable":true,"href":"https:\/\/responsivedeployment.com\/es\/wp-json\/wp\/v2\/pages\/109"}],"wp:featuredmedia":[{"embeddable":true,"href":"https:\/\/responsivedeployment.com\/es\/wp-json\/wp\/v2\/media\/2156"}],"wp:attachment":[{"href":"https:\/\/responsivedeployment.com\/es\/wp-json\/wp\/v2\/media?parent=709"}],"curies":[{"name":"wp","href":"https:\/\/api.w.org\/{rel}","templated":true}]}}