{"id":655,"date":"2024-05-23T13:17:47","date_gmt":"2024-05-23T13:17:47","guid":{"rendered":"https:\/\/staging.responsivedeployment.com\/?page_id=655"},"modified":"2024-07-03T12:49:22","modified_gmt":"2024-07-03T12:49:22","slug":"wwd-engineering-procurement-amp-construction","status":"publish","type":"page","link":"https:\/\/responsivedeployment.com\/es\/what-we-do\/wwd-engineering-procurement-amp-construction\/","title":{"rendered":"Ingenier\u00eda, contrataci\u00f3n y construcci\u00f3n"},"content":{"rendered":"<div data-elementor-type=\"wp-page\" data-elementor-id=\"655\" class=\"elementor elementor-655\" data-elementor-post-type=\"page\">\n\t\t\t\t<div class=\"elementor-element elementor-element-e41fcfb e-con-full e-flex e-con e-parent\" data-id=\"e41fcfb\" data-element_type=\"container\" data-settings=\"{&quot;background_background&quot;:&quot;classic&quot;}\">\n\t\t<div class=\"elementor-element elementor-element-3b72218 e-con-full e-flex e-con e-child\" data-id=\"3b72218\" data-element_type=\"container\" data-settings=\"{&quot;background_background&quot;:&quot;classic&quot;}\">\n\t\t\t\t<\/div>\n\t\t<div class=\"elementor-element elementor-element-857d239 e-con-full e-flex e-con e-child\" data-id=\"857d239\" data-element_type=\"container\">\n\t\t<div class=\"elementor-element elementor-element-2108fda e-con-full e-flex e-con e-child\" data-id=\"2108fda\" data-element_type=\"container\" data-settings=\"{&quot;background_background&quot;:&quot;classic&quot;}\">\n\t\t\t\t<\/div>\n\t\t\t\t<\/div>\n\t\t\t\t<\/div>\n\t\t<div class=\"elementor-element elementor-element-e80d177 e-flex e-con-boxed e-con e-parent\" data-id=\"e80d177\" data-element_type=\"container\" data-settings=\"{&quot;background_background&quot;:&quot;classic&quot;}\">\n\t\t\t\t\t<div class=\"e-con-inner\">\n\t\t\t\t<div class=\"elementor-element elementor-element-bb322ee elementor-widget-mobile__width-inherit elementor-widget elementor-widget-heading\" data-id=\"bb322ee\" data-element_type=\"widget\" data-widget_type=\"heading.default\">\n\t\t\t\t<div class=\"elementor-widget-container\">\n\t\t\t<style>\/*! elementor - v3.23.0 - 05-08-2024 *\/\n.elementor-heading-title{padding:0;margin:0;line-height:1}.elementor-widget-heading .elementor-heading-title[class*=elementor-size-]>a{color:inherit;font-size:inherit;line-height:inherit}.elementor-widget-heading .elementor-heading-title.elementor-size-small{font-size:15px}.elementor-widget-heading .elementor-heading-title.elementor-size-medium{font-size:19px}.elementor-widget-heading .elementor-heading-title.elementor-size-large{font-size:29px}.elementor-widget-heading .elementor-heading-title.elementor-size-xl{font-size:39px}.elementor-widget-heading .elementor-heading-title.elementor-size-xxl{font-size:59px}<\/style><h2 class=\"elementor-heading-title elementor-size-default\">QU\u00c9 HACEMOS<\/h2>\t\t<\/div>\n\t\t\t\t<\/div>\n\t\t\t\t\t<\/div>\n\t\t\t\t<\/div>\n\t\t<div class=\"elementor-element elementor-element-f8f7604 e-flex e-con-boxed e-con e-parent\" data-id=\"f8f7604\" data-element_type=\"container\">\n\t\t\t\t\t<div class=\"e-con-inner\">\n\t\t<div class=\"elementor-element elementor-element-58613e5 e-con-full e-flex e-con e-child\" data-id=\"58613e5\" data-element_type=\"container\">\n\t\t<div class=\"elementor-element elementor-element-85ebaed e-con-full e-flex e-con e-child\" data-id=\"85ebaed\" data-element_type=\"container\" data-settings=\"{&quot;background_background&quot;:&quot;classic&quot;}\">\n\t\t<div class=\"elementor-element elementor-element-c9e91e1 e-flex e-con-boxed e-con e-child\" data-id=\"c9e91e1\" data-element_type=\"container\">\n\t\t\t\t\t<div class=\"e-con-inner\">\n\t\t\t\t<div class=\"elementor-element elementor-element-d919566 elementor-view-stacked elementor-hidden-mobile elementor-shape-circle elementor-widget elementor-widget-icon\" data-id=\"d919566\" data-element_type=\"widget\" data-widget_type=\"icon.default\">\n\t\t\t\t<div class=\"elementor-widget-container\">\n\t\t\t\t\t<div class=\"elementor-icon-wrapper\">\n\t\t\t<div class=\"elementor-icon\">\n\t\t\t<svg xmlns=\"http:\/\/www.w3.org\/2000\/svg\" id=\"Layer_1\" viewbox=\"0 0 512 512\"><defs><style>.cls-1{stroke-width:0px;}<\/style><\/defs><g id=\"d9hmZf\"><path class=\"cls-1\" d=\"M292,512h-72c-8.67-3.34-11.26-10.34-12-18.89-.83-9.6-2.81-19.11-3.28-28.72-.29-6.03-3.17-7.63-8.23-9.41-14.65-5.17-29.01-11.17-44.63-17.3-.16.21-1.04,1.68-2.2,2.85-20.69,20.75-41.37,41.53-62.2,62.15-3.48,3.45-7.63,6.23-11.46,9.32h-8c-3.53-2.68-7.4-5.01-10.52-8.09-16.7-16.45-33.27-33.03-49.73-49.73C4.78,451.17,2.56,447.41,0,444c0-2.67,0-5.33,0-8,2.98-3.72,5.64-7.74,8.98-11.1,20.74-20.94,41.61-41.75,62.51-62.53,1.26-1.25,3.17-1.85,4.77-2.75-.94-.32-1.88-.63-2.81-.95-5.97-15.79-11.88-31.61-18.02-47.34-.55-1.42-2.44-3.05-3.89-3.26-11.35-1.61-22.73-3.08-34.13-4.22C9.3,303.05,3.12,299.9,0,292v-72c3.11-7.91,9.29-11.05,17.41-11.85,11.24-1.11,22.42-2.85,33.67-3.95,2.92-.28,4.02-1.41,4.69-3.94,4.32-16.31,10.82-31.73,19.2-46.35,1.38-2.41,1.21-4.02-.53-6.19-7.48-9.36-14.81-18.84-22.11-28.35-6.63-8.63-6.15-15.75,1.54-23.47,13.87-13.92,27.77-27.81,41.69-41.69,8.21-8.19,15.1-8.65,24.22-1.6,9.35,7.22,18.6,14.58,28.07,21.64,1.34,1,4.17,1.48,5.51.75,15.08-8.23,30.78-14.86,47.32-19.56,1.38-.39,3.03-2.44,3.24-3.91,1.61-11.35,3.09-22.73,4.22-34.14.81-8.11,3.94-14.3,11.85-17.4h72c7.66,3.03,10.96,8.96,11.78,16.9,1.18,11.41,2.92,22.76,4.03,34.17.29,2.94,1.45,3.98,3.95,4.65,16.29,4.36,31.71,10.85,46.33,19.22,2.42,1.39,4.02,1.21,6.18-.52,9.36-7.48,18.84-14.82,28.35-22.12,8.62-6.62,15.76-6.15,23.47,1.53,13.92,13.87,27.82,27.77,41.69,41.69,8.16,8.18,8.61,15.11,1.58,24.23-7.22,9.36-14.59,18.6-21.65,28.08-.99,1.33-1.46,4.17-.72,5.52,8.25,15.08,14.84,30.8,19.58,47.32.39,1.37,2.43,3.02,3.88,3.22,11.52,1.64,23.06,3.12,34.63,4.31,7.96.82,13.87,4.12,16.9,11.78v72c-3.04,7.65-8.96,10.95-16.91,11.78-11.4,1.19-22.75,2.93-34.16,4.05-2.92.29-4.03,1.37-4.7,3.91-4.33,16.3-10.82,31.73-19.2,46.35-1.38,2.41-1.2,4.02.53,6.19,7.38,9.23,14.59,18.6,21.8,27.95,7.03,9.12,6.58,16.05-1.58,24.23-13.64,13.68-27.3,27.33-40.97,40.99-8.65,8.64-15.41,9.07-24.99,1.64-9.2-7.14-18.33-14.4-27.67-21.36-1.34-1-4.17-1.47-5.52-.73-15.07,8.25-30.79,14.84-47.31,19.59-1.38.4-3.05,2.41-3.25,3.86-1.61,11.35-3.11,22.73-4.23,34.14-.8,8.13-3.99,14.27-11.85,17.41ZM237.17,30.22c-1.49,12.28-2.9,24.17-4.37,36.04-1.18,9.56-4.86,13.81-14.36,15.99-20.42,4.69-39.6,12.3-57.31,23.6-9.96,6.36-14.53,6-23.93-1.33-9.17-7.16-18.36-14.3-27.81-21.65-7.81,7.9-15.41,15.62-23.06,23.28-1.05,1.06-2.37,1.85-3.72,2.89,7.93,10.21,15.41,19.77,22.82,29.39,6.11,7.93,6.45,13.17,1.16,21.44-11.39,17.82-19.46,36.99-24.05,57.66-2.38,10.74-6.91,14.28-17.82,15.45-11.51,1.23-22.98,2.83-34.34,4.25v37.6c12.28,1.49,24.17,2.89,36.05,4.39,9.52,1.2,13.64,4.93,15.85,14.51,3.37,14.6,8.07,28.71,15.19,42.35,12.34-12.29,24.54-24.32,36.5-36.59.93-.95.6-3.7.09-5.38-6.54-21.44-7.97-43.08-3.01-65.03,16.6-73.47,97.56-123.1,173.46-91.07,14.46,6.1,16.69,17.32,5.64,28.37-20.74,20.74-41.44,41.51-62.26,62.17-2.24,2.23-3.12,4.08-2.09,7.33,2.11,6.64,3.78,13.43,5.37,20.21.66,2.81,2.15,4.08,4.83,4.74,6.45,1.58,12.9,3.2,19.23,5.18,3.6,1.12,5.94.45,8.66-2.31,20.95-21.23,42.07-42.29,63.21-63.33,8.61-8.57,20.7-6.75,25.51,4.01,10.74,24.05,14.12,49.1,8.95,75.05-14.11,70.83-87.86,122.91-164.33,98.33-1.7-.55-4.6.17-5.94,1.39-5.66,5.16-10.93,10.74-16.37,16.14-6.35,6.3-12.72,12.57-19.09,18.85.01.63.03,1.25.04,1.88,13.53,4.38,26.95,9.18,40.63,13.01,11.75,3.29,15.21,6.87,16.49,19.15,1.17,11.19,2.79,22.34,4.21,33.44h37.6c1.48-12.25,2.88-24.15,4.37-36.03,1.2-9.54,4.86-13.72,14.46-15.9,20.29-4.6,39.3-12.21,56.89-23.35,10.33-6.54,14.79-6.26,24.32,1.2,9.14,7.15,18.32,14.25,27.13,21.09,9.06-9.02,17.77-17.71,26.68-26.58-7.21-9.28-14.6-18.72-21.92-28.21-6.48-8.4-6.72-13.26-1.05-22.26,11.09-17.59,19.12-36.42,23.58-56.78,2.46-11.26,6.89-14.64,18.56-15.85,11.34-1.17,22.63-2.8,34.12-4.26,0-12.15,0-23.8-.01-35.45,0-.63-.21-1.27-.35-2.11-11.64-1.43-23.15-2.99-34.7-4.21-10.34-1.1-15-4.7-17.28-14.79-4.76-21.14-12.86-40.84-24.74-58.96-2.72-4.15-3.97-8.67-2.5-13.27,1.03-3.21,3.22-6.16,5.3-8.91,6.98-9.22,14.15-18.31,20.77-26.82-9.16-9.16-17.84-17.83-26.69-26.67-9.25,7.19-18.81,14.7-28.44,22.11-7.61,5.86-13.1,6.17-21.05,1.09-17.81-11.39-36.93-19.58-57.63-24.09-11-2.4-14.5-6.95-15.67-18.17-1.18-11.37-2.79-22.7-4.24-34.23h-37.59ZM273.28,160.27c-12.42-2.27-24.08-2.36-35.59-.06-58.27,11.65-96.01,75.18-71.64,133.09,4.03,9.59,3.03,14.18-4.3,21.51-40.3,40.31-80.6,80.62-120.95,120.87-1.39,1.39-3.32,2.23-4.58,3.05,12.73,12.77,24.31,24.4,36.1,36.23,1.08-1.03,2.42-2.24,3.7-3.52,40.19-40.18,80.38-80.37,120.56-120.56,8.18-8.18,12.24-8.62,23.24-4.7,8.09,2.88,16.47,5.7,24.93,6.6,48.41,5.17,92.98-25.73,105.68-72.79,3.62-13.41,3.78-26.97,1.13-42.1-2.03,2.4-3.11,3.88-4.39,5.17-16.72,16.75-33.51,33.43-50.17,50.24-5.21,5.26-10.99,6.88-18.15,4.86-13.75-3.87-27.56-7.52-41.38-11.1-6.81-1.76-10.82-5.86-12.57-12.68-3.47-13.51-7.07-26.99-10.9-40.4-2.2-7.68-.61-13.81,5.16-19.46,16.78-16.45,33.29-33.17,49.9-49.8,1.27-1.27,2.47-2.6,4.22-4.44Z\"><\/path><\/g><\/svg>\t\t\t<\/div>\n\t\t<\/div>\n\t\t\t\t<\/div>\n\t\t\t\t<\/div>\n\t\t\t\t\t<\/div>\n\t\t\t\t<\/div>\n\t\t\t\t<\/div>\n\t\t\t\t<\/div>\n\t\t<div class=\"elementor-element elementor-element-03fd200 e-con-full e-flex e-con e-child\" data-id=\"03fd200\" data-element_type=\"container\">\n\t\t\t\t<div class=\"elementor-element elementor-element-55d0b5c elementor-widget elementor-widget-text-editor\" data-id=\"55d0b5c\" data-element_type=\"widget\" data-widget_type=\"text-editor.default\">\n\t\t\t\t<div class=\"elementor-widget-container\">\n\t\t\t<style>\/*! elementor - v3.23.0 - 05-08-2024 *\/\n.elementor-widget-text-editor.elementor-drop-cap-view-stacked .elementor-drop-cap{background-color:#69727d;color:#fff}.elementor-widget-text-editor.elementor-drop-cap-view-framed .elementor-drop-cap{color:#69727d;border:3px solid;background-color:transparent}.elementor-widget-text-editor:not(.elementor-drop-cap-view-default) .elementor-drop-cap{margin-top:8px}.elementor-widget-text-editor:not(.elementor-drop-cap-view-default) .elementor-drop-cap-letter{width:1em;height:1em}.elementor-widget-text-editor .elementor-drop-cap{float:left;text-align:center;line-height:1;font-size:50px}.elementor-widget-text-editor .elementor-drop-cap-letter{display:inline-block}<\/style>\t\t\t\tOfrecemos servicios integrales de ingenier\u00eda, adquisici\u00f3n y construcci\u00f3n (EPC), gestionando todos los aspectos de su proyecto desde el dise\u00f1o inicial hasta la construcci\u00f3n final. Nuestro equipo garantiza la integraci\u00f3n de todos los componentes, un aprovisionamiento rentable y una construcci\u00f3n eficiente, proporcionando soluciones de infraestructura fiables y de alta calidad a tiempo y dentro del presupuesto.\t\t\t\t\t\t<\/div>\n\t\t\t\t<\/div>\n\t\t\t\t<\/div>\n\t\t\t\t\t<\/div>\n\t\t\t\t<\/div>\n\t\t<div class=\"elementor-element elementor-element-c6f4c43 e-con-full e-flex e-con e-parent\" data-id=\"c6f4c43\" data-element_type=\"container\" data-settings=\"{&quot;background_background&quot;:&quot;classic&quot;}\">\n\t\t<div class=\"elementor-element elementor-element-57d5e26 e-con-full e-flex e-con e-child\" data-id=\"57d5e26\" data-element_type=\"container\">\n\t\t<div class=\"elementor-element elementor-element-a4eca26 e-con-full e-flex e-con e-child\" data-id=\"a4eca26\" data-element_type=\"container\">\n\t\t<div class=\"elementor-element elementor-element-ec9e323 e-con-full e-flex e-con e-child\" data-id=\"ec9e323\" data-element_type=\"container\" data-settings=\"{&quot;background_background&quot;:&quot;classic&quot;}\">\n\t\t\t\t<div class=\"elementor-element elementor-element-08a1e08 elementor-widget elementor-widget-spacer\" data-id=\"08a1e08\" data-element_type=\"widget\" data-widget_type=\"spacer.default\">\n\t\t\t\t<div class=\"elementor-widget-container\">\n\t\t\t<style>\/*! elementor - v3.23.0 - 05-08-2024 *\/\n.elementor-column .elementor-spacer-inner{height:var(--spacer-size)}.e-con{--container-widget-width:100%}.e-con-inner>.elementor-widget-spacer,.e-con>.elementor-widget-spacer{width:var(--container-widget-width,var(--spacer-size));--align-self:var(--container-widget-align-self,initial);--flex-shrink:0}.e-con-inner>.elementor-widget-spacer>.elementor-widget-container,.e-con>.elementor-widget-spacer>.elementor-widget-container{height:100%;width:100%}.e-con-inner>.elementor-widget-spacer>.elementor-widget-container>.elementor-spacer,.e-con>.elementor-widget-spacer>.elementor-widget-container>.elementor-spacer{height:100%}.e-con-inner>.elementor-widget-spacer>.elementor-widget-container>.elementor-spacer>.elementor-spacer-inner,.e-con>.elementor-widget-spacer>.elementor-widget-container>.elementor-spacer>.elementor-spacer-inner{height:var(--container-widget-height,var(--spacer-size))}.e-con-inner>.elementor-widget-spacer.elementor-widget-empty,.e-con>.elementor-widget-spacer.elementor-widget-empty{position:relative;min-height:22px;min-width:22px}.e-con-inner>.elementor-widget-spacer.elementor-widget-empty .elementor-widget-empty-icon,.e-con>.elementor-widget-spacer.elementor-widget-empty .elementor-widget-empty-icon{position:absolute;top:0;bottom:0;left:0;right:0;margin:auto;padding:0;width:22px;height:22px}<\/style>\t\t<div class=\"elementor-spacer\">\n\t\t\t<div class=\"elementor-spacer-inner\"><\/div>\n\t\t<\/div>\n\t\t\t\t<\/div>\n\t\t\t\t<\/div>\n\t\t\t\t<\/div>\n\t\t\t\t<\/div>\n\t\t\t\t<\/div>\n\t\t<div class=\"elementor-element elementor-element-75966b2 e-flex e-con-boxed e-con e-child\" data-id=\"75966b2\" data-element_type=\"container\">\n\t\t\t\t\t<div class=\"e-con-inner\">\n\t\t\t\t<div class=\"elementor-element elementor-element-7fc7ae0 elementor-widget elementor-widget-spacer\" data-id=\"7fc7ae0\" data-element_type=\"widget\" data-widget_type=\"spacer.default\">\n\t\t\t\t<div class=\"elementor-widget-container\">\n\t\t\t\t\t<div class=\"elementor-spacer\">\n\t\t\t<div class=\"elementor-spacer-inner\"><\/div>\n\t\t<\/div>\n\t\t\t\t<\/div>\n\t\t\t\t<\/div>\n\t\t\t\t\t<\/div>\n\t\t\t\t<\/div>\n\t\t\t\t<\/div>\n\t\t<div class=\"elementor-element elementor-element-9fe6d56 e-flex e-con-boxed e-con e-parent\" data-id=\"9fe6d56\" data-element_type=\"container\" data-settings=\"{&quot;background_background&quot;:&quot;classic&quot;}\">\n\t\t\t\t\t<div class=\"e-con-inner\">\n\t\t<div class=\"elementor-element elementor-element-273e525 e-con-full e-flex e-con e-child\" data-id=\"273e525\" data-element_type=\"container\">\n\t\t\t\t<div class=\"elementor-element elementor-element-19c4ad2 elementor-widget elementor-widget-heading\" data-id=\"19c4ad2\" data-element_type=\"widget\" data-widget_type=\"heading.default\">\n\t\t\t\t<div class=\"elementor-widget-container\">\n\t\t\t<h2 class=\"elementor-heading-title elementor-size-default\">Ingenier\u00eda<\/h2>\t\t<\/div>\n\t\t\t\t<\/div>\n\t\t\t\t<div class=\"elementor-element elementor-element-fc4af1b elementor-widget elementor-widget-text-editor\" data-id=\"fc4af1b\" data-element_type=\"widget\" data-widget_type=\"text-editor.default\">\n\t\t\t\t<div class=\"elementor-widget-container\">\n\t\t\t\t\t\t\t<p>Nuestro equipo de expertos se encarga de la fase de dise\u00f1o y planificaci\u00f3n de su proyecto, garantizando que cada detalle se tenga meticulosamente en cuenta para lograr una funcionalidad y eficiencia \u00f3ptimas.<\/p>\t\t\t\t\t\t<\/div>\n\t\t\t\t<\/div>\n\t\t\t\t<div class=\"elementor-element elementor-element-65b2052 elementor-widget elementor-widget-heading\" data-id=\"65b2052\" data-element_type=\"widget\" data-widget_type=\"heading.default\">\n\t\t\t\t<div class=\"elementor-widget-container\">\n\t\t\t<h2 class=\"elementor-heading-title elementor-size-default\">Adquisiciones<\/h2>\t\t<\/div>\n\t\t\t\t<\/div>\n\t\t\t\t<div class=\"elementor-element elementor-element-6f4f859 elementor-widget elementor-widget-text-editor\" data-id=\"6f4f859\" data-element_type=\"widget\" data-widget_type=\"text-editor.default\">\n\t\t\t\t<div class=\"elementor-widget-container\">\n\t\t\t\t\t\t\t<p>Nos encargamos de conseguir todos los materiales, equipos y recursos necesarios para el proyecto, garantizando la calidad y la puntualidad de las entregas, al tiempo que mantenemos los costes bajo control.<\/p>\t\t\t\t\t\t<\/div>\n\t\t\t\t<\/div>\n\t\t\t\t<div class=\"elementor-element elementor-element-dfc1d8d elementor-widget elementor-widget-heading\" data-id=\"dfc1d8d\" data-element_type=\"widget\" data-widget_type=\"heading.default\">\n\t\t\t\t<div class=\"elementor-widget-container\">\n\t\t\t<h2 class=\"elementor-heading-title elementor-size-default\">Construcci\u00f3n<\/h2>\t\t<\/div>\n\t\t\t\t<\/div>\n\t\t\t\t<div class=\"elementor-element elementor-element-d0e8e56 elementor-widget elementor-widget-text-editor\" data-id=\"d0e8e56\" data-element_type=\"widget\" data-widget_type=\"text-editor.default\">\n\t\t\t\t<div class=\"elementor-widget-container\">\n\t\t\t\t\t\t\t<p>Desde la colocaci\u00f3n de la primera piedra hasta los \u00faltimos retoques, nuestro cualificado equipo de construcci\u00f3n gestiona todos los aspectos de la obra, garantizando que su proyecto se realice con la m\u00e1xima calidad, a tiempo y sin salirse del presupuesto.<\/p>\t\t\t\t\t\t<\/div>\n\t\t\t\t<\/div>\n\t\t\t\t<div class=\"elementor-element elementor-element-dea3e47 elementor-widget elementor-widget-text-editor\" data-id=\"dea3e47\" data-element_type=\"widget\" data-widget_type=\"text-editor.default\">\n\t\t\t\t<div class=\"elementor-widget-container\">\n\t\t\t\t\t\t\t<p>Al ofrecer este enfoque integrado, proporcionamos una experiencia fluida y eficaz a nuestros clientes, eliminando las molestias de tratar con varios contratistas y garantizando un proceso de entrega del proyecto sin contratiempos de principio a fin.<\/p>\t\t\t\t\t\t<\/div>\n\t\t\t\t<\/div>\n\t\t\t\t<\/div>\n\t\t<div class=\"elementor-element elementor-element-60e0117 e-con-full e-flex e-con e-child\" data-id=\"60e0117\" data-element_type=\"container\">\n\t\t<div class=\"elementor-element elementor-element-dfdf4e5 e-con-full e-flex elementor-invisible e-con e-child\" data-id=\"dfdf4e5\" data-element_type=\"container\" data-settings=\"{&quot;background_background&quot;:&quot;classic&quot;,&quot;animation&quot;:&quot;fadeInRight&quot;}\">\n\t\t\t\t<div class=\"elementor-element elementor-element-22f7165 elementor-widget elementor-widget-heading\" data-id=\"22f7165\" data-element_type=\"widget\" data-widget_type=\"heading.default\">\n\t\t\t\t<div class=\"elementor-widget-container\">\n\t\t\t<h3 class=\"elementor-heading-title elementor-size-default\">Experimente la ejecuci\u00f3n perfecta de proyectos con nuestros servicios expertos de EPC, que ofrecen calidad y eficiencia para hacer realidad su visi\u00f3n.<\/h3>\t\t<\/div>\n\t\t\t\t<\/div>\n\t\t\t\t<\/div>\n\t\t\t\t<\/div>\n\t\t\t\t\t<\/div>\n\t\t\t\t<\/div>\n\t\t<div class=\"elementor-element elementor-element-a9c157a e-con-full e-flex e-con e-parent\" data-id=\"a9c157a\" data-element_type=\"container\" data-settings=\"{&quot;background_background&quot;:&quot;classic&quot;}\">\n\t\t<div class=\"elementor-element elementor-element-c5f36e5 e-con-full e-flex e-con e-child\" data-id=\"c5f36e5\" data-element_type=\"container\" data-settings=\"{&quot;background_background&quot;:&quot;classic&quot;}\">\n\t\t\t\t<div class=\"elementor-element elementor-element-3843670 elementor-widget elementor-widget-spacer\" data-id=\"3843670\" data-element_type=\"widget\" data-widget_type=\"spacer.default\">\n\t\t\t\t<div class=\"elementor-widget-container\">\n\t\t\t\t\t<div class=\"elementor-spacer\">\n\t\t\t<div class=\"elementor-spacer-inner\"><\/div>\n\t\t<\/div>\n\t\t\t\t<\/div>\n\t\t\t\t<\/div>\n\t\t\t\t<\/div>\n\t\t<div class=\"elementor-element elementor-element-7477fa1 e-con-full e-flex e-con e-child\" data-id=\"7477fa1\" data-element_type=\"container\">\n\t\t\t\t<div class=\"elementor-element elementor-element-a3298ae elementor-widget elementor-widget-spacer\" data-id=\"a3298ae\" data-element_type=\"widget\" data-widget_type=\"spacer.default\">\n\t\t\t\t<div class=\"elementor-widget-container\">\n\t\t\t\t\t<div class=\"elementor-spacer\">\n\t\t\t<div class=\"elementor-spacer-inner\"><\/div>\n\t\t<\/div>\n\t\t\t\t<\/div>\n\t\t\t\t<\/div>\n\t\t\t\t<\/div>\n\t\t\t\t<\/div>\n\t\t\t\t<\/div>","protected":false},"excerpt":{"rendered":"<p>QU\u00c9 HACEMOS Proporcionamos servicios integrales de ingenier\u00eda, adquisici\u00f3n y construcci\u00f3n (EPC), gestionando todos los aspectos de su proyecto desde el dise\u00f1o inicial hasta la construcci\u00f3n final. Nuestro equipo garantiza la integraci\u00f3n de todos los componentes, un aprovisionamiento rentable y una construcci\u00f3n eficiente, proporcionando soluciones de infraestructura fiables y de alta calidad a tiempo y dentro del presupuesto. Ingenier\u00eda Nuestro equipo de expertos se encarga del dise\u00f1o y la planificaci\u00f3n [...]<\/p>","protected":false},"author":2,"featured_media":2083,"parent":109,"menu_order":0,"comment_status":"closed","ping_status":"closed","template":"elementor_header_footer","meta":{"inline_featured_image":false,"footnotes":""},"class_list":["post-655","page","type-page","status-publish","has-post-thumbnail","hentry"],"_links":{"self":[{"href":"https:\/\/responsivedeployment.com\/es\/wp-json\/wp\/v2\/pages\/655","targetHints":{"allow":["GET"]}}],"collection":[{"href":"https:\/\/responsivedeployment.com\/es\/wp-json\/wp\/v2\/pages"}],"about":[{"href":"https:\/\/responsivedeployment.com\/es\/wp-json\/wp\/v2\/types\/page"}],"author":[{"embeddable":true,"href":"https:\/\/responsivedeployment.com\/es\/wp-json\/wp\/v2\/users\/2"}],"replies":[{"embeddable":true,"href":"https:\/\/responsivedeployment.com\/es\/wp-json\/wp\/v2\/comments?post=655"}],"version-history":[{"count":5,"href":"https:\/\/responsivedeployment.com\/es\/wp-json\/wp\/v2\/pages\/655\/revisions"}],"predecessor-version":[{"id":2973,"href":"https:\/\/responsivedeployment.com\/es\/wp-json\/wp\/v2\/pages\/655\/revisions\/2973"}],"up":[{"embeddable":true,"href":"https:\/\/responsivedeployment.com\/es\/wp-json\/wp\/v2\/pages\/109"}],"wp:featuredmedia":[{"embeddable":true,"href":"https:\/\/responsivedeployment.com\/es\/wp-json\/wp\/v2\/media\/2083"}],"wp:attachment":[{"href":"https:\/\/responsivedeployment.com\/es\/wp-json\/wp\/v2\/media?parent=655"}],"curies":[{"name":"wp","href":"https:\/\/api.w.org\/{rel}","templated":true}]}}